{"id":15233,"date":"2023-04-03T14:39:45","date_gmt":"2023-04-03T12:39:45","guid":{"rendered":"https:\/\/hurricanefactory.com\/prague\/?page_id=15233"},"modified":"2026-01-13T14:11:33","modified_gmt":"2026-01-13T13:11:33","slug":"kariera","status":"publish","type":"page","link":"https:\/\/hurricanefactory.com\/prague\/kariera\/","title":{"rendered":"Kari\u00e9ra"},"content":{"rendered":"\t\t<div data-elementor-type=\"wp-page\" data-elementor-id=\"15233\" class=\"elementor elementor-15233\">\n\t\t\t\t\t\t\t\t\t<section class=\"elementor-section elementor-top-section elementor-element elementor-element-400d672c title elementor-section-height-min-height elementor-section-boxed elementor-section-height-default elementor-section-items-middle\" data-id=\"400d672c\" data-element_type=\"section\" data-settings=\"{&quot;background_background&quot;:&quot;classic&quot;}\">\n\t\t\t\t\t\t\t<div class=\"elementor-background-overlay\"><\/div>\n\t\t\t\t\t\t\t<div class=\"elementor-container elementor-column-gap-default\">\n\t\t\t\t\t<div class=\"elementor-column elementor-col-100 elementor-top-column elementor-element elementor-element-41c80f56\" data-id=\"41c80f56\" data-element_type=\"column\">\n\t\t\t<div class=\"elementor-widget-wrap elementor-element-populated\">\n\t\t\t\t\t\t\t\t<div class=\"elementor-element elementor-element-40942c8f elementor-widget elementor-widget-heading\" data-id=\"40942c8f\" data-element_type=\"widget\" data-widget_type=\"heading.default\">\n\t\t\t\t<div class=\"elementor-widget-container\">\n\t\t\t<h1 class=\"elementor-heading-title elementor-size-xxl\">KARI\u00c9RA<\/h1>\t\t<\/div>\n\t\t\t\t<\/div>\n\t\t\t\t<div class=\"elementor-element elementor-element-6fd74f3 elementor-hidden-phone elementor-widget elementor-widget-heading\" data-id=\"6fd74f3\" data-element_type=\"widget\" data-widget_type=\"heading.default\">\n\t\t\t\t<div class=\"elementor-widget-container\">\n\t\t\t<p class=\"elementor-heading-title elementor-size-medium\">Pokud hled\u00e1te nejen pr\u00e1ci, ale i z\u00e1bavu, jste na spr\u00e1vn\u00e9m m\u00edst\u011b!<br>\nHled\u00e1me nov\u00e9 kolegy, kte\u0159\u00ed se neboj\u00ed v\u00fdzev a r\u00e1di by se stali sou\u010d\u00e1st\u00ed t\u00fdmu.<\/p>\t\t<\/div>\n\t\t\t\t<\/div>\n\t\t\t\t\t<\/div>\n\t\t<\/div>\n\t\t\t\t\t\t\t<\/div>\n\t\t<\/section>\n\t\t\t\t<section class=\"elementor-section elementor-top-section elementor-element elementor-element-90251a8 elementor-section-boxed elementor-section-height-default elementor-section-height-default\" data-id=\"90251a8\" data-element_type=\"section\">\n\t\t\t\t\t\t<div class=\"elementor-container elementor-column-gap-default\">\n\t\t\t\t\t<div class=\"elementor-column elementor-col-100 elementor-top-column elementor-element elementor-element-5ac8486\" data-id=\"5ac8486\" data-element_type=\"column\">\n\t\t\t<div class=\"elementor-widget-wrap elementor-element-populated\">\n\t\t\t\t\t\t\t\t<div class=\"elementor-element elementor-element-d517243 elementor-widget elementor-widget-heading\" data-id=\"d517243\" data-element_type=\"widget\" data-widget_type=\"heading.default\">\n\t\t\t\t<div class=\"elementor-widget-container\">\n\t\t\t<h2 class=\"elementor-heading-title elementor-size-xl\">\u010c\u00ed\u0161n\u00edk\/serv\u00edrka<\/h2>\t\t<\/div>\n\t\t\t\t<\/div>\n\t\t\t\t<div class=\"elementor-element elementor-element-fad606e elementor-widget elementor-widget-spacer\" data-id=\"fad606e\" data-element_type=\"widget\" data-widget_type=\"spacer.default\">\n\t\t\t\t<div class=\"elementor-widget-container\">\n\t\t\t\t\t<div class=\"elementor-spacer\">\n\t\t\t<div class=\"elementor-spacer-inner\"><\/div>\n\t\t<\/div>\n\t\t\t\t<\/div>\n\t\t\t\t<\/div>\n\t\t\t\t<section class=\"elementor-section elementor-inner-section elementor-element elementor-element-d26309f elementor-section-boxed elementor-section-height-default elementor-section-height-default\" data-id=\"d26309f\" data-element_type=\"section\">\n\t\t\t\t\t\t<div class=\"elementor-container elementor-column-gap-default\">\n\t\t\t\t\t<div class=\"elementor-column elementor-col-50 elementor-inner-column elementor-element elementor-element-2ce9740\" data-id=\"2ce9740\" data-element_type=\"column\">\n\t\t\t<div class=\"elementor-widget-wrap elementor-element-populated\">\n\t\t\t\t\t\t\t\t<div class=\"elementor-element elementor-element-9bad90c elementor-widget elementor-widget-heading\" data-id=\"9bad90c\" data-element_type=\"widget\" data-widget_type=\"heading.default\">\n\t\t\t\t<div class=\"elementor-widget-container\">\n\t\t\t<h3 class=\"elementor-heading-title elementor-size-large\">Po\u017eadujeme<\/h3>\t\t<\/div>\n\t\t\t\t<\/div>\n\t\t\t\t<div class=\"elementor-element elementor-element-509fe1c elementor-widget elementor-widget-text-editor\" data-id=\"509fe1c\" data-element_type=\"widget\" data-widget_type=\"text-editor.default\">\n\t\t\t\t<div class=\"elementor-widget-container\">\n\t\t\t\t\t\t\t<ul><li>F\u00e9rovost<\/li><li>Dochvilnost<\/li><li>Spolehlivost<\/li><li>Komunikativnost<\/li><li>Smysl pro t\u00fdmovou pr\u00e1ci<\/li><li>Znalost \u010cJ a AJ<\/li><li>A hlavn\u011b chu\u0165 pracovat<\/li><\/ul><p>\u00a0<\/p><p>P\u0159edchoz\u00ed zku\u0161enosti jsou velkou v\u00fdhodou, ov\u0161em pokud bude ochota u\u010dit se, r\u00e1di za\u0161kol\u00edme.<\/p>\t\t\t\t\t\t<\/div>\n\t\t\t\t<\/div>\n\t\t\t\t\t<\/div>\n\t\t<\/div>\n\t\t\t\t<div class=\"elementor-column elementor-col-50 elementor-inner-column elementor-element elementor-element-f619467\" data-id=\"f619467\" data-element_type=\"column\">\n\t\t\t<div class=\"elementor-widget-wrap elementor-element-populated\">\n\t\t\t\t\t\t\t\t<div class=\"elementor-element elementor-element-fa93a2b elementor-widget elementor-widget-heading\" data-id=\"fa93a2b\" data-element_type=\"widget\" data-widget_type=\"heading.default\">\n\t\t\t\t<div class=\"elementor-widget-container\">\n\t\t\t<h3 class=\"elementor-heading-title elementor-size-large\">Nab\u00eddka<\/h3>\t\t<\/div>\n\t\t\t\t<\/div>\n\t\t\t\t<div class=\"elementor-element elementor-element-0e313c0 elementor-widget elementor-widget-text-editor\" data-id=\"0e313c0\" data-element_type=\"widget\" data-widget_type=\"text-editor.default\">\n\t\t\t\t<div class=\"elementor-widget-container\">\n\t\t\t\t\t\t\t<p>Nab\u00edz\u00edme stabiln\u00ed pr\u00e1ci. Prim\u00e1rn\u011b hled\u00e1me kolegy na HPP, ale um\u00edme nab\u00eddnout i zkr\u00e1cen\u00fd \u00favazek \u010di spolupr\u00e1ci ve form\u011b brig\u00e1d.<\/p><ul><li>Zam\u011bstn\u00e1n\u00ed na hlavn\u00ed pracovn\u00ed pom\u011br<\/li><li>Firemn\u00ed stravov\u00e1n\u00ed\u00a0 zdarma<\/li><li>Mo\u017enost multisport karty<\/li><li>25 dn\u00ed dovolen\u00e9<\/li><li>Zam\u011bstnaneck\u00e9 ceny na produkty Hurricane Factory<\/li><li>N\u00e1stup mo\u017en\u00fd ihned\/dohodou<\/li><\/ul><p>\u00a0<\/p><p>Mzdov\u00e9 ohodnocen\u00ed: 1800,- K\u010d\/den+tipy<\/p>\t\t\t\t\t\t<\/div>\n\t\t\t\t<\/div>\n\t\t\t\t\t<\/div>\n\t\t<\/div>\n\t\t\t\t\t\t\t<\/div>\n\t\t<\/section>\n\t\t\t\t<section class=\"elementor-section elementor-inner-section elementor-element elementor-element-d0b5704 elementor-section-boxed elementor-section-height-default elementor-section-height-default\" data-id=\"d0b5704\" data-element_type=\"section\">\n\t\t\t\t\t\t<div class=\"elementor-container elementor-column-gap-default\">\n\t\t\t\t\t<div class=\"elementor-column elementor-col-50 elementor-inner-column elementor-element elementor-element-269749f\" data-id=\"269749f\" data-element_type=\"column\">\n\t\t\t<div class=\"elementor-widget-wrap elementor-element-populated\">\n\t\t\t\t\t\t\t\t<div class=\"elementor-element elementor-element-1eae3dd elementor-widget elementor-widget-heading\" data-id=\"1eae3dd\" data-element_type=\"widget\" data-widget_type=\"heading.default\">\n\t\t\t\t<div class=\"elementor-widget-container\">\n\t\t\t<h3 class=\"elementor-heading-title elementor-size-large\">Pracovn\u00ed n\u00e1pl\u0148<\/h3>\t\t<\/div>\n\t\t\t\t<\/div>\n\t\t\t\t<div class=\"elementor-element elementor-element-6164b4b elementor-widget elementor-widget-text-editor\" data-id=\"6164b4b\" data-element_type=\"widget\" data-widget_type=\"text-editor.default\">\n\t\t\t\t<div class=\"elementor-widget-container\">\n\t\t\t\t\t\t\t<p>\u010cinnosti jsou r\u016fznorod\u00e9 \u2013 na\u0161imi hosty jsou sportovci, konference, ale i individu\u00e1ln\u00ed klientela. Tak\u00e9 k\u00a0n\u00e1m p\u0159ich\u00e1zej\u00ed rodiny s\u00a0d\u011btmi, kter\u00e9 vyu\u017e\u00edvaj\u00ed d\u011btsk\u00fd koutek. Prost\u0159ed\u00ed restaurace je modern\u00ed s\u00a0v\u00fdhledem do v\u011btrn\u00e9ho tunelu. Pr\u00e1ce je standardn\u011b v re\u017eimu kr\u00e1tk\u00fd-dlouh\u00fd t\u00fdden, ale um\u00edme se domluvit i na individu\u00e1ln\u00edm nastaven\u00ed, kter\u00e9 n\u00e1m bude vyhovovat ob\u011bma.<\/p>\t\t\t\t\t\t<\/div>\n\t\t\t\t<\/div>\n\t\t\t\t\t<\/div>\n\t\t<\/div>\n\t\t\t\t<div class=\"elementor-column elementor-col-50 elementor-inner-column elementor-element elementor-element-5312e45\" data-id=\"5312e45\" data-element_type=\"column\">\n\t\t\t<div class=\"elementor-widget-wrap elementor-element-populated\">\n\t\t\t\t\t\t\t\t<div class=\"elementor-element elementor-element-2f35ea3 elementor-widget elementor-widget-heading\" data-id=\"2f35ea3\" data-element_type=\"widget\" data-widget_type=\"heading.default\">\n\t\t\t\t<div class=\"elementor-widget-container\">\n\t\t\t<h3 class=\"elementor-heading-title elementor-size-large\">Kontakt<\/h3>\t\t<\/div>\n\t\t\t\t<\/div>\n\t\t\t\t<div class=\"elementor-element elementor-element-12d462d elementor-widget elementor-widget-text-editor\" data-id=\"12d462d\" data-element_type=\"widget\" data-widget_type=\"text-editor.default\">\n\t\t\t\t<div class=\"elementor-widget-container\">\n\t\t\t\t\t\t\t<p>\u017divotopis po\u0161li na <span style=\"color: #f6ab15;\"><a style=\"color: #f6ab15;\" href=\"mailto:&#108;.&#109;a&#108;k&#111;v&#97;&#64;h&#117;&#114;ri&#99;anef&#97;ctory&#46;&#99;&#111;&#109;\">&#108;.&#109;a&#108;k&#111;v&#97;&#64;h&#117;&#114;ri&#99;anef&#97;ctory&#46;&#99;&#111;&#109;<\/a><\/span><\/p><p>Lucie M\u00e1lkov\u00e1<br \/><span style=\"color: #f6ab15;\"><a style=\"color: #f6ab15;\" href=\"tel:724 113 222\">724 113 222<\/a><\/span><\/p>\t\t\t\t\t\t<\/div>\n\t\t\t\t<\/div>\n\t\t\t\t\t<\/div>\n\t\t<\/div>\n\t\t\t\t\t\t\t<\/div>\n\t\t<\/section>\n\t\t\t\t\t<\/div>\n\t\t<\/div>\n\t\t\t\t\t\t\t<\/div>\n\t\t<\/section>\n\t\t\t\t\t\t\t<\/div>\n\t\t","protected":false},"excerpt":{"rendered":"<p>KARI\u00c9RA Pokud hled\u00e1te nejen pr\u00e1ci, ale i z\u00e1bavu, jste na spr\u00e1vn\u00e9m m\u00edst\u011b! Hled\u00e1me nov\u00e9 kolegy, kte\u0159\u00ed se neboj\u00ed v\u00fdzev a r\u00e1di by se stali sou\u010d\u00e1st\u00ed t\u00fdmu. \u010c\u00ed\u0161n\u00edk\/serv\u00edrka Po\u017eadujeme F\u00e9rovost Dochvilnost Spolehlivost Komunikativnost Smysl pro t\u00fdmovou pr\u00e1ci Znalost \u010cJ a AJ A hlavn\u011b chu\u0165 pracovat \u00a0 P\u0159edchoz\u00ed zku\u0161enosti jsou velkou v\u00fdhodou, ov\u0161em pokud bude ochota u\u010dit [&hellip;]<\/p>\n","protected":false},"author":2,"featured_media":0,"parent":0,"menu_order":0,"comment_status":"closed","ping_status":"closed","template":"","meta":{"inline_featured_image":false,"footnotes":""},"yoast_head":"<!-- This site is optimized with the Yoast SEO plugin v20.13 - https:\/\/yoast.com\/wordpress\/plugins\/seo\/ -->\n<title>Kari\u00e9ra - Hurricane Factory Praha<\/title>\n<meta name=\"robots\" content=\"index, follow, max-snippet:-1, max-image-preview:large, max-video-preview:-1\" \/>\n<link rel=\"canonical\" href=\"https:\/\/hurricanefactory.com\/prague\/kariera\/\" \/>\n<meta property=\"og:locale\" content=\"cs_CZ\" \/>\n<meta property=\"og:type\" content=\"article\" \/>\n<meta property=\"og:title\" content=\"Kari\u00e9ra - Hurricane Factory Praha\" \/>\n<meta property=\"og:description\" content=\"KARI\u00c9RA Pokud hled\u00e1te nejen pr\u00e1ci, ale i z\u00e1bavu, jste na spr\u00e1vn\u00e9m m\u00edst\u011b! Hled\u00e1me nov\u00e9 kolegy, kte\u0159\u00ed se neboj\u00ed v\u00fdzev a r\u00e1di by se stali sou\u010d\u00e1st\u00ed t\u00fdmu. \u010c\u00ed\u0161n\u00edk\/serv\u00edrka Po\u017eadujeme F\u00e9rovost Dochvilnost Spolehlivost Komunikativnost Smysl pro t\u00fdmovou pr\u00e1ci Znalost \u010cJ a AJ A hlavn\u011b chu\u0165 pracovat \u00a0 P\u0159edchoz\u00ed zku\u0161enosti jsou velkou v\u00fdhodou, ov\u0161em pokud bude ochota u\u010dit [&hellip;]\" \/>\n<meta property=\"og:url\" content=\"https:\/\/hurricanefactory.com\/prague\/kariera\/\" \/>\n<meta property=\"og:site_name\" content=\"Hurricane Factory\" \/>\n<meta property=\"article:modified_time\" content=\"2026-01-13T13:11:33+00:00\" \/>\n<meta name=\"twitter:card\" content=\"summary_large_image\" \/>\n<meta name=\"twitter:label1\" content=\"Odhadovan\u00e1 doba \u010dten\u00ed\" \/>\n\t<meta name=\"twitter:data1\" content=\"1 minuta\" \/>\n<script type=\"application\/ld+json\" class=\"yoast-schema-graph\">{\"@context\":\"https:\/\/schema.org\",\"@graph\":[{\"@type\":\"WebPage\",\"@id\":\"https:\/\/hurricanefactory.com\/prague\/kariera\/\",\"url\":\"https:\/\/hurricanefactory.com\/prague\/kariera\/\",\"name\":\"Kari\u00e9ra - Hurricane Factory Praha\",\"isPartOf\":{\"@id\":\"https:\/\/hurricanefactory.com\/prague\/#website\"},\"datePublished\":\"2023-04-03T12:39:45+00:00\",\"dateModified\":\"2026-01-13T13:11:33+00:00\",\"breadcrumb\":{\"@id\":\"https:\/\/hurricanefactory.com\/prague\/kariera\/#breadcrumb\"},\"inLanguage\":\"cs\",\"potentialAction\":[{\"@type\":\"ReadAction\",\"target\":[\"https:\/\/hurricanefactory.com\/prague\/kariera\/\"]}]},{\"@type\":\"BreadcrumbList\",\"@id\":\"https:\/\/hurricanefactory.com\/prague\/kariera\/#breadcrumb\",\"itemListElement\":[{\"@type\":\"ListItem\",\"position\":1,\"name\":\"Home\",\"item\":\"https:\/\/hurricanefactory.com\/prague\/\"},{\"@type\":\"ListItem\",\"position\":2,\"name\":\"Kari\u00e9ra\"}]},{\"@type\":\"WebSite\",\"@id\":\"https:\/\/hurricanefactory.com\/prague\/#website\",\"url\":\"https:\/\/hurricanefactory.com\/prague\/\",\"name\":\"Hurricane Factory\",\"description\":\"Praha\",\"publisher\":{\"@id\":\"https:\/\/hurricanefactory.com\/prague\/#organization\"},\"potentialAction\":[{\"@type\":\"SearchAction\",\"target\":{\"@type\":\"EntryPoint\",\"urlTemplate\":\"https:\/\/hurricanefactory.com\/prague\/?s={search_term_string}\"},\"query-input\":\"required name=search_term_string\"}],\"inLanguage\":\"cs\"},{\"@type\":\"Organization\",\"@id\":\"https:\/\/hurricanefactory.com\/prague\/#organization\",\"name\":\"Hurricane Factory\",\"url\":\"https:\/\/hurricanefactory.com\/prague\/\",\"logo\":{\"@type\":\"ImageObject\",\"inLanguage\":\"cs\",\"@id\":\"https:\/\/hurricanefactory.com\/prague\/#\/schema\/logo\/image\/\",\"url\":\"https:\/\/hurricanefactory.com\/prague\/wp-content\/uploads\/2020\/01\/hf-logo-black-1.svg\",\"contentUrl\":\"https:\/\/hurricanefactory.com\/prague\/wp-content\/uploads\/2020\/01\/hf-logo-black-1.svg\",\"width\":343,\"height\":141,\"caption\":\"Hurricane Factory\"},\"image\":{\"@id\":\"https:\/\/hurricanefactory.com\/prague\/#\/schema\/logo\/image\/\"}}]}<\/script>\n<!-- \/ Yoast SEO plugin. -->","yoast_head_json":{"title":"Kari\u00e9ra - Hurricane Factory Praha","robots":{"index":"index","follow":"follow","max-snippet":"max-snippet:-1","max-image-preview":"max-image-preview:large","max-video-preview":"max-video-preview:-1"},"canonical":"https:\/\/hurricanefactory.com\/prague\/kariera\/","og_locale":"cs_CZ","og_type":"article","og_title":"Kari\u00e9ra - Hurricane Factory Praha","og_description":"KARI\u00c9RA Pokud hled\u00e1te nejen pr\u00e1ci, ale i z\u00e1bavu, jste na spr\u00e1vn\u00e9m m\u00edst\u011b! Hled\u00e1me nov\u00e9 kolegy, kte\u0159\u00ed se neboj\u00ed v\u00fdzev a r\u00e1di by se stali sou\u010d\u00e1st\u00ed t\u00fdmu. \u010c\u00ed\u0161n\u00edk\/serv\u00edrka Po\u017eadujeme F\u00e9rovost Dochvilnost Spolehlivost Komunikativnost Smysl pro t\u00fdmovou pr\u00e1ci Znalost \u010cJ a AJ A hlavn\u011b chu\u0165 pracovat \u00a0 P\u0159edchoz\u00ed zku\u0161enosti jsou velkou v\u00fdhodou, ov\u0161em pokud bude ochota u\u010dit [&hellip;]","og_url":"https:\/\/hurricanefactory.com\/prague\/kariera\/","og_site_name":"Hurricane Factory","article_modified_time":"2026-01-13T13:11:33+00:00","twitter_card":"summary_large_image","twitter_misc":{"Odhadovan\u00e1 doba \u010dten\u00ed":"1 minuta"},"schema":{"@context":"https:\/\/schema.org","@graph":[{"@type":"WebPage","@id":"https:\/\/hurricanefactory.com\/prague\/kariera\/","url":"https:\/\/hurricanefactory.com\/prague\/kariera\/","name":"Kari\u00e9ra - Hurricane Factory Praha","isPartOf":{"@id":"https:\/\/hurricanefactory.com\/prague\/#website"},"datePublished":"2023-04-03T12:39:45+00:00","dateModified":"2026-01-13T13:11:33+00:00","breadcrumb":{"@id":"https:\/\/hurricanefactory.com\/prague\/kariera\/#breadcrumb"},"inLanguage":"cs","potentialAction":[{"@type":"ReadAction","target":["https:\/\/hurricanefactory.com\/prague\/kariera\/"]}]},{"@type":"BreadcrumbList","@id":"https:\/\/hurricanefactory.com\/prague\/kariera\/#breadcrumb","itemListElement":[{"@type":"ListItem","position":1,"name":"Home","item":"https:\/\/hurricanefactory.com\/prague\/"},{"@type":"ListItem","position":2,"name":"Kari\u00e9ra"}]},{"@type":"WebSite","@id":"https:\/\/hurricanefactory.com\/prague\/#website","url":"https:\/\/hurricanefactory.com\/prague\/","name":"Hurricane Factory","description":"Praha","publisher":{"@id":"https:\/\/hurricanefactory.com\/prague\/#organization"},"potentialAction":[{"@type":"SearchAction","target":{"@type":"EntryPoint","urlTemplate":"https:\/\/hurricanefactory.com\/prague\/?s={search_term_string}"},"query-input":"required name=search_term_string"}],"inLanguage":"cs"},{"@type":"Organization","@id":"https:\/\/hurricanefactory.com\/prague\/#organization","name":"Hurricane Factory","url":"https:\/\/hurricanefactory.com\/prague\/","logo":{"@type":"ImageObject","inLanguage":"cs","@id":"https:\/\/hurricanefactory.com\/prague\/#\/schema\/logo\/image\/","url":"https:\/\/hurricanefactory.com\/prague\/wp-content\/uploads\/2020\/01\/hf-logo-black-1.svg","contentUrl":"https:\/\/hurricanefactory.com\/prague\/wp-content\/uploads\/2020\/01\/hf-logo-black-1.svg","width":343,"height":141,"caption":"Hurricane Factory"},"image":{"@id":"https:\/\/hurricanefactory.com\/prague\/#\/schema\/logo\/image\/"}}]}},"_links":{"self":[{"href":"https:\/\/hurricanefactory.com\/prague\/wp-json\/wp\/v2\/pages\/15233"}],"collection":[{"href":"https:\/\/hurricanefactory.com\/prague\/wp-json\/wp\/v2\/pages"}],"about":[{"href":"https:\/\/hurricanefactory.com\/prague\/wp-json\/wp\/v2\/types\/page"}],"author":[{"embeddable":true,"href":"https:\/\/hurricanefactory.com\/prague\/wp-json\/wp\/v2\/users\/2"}],"replies":[{"embeddable":true,"href":"https:\/\/hurricanefactory.com\/prague\/wp-json\/wp\/v2\/comments?post=15233"}],"version-history":[{"count":6,"href":"https:\/\/hurricanefactory.com\/prague\/wp-json\/wp\/v2\/pages\/15233\/revisions"}],"predecessor-version":[{"id":20231,"href":"https:\/\/hurricanefactory.com\/prague\/wp-json\/wp\/v2\/pages\/15233\/revisions\/20231"}],"wp:attachment":[{"href":"https:\/\/hurricanefactory.com\/prague\/wp-json\/wp\/v2\/media?parent=15233"}],"curies":[{"name":"wp","href":"https:\/\/api.w.org\/{rel}","templated":true}]}}