 









{"id":4513,"date":"2021-03-01T14:22:51","date_gmt":"2021-03-01T13:22:51","guid":{"rendered":"https:\/\/hfde.yes.sk\/?post_type=product&#038;p=4513"},"modified":"2025-04-28T13:12:37","modified_gmt":"2025-04-28T11:12:37","slug":"taifun","status":"publish","type":"product","link":"https:\/\/hurricanefactory.com\/berlin\/product\/taifun\/","title":{"rendered":"TAIFUN"},"content":{"rendered":"","protected":false},"excerpt":{"rendered":"<ul class=\"my-3\">\n<li style=\"text-align: center;\">MAXIMALER SPASS IM WIND<\/li>\n<li style=\"font-weight: 400; text-align: center;\"><span style=\"color: #ff0000;\"><b>INKLUSIVE GRATIS-GETR\u00c4NK<\/b><\/span><\/li>\n<li style=\"text-align: center;\">F\u00dcR 1 PERSON<\/li>\n<li style=\"text-align: center;\">6 FL\u00dcGE<\/li>\n<li style=\"font-weight: 400; text-align: center;\"><span style=\"color: #ff0000;\"><b>INKLUSIVE FLY UP<\/b><\/span><\/li>\n<li style=\"text-align: center;\">INKL. ANZUG, HELM UND BRILLE<\/li>\n<li style=\"text-align: center;\">GUTSCHEIN 1 JAHR G\u00dcLTIG<\/li>\n<\/ul>\n<p><!--more--><\/p>\n<p>Plane bitte insgesamt ca. 1,5 Stunden Zeit ein. Der Gutschein kann per E-Mail zum Selbstausdrucken oder per Post (+ 3 EUR) versendet werden. Der Flug kann nicht auf mehrere Personen oder Buchungen aufgeteilt werden. Bei k\u00f6rperlichen Einschr\u00e4nkungen nimm bitte vorher Kontakt mit uns auf.<\/p>\n<p>Dieses Flug-Erlebnis beinhaltet das HURRICANE FLY UP: Erlebe den gr\u00f6\u00dften deutschen Windkanal in seiner vollen Dimension: Fliege mit dem Instruktor bis in die obersten Regionen des Windkanals! Dabei hat dich der speziell daf\u00fcr ausgebildete Instruktor sicher im Griff &#8211; ein atemberaubendes Erlebnis von H\u00f6he und Geschwindigkeit &#8211; Adrenalin pur!<\/p>\n<p>Bitte beachte, dass den speziell f\u00fcr das HURRICANE FLY UP geschulten Instruktoren die individuelle Einsch\u00e4tzung und Entscheidung vorbehalten bleibt, ob das HURRICANE FLY UP durchgef\u00fchrt werden kann. Kann das HURRICANE FLY UP nicht erfolgen, findet im Rahmen der gebuchten Flugzeit das regul\u00e4re Fluggeschehen mit dem Instruktor statt.<\/p>\n","protected":false},"featured_media":24221,"template":"","meta":{"inline_featured_image":false},"_links":{"self":[{"href":"https:\/\/hurricanefactory.com\/berlin\/wp-json\/wp\/v2\/product\/4513"}],"collection":[{"href":"https:\/\/hurricanefactory.com\/berlin\/wp-json\/wp\/v2\/product"}],"about":[{"href":"https:\/\/hurricanefactory.com\/berlin\/wp-json\/wp\/v2\/types\/product"}],"version-history":[{"count":6,"href":"https:\/\/hurricanefactory.com\/berlin\/wp-json\/wp\/v2\/product\/4513\/revisions"}],"predecessor-version":[{"id":17321,"href":"https:\/\/hurricanefactory.com\/berlin\/wp-json\/wp\/v2\/product\/4513\/revisions\/17321"}],"wp:featuredmedia":[{"embeddable":true,"href":"https:\/\/hurricanefactory.com\/berlin\/wp-json\/wp\/v2\/media\/24221"}],"wp:attachment":[{"href":"https:\/\/hurricanefactory.com\/berlin\/wp-json\/wp\/v2\/media?parent=4513"}],"curies":[{"name":"wp","href":"https:\/\/api.w.org\/{rel}","templated":true}]}}