 









{"id":4491,"date":"2021-03-01T14:32:25","date_gmt":"2021-03-01T13:32:25","guid":{"rendered":"https:\/\/hfde.yes.sk\/?post_type=product&#038;p=4491"},"modified":"2025-01-10T13:58:19","modified_gmt":"2025-01-10T12:58:19","slug":"skystudent-advanced","status":"publish","type":"product","link":"https:\/\/hurricanefactory.com\/berlin\/product\/skystudent-advanced\/","title":{"rendered":"SKYSTUDENT ADVANCED"},"content":{"rendered":"","protected":false},"excerpt":{"rendered":"<p>&nbsp;<\/p>\n<ul>\n<li style=\"text-align: center;\">30 MIN TUNNEL INKL. COACH<\/li>\n<li style=\"text-align: center;\">LOW SPEED<\/li>\n<li style=\"text-align: center;\">AFF-EINSTIEGSKURS (LEVEL 1-7)<\/li>\n<li style=\"text-align: center;\">GUTSCHEIN 1 JAHR G\u00dcLTIG<\/li>\n<\/ul>\n<p><!--more--><\/p>\n<p>Du m\u00f6chtest Fallschirmspringen lernen? Unser SkyStudent-Advanced-Paket beginnt mit 10 Minuten im HF-Windtunnel mit einem erfahrenen Coach. Hier wirst Du optimal auf deinen Level-1-Sprung vorbereitet: Du lernst stabil auf dem Bauch zu fliegen und machst Aufzieh\u00fcbungen, sowie erste Drehungen und H\u00f6henwechsel. Weitere 20 Minuten kannst Du Dir nach Belieben einteilen. Dort kannst Du mit deinem Coach in Ruhe die n\u00e4chsten Level \u00fcben, mit Drehungen, H\u00f6henwechsel und Ann\u00e4herungen.<\/p>\n<p>Die AFF (Accelerated Freefall) Fallschirmausbildung bei TAKE OFF Fallschirmsport beginnt mit zwei Tagen Theoriekurs, nach denen Du schon beim ersten Mal aus 3.500 &#8211; 4.000m H\u00f6he springst, sicher begleitet und kontrolliert von deinen AFF-Lehrern. Die Ausbildung unterteilt sich in 7 Lernstufen, auch Level genannt. Bei jedem Sprung werden aufeinander aufbauende Freifallman\u00f6ver trainiert.<\/p>\n<p>Versand per E-Mail zum Selbstausdrucken oder per Post (+3\u20ac).<\/p>\n","protected":false},"featured_media":4050,"template":"","meta":{"inline_featured_image":false},"_links":{"self":[{"href":"https:\/\/hurricanefactory.com\/berlin\/wp-json\/wp\/v2\/product\/4491"}],"collection":[{"href":"https:\/\/hurricanefactory.com\/berlin\/wp-json\/wp\/v2\/product"}],"about":[{"href":"https:\/\/hurricanefactory.com\/berlin\/wp-json\/wp\/v2\/types\/product"}],"version-history":[{"count":6,"href":"https:\/\/hurricanefactory.com\/berlin\/wp-json\/wp\/v2\/product\/4491\/revisions"}],"predecessor-version":[{"id":14371,"href":"https:\/\/hurricanefactory.com\/berlin\/wp-json\/wp\/v2\/product\/4491\/revisions\/14371"}],"wp:featuredmedia":[{"embeddable":true,"href":"https:\/\/hurricanefactory.com\/berlin\/wp-json\/wp\/v2\/media\/4050"}],"wp:attachment":[{"href":"https:\/\/hurricanefactory.com\/berlin\/wp-json\/wp\/v2\/media?parent=4491"}],"curies":[{"name":"wp","href":"https:\/\/api.w.org\/{rel}","templated":true}]}}