 









{"id":9872,"date":"2022-01-31T16:52:31","date_gmt":"2022-01-31T15:52:31","guid":{"rendered":"https:\/\/hurricanefactory.com\/berlin\/?page_id=9872"},"modified":"2025-06-18T16:45:26","modified_gmt":"2025-06-18T14:45:26","slug":"event-kalender","status":"publish","type":"page","link":"https:\/\/hurricanefactory.com\/berlin\/event-kalender\/","title":{"rendered":"EVENT KALENDER"},"content":{"rendered":"\t\t<div data-elementor-type=\"wp-page\" data-elementor-id=\"9872\" class=\"elementor elementor-9872\" data-elementor-post-type=\"page\">\n\t\t\t\t\t\t\t\t\t<section class=\"elementor-section elementor-top-section elementor-element elementor-element-6ecd2342 title elementor-section-height-min-height elementor-section-boxed elementor-section-height-default elementor-section-items-middle\" data-id=\"6ecd2342\" data-element_type=\"section\" data-settings=\"{&quot;background_background&quot;:&quot;classic&quot;}\">\n\t\t\t\t\t\t\t<div class=\"elementor-background-overlay\"><\/div>\n\t\t\t\t\t\t\t<div class=\"elementor-container elementor-column-gap-default\">\n\t\t\t\t\t<div class=\"elementor-column elementor-col-100 elementor-top-column elementor-element elementor-element-f1c7487\" data-id=\"f1c7487\" data-element_type=\"column\">\n\t\t\t<div class=\"elementor-widget-wrap elementor-element-populated\">\n\t\t\t\t\t\t\t\t<div class=\"elementor-element elementor-element-1e78fbae elementor-widget elementor-widget-heading\" data-id=\"1e78fbae\" data-element_type=\"widget\" data-widget_type=\"heading.default\">\n\t\t\t\t<div class=\"elementor-widget-container\">\n\t\t\t<h1 class=\"elementor-heading-title elementor-size-xxl\">Event Kalender<\/h1>\t\t<\/div>\n\t\t\t\t<\/div>\n\t\t\t\t\t<\/div>\n\t\t<\/div>\n\t\t\t\t\t\t\t<\/div>\n\t\t<\/section>\n\t\t\t\t<section class=\"elementor-section elementor-top-section elementor-element elementor-element-62bb1f84 elementor-section-boxed elementor-section-height-default elementor-section-height-default\" data-id=\"62bb1f84\" data-element_type=\"section\">\n\t\t\t\t\t\t<div class=\"elementor-container elementor-column-gap-default\">\n\t\t\t\t\t<div class=\"elementor-column elementor-col-100 elementor-top-column elementor-element elementor-element-339b6547\" data-id=\"339b6547\" data-element_type=\"column\">\n\t\t\t<div class=\"elementor-widget-wrap elementor-element-populated\">\n\t\t\t\t\t\t\t\t<section class=\"elementor-section elementor-inner-section elementor-element elementor-element-22c9d267 elementor-section-full_width elementor-section-height-default elementor-section-height-default\" data-id=\"22c9d267\" data-element_type=\"section\">\n\t\t\t\t\t\t<div class=\"elementor-container elementor-column-gap-extended\">\n\t\t\t\t\t<div class=\"elementor-column elementor-col-100 elementor-inner-column elementor-element elementor-element-7ee4d373\" data-id=\"7ee4d373\" data-element_type=\"column\">\n\t\t\t<div class=\"elementor-widget-wrap elementor-element-populated\">\n\t\t\t\t\t\t\t\t<div class=\"elementor-element elementor-element-503cb892 elementor-widget elementor-widget-heading\" data-id=\"503cb892\" data-element_type=\"widget\" data-widget_type=\"heading.default\">\n\t\t\t\t<div class=\"elementor-widget-container\">\n\t\t\t<h2 class=\"elementor-heading-title elementor-size-default\">UNSERE INDOOR CAMPS<\/h2>\t\t<\/div>\n\t\t\t\t<\/div>\n\t\t\t\t<div class=\"elementor-element elementor-element-2196138a elementor-widget elementor-widget-spacer\" data-id=\"2196138a\" data-element_type=\"widget\" data-widget_type=\"spacer.default\">\n\t\t\t\t<div class=\"elementor-widget-container\">\n\t\t\t\t\t<div class=\"elementor-spacer\">\n\t\t\t<div class=\"elementor-spacer-inner\"><\/div>\n\t\t<\/div>\n\t\t\t\t<\/div>\n\t\t\t\t<\/div>\n\t\t\t\t<div class=\"elementor-element elementor-element-4b267330 elementor-widget elementor-widget-text-editor\" data-id=\"4b267330\" data-element_type=\"widget\" data-widget_type=\"text-editor.default\">\n\t\t\t\t<div class=\"elementor-widget-container\">\n\t\t\t\t\t\t\t<p><span style=\"color: #f5ab16;\"><strong>PRO FLYER<\/strong><\/span><br \/>Unter dem unten angegebenen Link findet ihr eine \u00dcbersicht der geplanten Pro Flyer Camps und Events f\u00fcr die kommende bzw. aktuelle Saison. Ansprechpartner f\u00fcr die Camps sind die jeweiligen Camp Organizer, den entsprechenden Kontakt leiten wir euch bei Interesse gerne weiter.<\/p><p><span style=\"text-decoration: underline; color: #f5ab16;\"><a target=\"_blank\" href=\"https:\/\/events.hauptstadt-windkanal.berlin\/Indoor2025-2026.pdf\" rel=\"noopener\">Download PDF HF Event Kalender<\/a><\/span><\/p><p>\u00a0<\/p><p><span style=\"color: #f5ab16;\"><strong>CAMP ORGANIZER<\/strong><\/span><br \/>Der HF Event Kalender dient als Planungsgrundlage f\u00fcr eure Termine und wird in regelm\u00e4\u00dfigen Abst\u00e4nden durch die Hurricane Factory Berlin aktualisiert. Bitte beachtet das im Dokument angegebene Erstellungsdatum und downloaded euch gegebenenfalls selbstst\u00e4ndig die jeweils aktuelle Version.<\/p><p>In der \u00dcbersicht sind neben bereits reservierten Camp-Terminen auch einige externe Pro Flyer Events angegeben. Die finale Buchung und Best\u00e4tigung von Camp-Terminen erfolgt per mail, sobald alle Organizer ihre Terminw\u00fcnsche abgegeben haben, und eventuell konkurrierende Termine gekl\u00e4rt sind.<\/p><p>\u00a0<\/p><p><strong>PRO FLYER Kontakt<\/strong><br \/>Marc Wegner: <span style=\"text-decoration: underline; color: #f5ab16;\"><a href=\"mailto:p&#114;o&#102;&#108;y&#101;r&#46;&#98;&#101;&#114;l&#105;n&#64;&#104;ur&#114;ican&#101;f&#97;&#99;&#116;or&#121;&#46;com\">p&#114;o&#102;&#108;y&#101;r&#46;&#98;&#101;&#114;l&#105;n&#64;&#104;ur&#114;ican&#101;f&#97;&#99;&#116;or&#121;&#46;com<\/a><\/span> oder <span style=\"text-decoration: underline; color: #f5ab16;\"><a href=\"tel:033793217381\">03379 3217381<\/a><\/span><\/p>\t\t\t\t\t\t<\/div>\n\t\t\t\t<\/div>\n\t\t\t\t\t<\/div>\n\t\t<\/div>\n\t\t\t\t\t\t\t<\/div>\n\t\t<\/section>\n\t\t\t\t\t<\/div>\n\t\t<\/div>\n\t\t\t\t\t\t\t<\/div>\n\t\t<\/section>\n\t\t\t\t<section class=\"elementor-section elementor-top-section elementor-element elementor-element-a4f403b elementor-section-boxed elementor-section-height-default elementor-section-height-default\" data-id=\"a4f403b\" data-element_type=\"section\">\n\t\t\t\t\t\t<div class=\"elementor-container elementor-column-gap-default\">\n\t\t\t\t\t<div class=\"elementor-column elementor-col-100 elementor-top-column elementor-element elementor-element-1ff870b\" data-id=\"1ff870b\" data-element_type=\"column\">\n\t\t\t<div class=\"elementor-widget-wrap elementor-element-populated\">\n\t\t\t\t\t\t\t\t<section class=\"elementor-section elementor-inner-section elementor-element elementor-element-14dd455 elementor-section-full_width elementor-section-height-default elementor-section-height-default\" data-id=\"14dd455\" data-element_type=\"section\">\n\t\t\t\t\t\t<div class=\"elementor-container elementor-column-gap-extended\">\n\t\t\t\t\t<div class=\"elementor-column elementor-col-50 elementor-inner-column elementor-element elementor-element-6a2e40c\" data-id=\"6a2e40c\" data-element_type=\"column\">\n\t\t\t<div class=\"elementor-widget-wrap elementor-element-populated\">\n\t\t\t\t\t\t\t\t<div class=\"elementor-element elementor-element-6b9a562 elementor-widget elementor-widget-heading\" data-id=\"6b9a562\" data-element_type=\"widget\" data-widget_type=\"heading.default\">\n\t\t\t\t<div class=\"elementor-widget-container\">\n\t\t\t<h2 class=\"elementor-heading-title elementor-size-default\">SHARE CAMPS<\/h2>\t\t<\/div>\n\t\t\t\t<\/div>\n\t\t\t\t<div class=\"elementor-element elementor-element-40370a8 elementor-widget elementor-widget-spacer\" data-id=\"40370a8\" data-element_type=\"widget\" data-widget_type=\"spacer.default\">\n\t\t\t\t<div class=\"elementor-widget-container\">\n\t\t\t\t\t<div class=\"elementor-spacer\">\n\t\t\t<div class=\"elementor-spacer-inner\"><\/div>\n\t\t<\/div>\n\t\t\t\t<\/div>\n\t\t\t\t<\/div>\n\t\t\t\t<div class=\"elementor-element elementor-element-e43e839 elementor-widget elementor-widget-text-editor\" data-id=\"e43e839\" data-element_type=\"widget\" data-widget_type=\"text-editor.default\">\n\t\t\t\t<div class=\"elementor-widget-container\">\n\t\t\t\t\t\t\tWir sind die <strong>LadyBirdz<\/strong> \u2013 eine Gruppe passionierter Sportlerinnen aus den Bereichen Fallschirmsprung und Indoor Skydiving. Mit dem Ziel Frauen im Sport zu f\u00f6rdern, veranstalten wir regelm\u00e4\u00dfig Skydiving Events im Windkanal und auf der Dropzone.\n\nEinmal monatlich treffen  wir uns zum gemeinsamen Fliegen in der Hurricane Factory Berlin. Du f\u00fchlst dich angesprochen? Dann werde Teil der Community! Alle Level sind willkommen, vorausgesetzt du kannst sicher in einer Gruppe im Windkanal fliegen.\n\nWann? Einmal im Monat \u2013 mittwochs ab ca. 18 Uhr (aktuelles Datum und Uhrzeit bitte erfragen).\n\nAnmeldungen via E-Mail an <span style=\"text-decoration: underline;\"><span style=\"color: #f5ab16; text-decoration: underline;\"><a href=\"mailto:l&#97;dy&#98;&#105;rdz&#46;&#98;&#101;&#114;&#108;i&#110;&#64;&#103;m&#97;il.&#99;&#111;&#109;\">l&#97;dy&#98;&#105;rdz&#46;&#98;&#101;&#114;&#108;i&#110;&#64;&#103;m&#97;il.&#99;&#111;&#109;<\/a><\/span><\/span> oder Instagram <span style=\"text-decoration: underline; color: #f5ab16;\"><a target=\"_blank\" href=\"https:\/\/www.instagram.com\/ladybirdz.berlin\/\" rel=\"noopener\">ladybirdz.berlin<\/a><\/span>.\t\t\t\t\t\t<\/div>\n\t\t\t\t<\/div>\n\t\t\t\t\t<\/div>\n\t\t<\/div>\n\t\t\t\t<div class=\"elementor-column elementor-col-50 elementor-inner-column elementor-element elementor-element-6b86241\" data-id=\"6b86241\" data-element_type=\"column\">\n\t\t\t<div class=\"elementor-widget-wrap elementor-element-populated\">\n\t\t\t\t\t\t\t\t<div class=\"elementor-element elementor-element-2dcc401 elementor-widget elementor-widget-image\" data-id=\"2dcc401\" data-element_type=\"widget\" data-widget_type=\"image.default\">\n\t\t\t\t<div class=\"elementor-widget-container\">\n\t\t\t\t\t\t\t\t\t\t\t\t\t\t\t<img decoding=\"async\" loading=\"lazy\" width=\"800\" height=\"600\" src=\"https:\/\/hurricanefactory.com\/berlin\/wp-content\/uploads\/2025\/04\/LadyBirdz-800.jpg\" class=\"attachment-large size-large wp-image-29806\" alt=\"\" srcset=\"https:\/\/hurricanefactory.com\/berlin\/wp-content\/uploads\/2025\/04\/LadyBirdz-800.jpg 800w, https:\/\/hurricanefactory.com\/berlin\/wp-content\/uploads\/2025\/04\/LadyBirdz-800-300x225.jpg 300w, https:\/\/hurricanefactory.com\/berlin\/wp-content\/uploads\/2025\/04\/LadyBirdz-800-768x576.jpg 768w, https:\/\/hurricanefactory.com\/berlin\/wp-content\/uploads\/2025\/04\/LadyBirdz-800-290x218.jpg 290w, https:\/\/hurricanefactory.com\/berlin\/wp-content\/uploads\/2025\/04\/LadyBirdz-800-600x450.jpg 600w\" sizes=\"(max-width: 800px) 100vw, 800px\" \/>\t\t\t\t\t\t\t\t\t\t\t\t\t\t\t<\/div>\n\t\t\t\t<\/div>\n\t\t\t\t\t<\/div>\n\t\t<\/div>\n\t\t\t\t\t\t\t<\/div>\n\t\t<\/section>\n\t\t\t\t\t<\/div>\n\t\t<\/div>\n\t\t\t\t\t\t\t<\/div>\n\t\t<\/section>\n\t\t\t\t\t\t\t<\/div>\n\t\t","protected":false},"excerpt":{"rendered":"<p>Event Kalender UNSERE INDOOR CAMPS PRO FLYER Unter dem unten angegebenen Link findet ihr eine \u00dcbersicht der geplanten Pro Flyer Camps und Events f\u00fcr die kommende bzw. aktuelle Saison. Ansprechpartner f\u00fcr die Camps sind die jeweiligen Camp Organizer, den entsprechenden Kontakt leiten wir euch bei Interesse gerne weiter. Download PDF HF Event Kalender CAMP ORGANIZER [&hellip;]<\/p>\n","protected":false},"author":2,"featured_media":0,"parent":0,"menu_order":0,"comment_status":"closed","ping_status":"closed","template":"","meta":{"inline_featured_image":false,"footnotes":""},"_links":{"self":[{"href":"https:\/\/hurricanefactory.com\/berlin\/wp-json\/wp\/v2\/pages\/9872"}],"collection":[{"href":"https:\/\/hurricanefactory.com\/berlin\/wp-json\/wp\/v2\/pages"}],"about":[{"href":"https:\/\/hurricanefactory.com\/berlin\/wp-json\/wp\/v2\/types\/page"}],"author":[{"embeddable":true,"href":"https:\/\/hurricanefactory.com\/berlin\/wp-json\/wp\/v2\/users\/2"}],"replies":[{"embeddable":true,"href":"https:\/\/hurricanefactory.com\/berlin\/wp-json\/wp\/v2\/comments?post=9872"}],"version-history":[{"count":6,"href":"https:\/\/hurricanefactory.com\/berlin\/wp-json\/wp\/v2\/pages\/9872\/revisions"}],"predecessor-version":[{"id":31115,"href":"https:\/\/hurricanefactory.com\/berlin\/wp-json\/wp\/v2\/pages\/9872\/revisions\/31115"}],"wp:attachment":[{"href":"https:\/\/hurricanefactory.com\/berlin\/wp-json\/wp\/v2\/media?parent=9872"}],"curies":[{"name":"wp","href":"https:\/\/api.w.org\/{rel}","templated":true}]}}