 









{"id":7414,"date":"2021-10-01T14:59:26","date_gmt":"2021-10-01T12:59:26","guid":{"rendered":"https:\/\/hurricanefactory.com\/berlin\/?page_id=7414"},"modified":"2026-03-25T16:13:57","modified_gmt":"2026-03-25T15:13:57","slug":"kontakt","status":"publish","type":"page","link":"https:\/\/hurricanefactory.com\/berlin\/kontakt\/","title":{"rendered":"KONTAKT"},"content":{"rendered":"\t\t<div data-elementor-type=\"wp-page\" data-elementor-id=\"7414\" class=\"elementor elementor-7414\" data-elementor-post-type=\"page\">\n\t\t\t\t\t\t\t\t\t<section class=\"elementor-section elementor-top-section elementor-element elementor-element-17ba256e title elementor-section-height-min-height elementor-section-items-bottom elementor-section-content-bottom elementor-section-full_width elementor-section-height-default\" data-id=\"17ba256e\" data-element_type=\"section\" data-settings=\"{&quot;background_background&quot;:&quot;classic&quot;}\">\n\t\t\t\t\t\t<div class=\"elementor-container elementor-column-gap-default\">\n\t\t\t\t\t<div class=\"elementor-column elementor-col-100 elementor-top-column elementor-element elementor-element-5d0ff420\" data-id=\"5d0ff420\" data-element_type=\"column\">\n\t\t\t<div class=\"elementor-widget-wrap elementor-element-populated\">\n\t\t\t\t\t\t\t\t<div class=\"elementor-element elementor-element-8196fd2 elementor-widget elementor-widget-google_maps\" data-id=\"8196fd2\" data-element_type=\"widget\" data-widget_type=\"google_maps.default\">\n\t\t\t\t<div class=\"elementor-widget-container\">\n\t\t\t\t\t<div class=\"elementor-custom-embed\">\n\t\t\t<iframe loading=\"lazy\"\n\t\t\t\t\tsrc=\"https:\/\/maps.google.com\/maps?q=hurricane%20factory%20berlin&#038;t=m&#038;z=11&#038;output=embed&#038;iwloc=near\"\n\t\t\t\t\ttitle=\"hurricane factory berlin\"\n\t\t\t\t\taria-label=\"hurricane factory berlin\"\n\t\t\t><\/iframe>\n\t\t<\/div>\n\t\t\t\t<\/div>\n\t\t\t\t<\/div>\n\t\t\t\t\t<\/div>\n\t\t<\/div>\n\t\t\t\t\t\t\t<\/div>\n\t\t<\/section>\n\t\t\t\t<section class=\"elementor-section elementor-top-section elementor-element elementor-element-4a7a3ef7 elementor-section-full_width elementor-section-height-default elementor-section-height-default\" data-id=\"4a7a3ef7\" data-element_type=\"section\">\n\t\t\t\t\t\t<div class=\"elementor-container elementor-column-gap-default\">\n\t\t\t\t\t<div class=\"elementor-column elementor-col-100 elementor-top-column elementor-element elementor-element-1d4e1bb8\" data-id=\"1d4e1bb8\" data-element_type=\"column\">\n\t\t\t<div class=\"elementor-widget-wrap elementor-element-populated\">\n\t\t\t\t\t\t\t\t<div class=\"elementor-element elementor-element-53ded7be elementor-widget elementor-widget-image\" data-id=\"53ded7be\" data-element_type=\"widget\" data-widget_type=\"image.default\">\n\t\t\t\t<div class=\"elementor-widget-container\">\n\t\t\t\t\t\t\t\t\t\t\t\t\t\t\t<img decoding=\"async\" loading=\"lazy\" width=\"2713\" height=\"71\" src=\"https:\/\/hurricanefactory.com\/berlin\/wp-content\/uploads\/2021\/09\/0-stripe-bottom-header-video-image-cropped.png\" class=\"attachment-full size-full wp-image-6773\" alt=\"\" srcset=\"https:\/\/hurricanefactory.com\/berlin\/wp-content\/uploads\/2021\/09\/0-stripe-bottom-header-video-image-cropped.png 2713w, https:\/\/hurricanefactory.com\/berlin\/wp-content\/uploads\/2021\/09\/0-stripe-bottom-header-video-image-cropped-300x8.png 300w, https:\/\/hurricanefactory.com\/berlin\/wp-content\/uploads\/2021\/09\/0-stripe-bottom-header-video-image-cropped-1024x27.png 1024w, https:\/\/hurricanefactory.com\/berlin\/wp-content\/uploads\/2021\/09\/0-stripe-bottom-header-video-image-cropped-768x20.png 768w, https:\/\/hurricanefactory.com\/berlin\/wp-content\/uploads\/2021\/09\/0-stripe-bottom-header-video-image-cropped-1536x40.png 1536w, https:\/\/hurricanefactory.com\/berlin\/wp-content\/uploads\/2021\/09\/0-stripe-bottom-header-video-image-cropped-2048x54.png 2048w, https:\/\/hurricanefactory.com\/berlin\/wp-content\/uploads\/2021\/09\/0-stripe-bottom-header-video-image-cropped-290x8.png 290w, https:\/\/hurricanefactory.com\/berlin\/wp-content\/uploads\/2021\/09\/0-stripe-bottom-header-video-image-cropped-600x16.png 600w\" sizes=\"(max-width: 2713px) 100vw, 2713px\" \/>\t\t\t\t\t\t\t\t\t\t\t\t\t\t\t<\/div>\n\t\t\t\t<\/div>\n\t\t\t\t\t<\/div>\n\t\t<\/div>\n\t\t\t\t\t\t\t<\/div>\n\t\t<\/section>\n\t\t\t\t<section class=\"elementor-section elementor-top-section elementor-element elementor-element-353a4b74 elementor-section-boxed elementor-section-height-default elementor-section-height-default\" data-id=\"353a4b74\" data-element_type=\"section\">\n\t\t\t\t\t\t<div class=\"elementor-container elementor-column-gap-default\">\n\t\t\t\t\t<div class=\"elementor-column elementor-col-100 elementor-top-column elementor-element elementor-element-6a9460d2\" data-id=\"6a9460d2\" data-element_type=\"column\">\n\t\t\t<div class=\"elementor-widget-wrap elementor-element-populated\">\n\t\t\t\t\t\t\t\t<div class=\"elementor-element elementor-element-1c2ae75 elementor-widget elementor-widget-heading\" data-id=\"1c2ae75\" data-element_type=\"widget\" data-widget_type=\"heading.default\">\n\t\t\t\t<div class=\"elementor-widget-container\">\n\t\t\t<h1 class=\"elementor-heading-title elementor-size-default\">ALLGEMEINER KONTAKT<\/h1>\t\t<\/div>\n\t\t\t\t<\/div>\n\t\t\t\t<div class=\"elementor-element elementor-element-5181058e elementor-widget elementor-widget-text-editor\" data-id=\"5181058e\" data-element_type=\"widget\" data-widget_type=\"text-editor.default\">\n\t\t\t\t<div class=\"elementor-widget-container\">\n\t\t\t\t\t\t\t<p><span style=\"color: #f6ab15;\"><strong>Rezeption<\/strong><\/span><br \/>E-mail: <strong><span style=\"text-decoration: underline;\"><a href=\"mailto:b&#101;rlin&#64;&#104;ur&#114;&#105;&#99;&#97;&#110;&#101;&#102;a&#99;t&#111;&#114;y&#46;com\">b&#101;rlin&#64;&#104;ur&#114;&#105;&#99;&#97;&#110;&#101;&#102;a&#99;t&#111;&#114;y&#46;com<\/a><\/span><\/strong><br \/>Telefon: <strong><a href=\"tel:+49 03379 3217380\">03379 3217380<\/a><\/strong><\/p>\t\t\t\t\t\t<\/div>\n\t\t\t\t<\/div>\n\t\t\t\t\t<\/div>\n\t\t<\/div>\n\t\t\t\t\t\t\t<\/div>\n\t\t<\/section>\n\t\t\t\t<section class=\"elementor-section elementor-top-section elementor-element elementor-element-7eaeed0 elementor-section-boxed elementor-section-height-default elementor-section-height-default\" data-id=\"7eaeed0\" data-element_type=\"section\">\n\t\t\t\t\t\t<div class=\"elementor-container elementor-column-gap-default\">\n\t\t\t\t\t<div class=\"elementor-column elementor-col-100 elementor-top-column elementor-element elementor-element-22d9c5c\" data-id=\"22d9c5c\" data-element_type=\"column\">\n\t\t\t<div class=\"elementor-widget-wrap elementor-element-populated\">\n\t\t\t\t\t\t\t\t<div class=\"elementor-element elementor-element-a06b39a elementor-widget elementor-widget-menu-anchor\" data-id=\"a06b39a\" data-element_type=\"widget\" data-widget_type=\"menu-anchor.default\">\n\t\t\t\t<div class=\"elementor-widget-container\">\n\t\t\t\t\t<div id=\"new-opening-time\" class=\"elementor-menu-anchor\"><\/div>\n\t\t\t\t<\/div>\n\t\t\t\t<\/div>\n\t\t\t\t<div class=\"elementor-element elementor-element-805b71c elementor-widget elementor-widget-heading\" data-id=\"805b71c\" data-element_type=\"widget\" data-widget_type=\"heading.default\">\n\t\t\t\t<div class=\"elementor-widget-container\">\n\t\t\t<h2 class=\"elementor-heading-title elementor-size-default\">ANSCHRIFT<\/h2>\t\t<\/div>\n\t\t\t\t<\/div>\n\t\t\t\t<div class=\"elementor-element elementor-element-2785c8e elementor-widget elementor-widget-text-editor\" data-id=\"2785c8e\" data-element_type=\"widget\" data-widget_type=\"text-editor.default\">\n\t\t\t\t<div class=\"elementor-widget-container\">\n\t\t\t\t\t\t\t<p>Hauptstadt-Windkanal GmbH<br \/>Wassmannsdorfer Allee 3<br \/>D-12529 Sch\u00f6nefeld<\/p><p><span style=\"color: #f6ab15;\"><strong>GPS:<\/strong><\/span> 52.36865 13.46777<\/p>\t\t\t\t\t\t<\/div>\n\t\t\t\t<\/div>\n\t\t\t\t\t<\/div>\n\t\t<\/div>\n\t\t\t\t\t\t\t<\/div>\n\t\t<\/section>\n\t\t\t\t<section class=\"elementor-section elementor-top-section elementor-element elementor-element-aee3eae elementor-section-boxed elementor-section-height-default elementor-section-height-default\" data-id=\"aee3eae\" data-element_type=\"section\">\n\t\t\t\t\t\t<div class=\"elementor-container elementor-column-gap-default\">\n\t\t\t\t\t<div class=\"elementor-column elementor-col-100 elementor-top-column elementor-element elementor-element-e47994c\" data-id=\"e47994c\" data-element_type=\"column\">\n\t\t\t<div class=\"elementor-widget-wrap elementor-element-populated\">\n\t\t\t\t\t\t\t\t<div class=\"elementor-element elementor-element-9832cfa elementor-widget elementor-widget-heading\" data-id=\"9832cfa\" data-element_type=\"widget\" data-widget_type=\"heading.default\">\n\t\t\t\t<div class=\"elementor-widget-container\">\n\t\t\t<h3 class=\"elementor-heading-title elementor-size-default\">\u00d6FFNUNGSZEITEN UND ERREICHBARKEIT<\/h3>\t\t<\/div>\n\t\t\t\t<\/div>\n\t\t\t\t<div class=\"elementor-element elementor-element-a6c9b35 elementor-widget elementor-widget-text-editor\" data-id=\"a6c9b35\" data-element_type=\"widget\" data-widget_type=\"text-editor.default\">\n\t\t\t\t<div class=\"elementor-widget-container\">\n\t\t\t\t\t\t\t<h5>F\u00fcr Terminbuchungen und Fragen sind wir\u00a0<b>T\u00c4GLICH<\/b>\u00a0von 10\u201316 Uhr telefonisch und per E-Mail erreichbar.<\/h5>\t\t\t\t\t\t<\/div>\n\t\t\t\t<\/div>\n\t\t\t\t\t<\/div>\n\t\t<\/div>\n\t\t\t\t\t\t\t<\/div>\n\t\t<\/section>\n\t\t\t\t<section class=\"elementor-section elementor-top-section elementor-element elementor-element-2be483b elementor-section-boxed elementor-section-height-default elementor-section-height-default\" data-id=\"2be483b\" data-element_type=\"section\">\n\t\t\t\t\t\t<div class=\"elementor-container elementor-column-gap-default\">\n\t\t\t\t\t<div class=\"elementor-column elementor-col-100 elementor-top-column elementor-element elementor-element-b5bdbe5\" data-id=\"b5bdbe5\" data-element_type=\"column\">\n\t\t\t<div class=\"elementor-widget-wrap elementor-element-populated\">\n\t\t\t\t\t\t\t\t<div class=\"elementor-element elementor-element-1b2d18f elementor-widget elementor-widget-heading\" data-id=\"1b2d18f\" data-element_type=\"widget\" data-widget_type=\"heading.default\">\n\t\t\t\t<div class=\"elementor-widget-container\">\n\t\t\t<h4 class=\"elementor-heading-title elementor-size-default\">SONDER\u00d6FFNUNGSZEITEN OSTERFERIEN <br>\n<span style=\"color: red;\">28.03.\u201312.04.2026<\/span><\/h4>\t\t<\/div>\n\t\t\t\t<\/div>\n\t\t\t\t<section class=\"elementor-section elementor-inner-section elementor-element elementor-element-0cf8219 elementor-section-boxed elementor-section-height-default elementor-section-height-default\" data-id=\"0cf8219\" data-element_type=\"section\">\n\t\t\t\t\t\t<div class=\"elementor-container elementor-column-gap-default\">\n\t\t\t\t\t<div class=\"elementor-column elementor-col-50 elementor-inner-column elementor-element elementor-element-45cb08c\" data-id=\"45cb08c\" data-element_type=\"column\">\n\t\t\t<div class=\"elementor-widget-wrap elementor-element-populated\">\n\t\t\t\t\t\t\t\t<div class=\"elementor-element elementor-element-6e53d84 elementor-widget elementor-widget-text-editor\" data-id=\"6e53d84\" data-element_type=\"widget\" data-widget_type=\"text-editor.default\">\n\t\t\t\t<div class=\"elementor-widget-container\">\n\t\t\t\t\t\t\t<p><span style=\"color: #f6ab15;\"><strong>1.4. Mittwoch<br \/><\/strong><\/span><span style=\"color: #f6ab15;\"><strong>2.4. Donnerstag<br \/><\/strong><\/span><span style=\"color: #f6ab15;\"><strong>3.4. Karfreitag:<br \/>4.4. Ostersamstag:<br \/>5.4. Ostersonntag:\u00a0 <br \/>6.4. Ostermontag:\u00a0 <br \/><span style=\"color: #ff0000;\">7.4. Dienstag:<\/span><br \/>8.4. Mittwoch:<br \/>9.4. Donnerstag:<br \/>10.4. Freitag:<br \/>11.4. Samstag:<br \/>12.4. Sonntag:<br \/><\/strong><\/span><\/p>\t\t\t\t\t\t<\/div>\n\t\t\t\t<\/div>\n\t\t\t\t\t<\/div>\n\t\t<\/div>\n\t\t\t\t<div class=\"elementor-column elementor-col-50 elementor-inner-column elementor-element elementor-element-41c242d\" data-id=\"41c242d\" data-element_type=\"column\">\n\t\t\t<div class=\"elementor-widget-wrap elementor-element-populated\">\n\t\t\t\t\t\t\t\t<div class=\"elementor-element elementor-element-f19d07b elementor-widget__width-initial elementor-widget elementor-widget-text-editor\" data-id=\"f19d07b\" data-element_type=\"widget\" data-widget_type=\"text-editor.default\">\n\t\t\t\t<div class=\"elementor-widget-container\">\n\t\t\t\t\t\t\t<p>12 \u2013 18 Uhr<br \/>12 \u2013 18 Uhr<br \/>12 \u2013 18 Uhr<br \/>10 &#8211; 18 Uhr<br \/>10 &#8211; 18 Uhr<br \/>12 \u2013 18 Uhr<br \/><strong><span style=\"color: #ff0000;\">geschlossen<\/span><\/strong><br \/>12 \u2013 18 Uhr<br \/>12 \u2013 18 Uhr<br \/>12 \u2013 18 Uhr<br \/>10 \u2013 18 Uhr<br \/>10 \u2013 18 Uhr<\/p>\t\t\t\t\t\t<\/div>\n\t\t\t\t<\/div>\n\t\t\t\t\t<\/div>\n\t\t<\/div>\n\t\t\t\t\t\t\t<\/div>\n\t\t<\/section>\n\t\t\t\t\t<\/div>\n\t\t<\/div>\n\t\t\t\t\t\t\t<\/div>\n\t\t<\/section>\n\t\t\t\t<section class=\"elementor-section elementor-top-section elementor-element elementor-element-c8db9cc elementor-section-boxed elementor-section-height-default elementor-section-height-default\" data-id=\"c8db9cc\" data-element_type=\"section\">\n\t\t\t\t\t\t<div class=\"elementor-container elementor-column-gap-default\">\n\t\t\t\t\t<div class=\"elementor-column elementor-col-100 elementor-top-column elementor-element elementor-element-d3641bb\" data-id=\"d3641bb\" data-element_type=\"column\">\n\t\t\t<div class=\"elementor-widget-wrap elementor-element-populated\">\n\t\t\t\t\t\t\t\t<div class=\"elementor-element elementor-element-02a711f elementor-widget elementor-widget-heading\" data-id=\"02a711f\" data-element_type=\"widget\" data-widget_type=\"heading.default\">\n\t\t\t\t<div class=\"elementor-widget-container\">\n\t\t\t<h4 class=\"elementor-heading-title elementor-size-default\">\u00d6FFNUNGSZEITEN<\/h4>\t\t<\/div>\n\t\t\t\t<\/div>\n\t\t\t\t<section class=\"elementor-section elementor-inner-section elementor-element elementor-element-9fb4992 elementor-section-boxed elementor-section-height-default elementor-section-height-default\" data-id=\"9fb4992\" data-element_type=\"section\">\n\t\t\t\t\t\t<div class=\"elementor-container elementor-column-gap-default\">\n\t\t\t\t\t<div class=\"elementor-column elementor-col-50 elementor-inner-column elementor-element elementor-element-26dcdae\" data-id=\"26dcdae\" data-element_type=\"column\">\n\t\t\t<div class=\"elementor-widget-wrap elementor-element-populated\">\n\t\t\t\t\t\t\t\t<div class=\"elementor-element elementor-element-da65c5b elementor-widget elementor-widget-text-editor\" data-id=\"da65c5b\" data-element_type=\"widget\" data-widget_type=\"text-editor.default\">\n\t\t\t\t<div class=\"elementor-widget-container\">\n\t\t\t\t\t\t\t<p><span style=\"color: #f6ab15;\"><strong>Montag:<\/strong><\/span><br \/><span style=\"color: #f6ab15;\"><strong>Dienstag:<\/strong><\/span><br \/><span style=\"color: #f6ab15;\"><strong>Mittwoch:<\/strong><\/span><br \/><span style=\"color: #f6ab15;\"><strong>Donnerstag:<\/strong><\/span><br \/><span style=\"color: #f6ab15;\"><strong>Freitag:<\/strong><\/span><br \/><span style=\"color: #f6ab15;\"><strong>Samstag:<\/strong><\/span><br \/><span style=\"color: #f6ab15;\"><strong>Sonntag:<\/strong><\/span><\/p>\t\t\t\t\t\t<\/div>\n\t\t\t\t<\/div>\n\t\t\t\t\t<\/div>\n\t\t<\/div>\n\t\t\t\t<div class=\"elementor-column elementor-col-50 elementor-inner-column elementor-element elementor-element-8f3dffd\" data-id=\"8f3dffd\" data-element_type=\"column\">\n\t\t\t<div class=\"elementor-widget-wrap elementor-element-populated\">\n\t\t\t\t\t\t\t\t<div class=\"elementor-element elementor-element-13e287c elementor-widget elementor-widget-text-editor\" data-id=\"13e287c\" data-element_type=\"widget\" data-widget_type=\"text-editor.default\">\n\t\t\t\t<div class=\"elementor-widget-container\">\n\t\t\t\t\t\t\t<p>geschlossen<br \/>geschlossen<br \/>15 \u2013 20 Uhr<br \/>15 \u2013 20 Uhr<br \/>15 \u2013 20 Uhr<br \/>10 \u2013 18 Uhr<br \/>10 \u2013 18 Uhr<\/p>\t\t\t\t\t\t<\/div>\n\t\t\t\t<\/div>\n\t\t\t\t\t<\/div>\n\t\t<\/div>\n\t\t\t\t\t\t\t<\/div>\n\t\t<\/section>\n\t\t\t\t<div class=\"elementor-element elementor-element-4e927e9 elementor-widget elementor-widget-text-editor\" data-id=\"4e927e9\" data-element_type=\"widget\" data-widget_type=\"text-editor.default\">\n\t\t\t\t<div class=\"elementor-widget-container\">\n\t\t\t\t\t\t\t<p>Der Flugbetrieb startet jeweils eine Stunde nach \u00d6ffnung.<br \/>Mit Gruppen ab 20 Personen fliegen wir auch gerne au\u00dferhalb der regul\u00e4ren \u00d6ffnungszeiten.<\/p><p>E-mail: <span style=\"text-decoration: underline;\"><a href=\"mailto:b&#101;rlin&#64;&#104;ur&#114;&#105;&#99;&#97;&#110;&#101;&#102;a&#99;t&#111;&#114;y&#46;com\"><strong>b&#101;rlin&#64;&#104;ur&#114;&#105;&#99;&#97;&#110;&#101;&#102;a&#99;t&#111;&#114;y&#46;com<\/strong><\/a><br \/><\/span>Telefon: <strong><a href=\"tel:+49 03379 3217380\">03379 3217380<\/a><\/strong><\/p>\t\t\t\t\t\t<\/div>\n\t\t\t\t<\/div>\n\t\t\t\t\t<\/div>\n\t\t<\/div>\n\t\t\t\t\t\t\t<\/div>\n\t\t<\/section>\n\t\t\t\t<section class=\"elementor-section elementor-top-section elementor-element elementor-element-b378cd4 elementor-section-boxed elementor-section-height-default elementor-section-height-default\" data-id=\"b378cd4\" data-element_type=\"section\">\n\t\t\t\t\t\t<div class=\"elementor-container elementor-column-gap-default\">\n\t\t\t\t\t<div class=\"elementor-column elementor-col-100 elementor-top-column elementor-element elementor-element-5c90c19\" data-id=\"5c90c19\" data-element_type=\"column\">\n\t\t\t<div class=\"elementor-widget-wrap elementor-element-populated\">\n\t\t\t\t\t\t\t\t<div class=\"elementor-element elementor-element-32541fb elementor-widget elementor-widget-heading\" data-id=\"32541fb\" data-element_type=\"widget\" data-widget_type=\"heading.default\">\n\t\t\t\t<div class=\"elementor-widget-container\">\n\t\t\t<h3 class=\"elementor-heading-title elementor-size-default\">KONTAKT F\u00dcR FIRMEN EVENTS<\/h3>\t\t<\/div>\n\t\t\t\t<\/div>\n\t\t\t\t<div class=\"elementor-element elementor-element-c4bf4b5 elementor-widget elementor-widget-text-editor\" data-id=\"c4bf4b5\" data-element_type=\"widget\" data-widget_type=\"text-editor.default\">\n\t\t\t\t<div class=\"elementor-widget-container\">\n\t\t\t\t\t\t\t<p><span style=\"color: #f6ab15;\"><strong>Yvonne Ulmen<br \/><\/strong><\/span>E-mail: <strong><span style=\"text-decoration: underline;\"><a href=\"mailto:events.b&#101;rlin&#64;&#104;ur&#114;&#105;&#99;&#97;&#110;&#101;&#102;a&#99;t&#111;&#114;y&#46;com\">events.b&#101;rlin&#64;&#104;ur&#114;&#105;&#99;&#97;&#110;&#101;&#102;a&#99;t&#111;&#114;y&#46;com<\/a><\/span><\/strong><br \/>Telefon: <strong><a href=\"tel:+49 03379 3217382\" data-wplink-edit=\"true\">03379 3217382<\/a><\/strong><\/p>\t\t\t\t\t\t<\/div>\n\t\t\t\t<\/div>\n\t\t\t\t\t<\/div>\n\t\t<\/div>\n\t\t\t\t\t\t\t<\/div>\n\t\t<\/section>\n\t\t\t\t<section class=\"elementor-section elementor-top-section elementor-element elementor-element-00863b3 elementor-section-boxed elementor-section-height-default elementor-section-height-default\" data-id=\"00863b3\" data-element_type=\"section\">\n\t\t\t\t\t\t<div class=\"elementor-container elementor-column-gap-default\">\n\t\t\t\t\t<div class=\"elementor-column elementor-col-100 elementor-top-column elementor-element elementor-element-dbfa2cb\" data-id=\"dbfa2cb\" data-element_type=\"column\">\n\t\t\t<div class=\"elementor-widget-wrap elementor-element-populated\">\n\t\t\t\t\t\t\t\t<div class=\"elementor-element elementor-element-c478403 elementor-widget elementor-widget-heading\" data-id=\"c478403\" data-element_type=\"widget\" data-widget_type=\"heading.default\">\n\t\t\t\t<div class=\"elementor-widget-container\">\n\t\t\t<h3 class=\"elementor-heading-title elementor-size-default\">KONTAKT F\u00dcR PRO FLYER<\/h3>\t\t<\/div>\n\t\t\t\t<\/div>\n\t\t\t\t<div class=\"elementor-element elementor-element-909e0f1 elementor-widget elementor-widget-text-editor\" data-id=\"909e0f1\" data-element_type=\"widget\" data-widget_type=\"text-editor.default\">\n\t\t\t\t<div class=\"elementor-widget-container\">\n\t\t\t\t\t\t\t<p><span style=\"color: #f6ab15;\"><strong>Marc Wegner<br \/><\/strong><\/span>E-mail: <strong><span style=\"text-decoration: underline;\"><a href=\"mailto:proflyer.b&#101;rlin&#64;&#104;ur&#114;&#105;&#99;&#97;&#110;&#101;&#102;a&#99;t&#111;&#114;y&#46;com\">proflyer.b&#101;rlin&#64;&#104;ur&#114;&#105;&#99;&#97;&#110;&#101;&#102;a&#99;t&#111;&#114;y&#46;com<\/a><\/span><\/strong><br \/>Telefon: <strong><a href=\"tel:+49 03379 3217381\">03379 3217381<\/a><br \/><\/strong><\/p>\t\t\t\t\t\t<\/div>\n\t\t\t\t<\/div>\n\t\t\t\t\t<\/div>\n\t\t<\/div>\n\t\t\t\t\t\t\t<\/div>\n\t\t<\/section>\n\t\t\t\t\t\t\t<\/div>\n\t\t","protected":false},"excerpt":{"rendered":"<p>ALLGEMEINER KONTAKT RezeptionE-mail: b&#101;&#114;&#108;in&#64;h&#117;rric&#97;nef&#97;&#99;&#116;or&#121;.&#99;omTelefon: 03379 3217380 ANSCHRIFT Hauptstadt-Windkanal GmbHWassmannsdorfer Allee 3D-12529 Sch\u00f6nefeld GPS: 52.36865 13.46777 \u00d6FFNUNGSZEITEN UND ERREICHBARKEIT F\u00fcr Terminbuchungen und Fragen sind wir\u00a0T\u00c4GLICH\u00a0von 10\u201316 Uhr telefonisch und per E-Mail erreichbar. SONDER\u00d6FFNUNGSZEITEN OSTERFERIEN 28.03.\u201312.04.2026 1.4. Mittwoch2.4. Donnerstag3.4. Karfreitag:4.4. Ostersamstag:5.4. Ostersonntag:\u00a0 6.4. Ostermontag:\u00a0 7.4. Dienstag:8.4. Mittwoch:9.4. Donnerstag:10.4. Freitag:11.4. Samstag:12.4. Sonntag: 12 \u2013 18 Uhr12 \u2013 18 [&hellip;]<\/p>\n","protected":false},"author":2,"featured_media":0,"parent":0,"menu_order":0,"comment_status":"closed","ping_status":"closed","template":"","meta":{"inline_featured_image":false,"footnotes":""},"_links":{"self":[{"href":"https:\/\/hurricanefactory.com\/berlin\/wp-json\/wp\/v2\/pages\/7414"}],"collection":[{"href":"https:\/\/hurricanefactory.com\/berlin\/wp-json\/wp\/v2\/pages"}],"about":[{"href":"https:\/\/hurricanefactory.com\/berlin\/wp-json\/wp\/v2\/types\/page"}],"author":[{"embeddable":true,"href":"https:\/\/hurricanefactory.com\/berlin\/wp-json\/wp\/v2\/users\/2"}],"replies":[{"embeddable":true,"href":"https:\/\/hurricanefactory.com\/berlin\/wp-json\/wp\/v2\/comments?post=7414"}],"version-history":[{"count":6,"href":"https:\/\/hurricanefactory.com\/berlin\/wp-json\/wp\/v2\/pages\/7414\/revisions"}],"predecessor-version":[{"id":35402,"href":"https:\/\/hurricanefactory.com\/berlin\/wp-json\/wp\/v2\/pages\/7414\/revisions\/35402"}],"wp:attachment":[{"href":"https:\/\/hurricanefactory.com\/berlin\/wp-json\/wp\/v2\/media?parent=7414"}],"curies":[{"name":"wp","href":"https:\/\/api.w.org\/{rel}","templated":true}]}}