 









{"id":7227,"date":"2021-10-01T11:37:27","date_gmt":"2021-10-01T09:37:27","guid":{"rendered":"https:\/\/hurricanefactory.com\/berlin\/?page_id=7227"},"modified":"2026-01-20T16:10:09","modified_gmt":"2026-01-20T15:10:09","slug":"fun-flyer","status":"publish","type":"page","link":"https:\/\/hurricanefactory.com\/berlin\/fun-flyer\/","title":{"rendered":"Fun Flyer"},"content":{"rendered":"\t\t<div data-elementor-type=\"wp-page\" data-elementor-id=\"7227\" class=\"elementor elementor-7227\" data-elementor-post-type=\"page\">\n\t\t\t\t\t\t\t\t\t<section class=\"elementor-section elementor-top-section elementor-element elementor-element-7372138b title elementor-section-height-min-height elementor-section-items-bottom elementor-section-content-bottom elementor-section-boxed elementor-section-height-default\" data-id=\"7372138b\" data-element_type=\"section\" data-settings=\"{&quot;background_background&quot;:&quot;classic&quot;}\">\n\t\t\t\t\t\t<div class=\"elementor-container elementor-column-gap-default\">\n\t\t\t\t\t<div class=\"elementor-column elementor-col-100 elementor-top-column elementor-element elementor-element-3a46b2e6\" data-id=\"3a46b2e6\" data-element_type=\"column\">\n\t\t\t<div class=\"elementor-widget-wrap elementor-element-populated\">\n\t\t\t\t\t\t\t\t<div class=\"elementor-element elementor-element-59cc0c85 elementor-widget elementor-widget-heading\" data-id=\"59cc0c85\" data-element_type=\"widget\" data-widget_type=\"heading.default\">\n\t\t\t\t<div class=\"elementor-widget-container\">\n\t\t\t<h1 class=\"elementor-heading-title elementor-size-default\">FUN FLYER<\/h1>\t\t<\/div>\n\t\t\t\t<\/div>\n\t\t\t\t<div class=\"elementor-element elementor-element-66b6017 elementor-align-center elementor-widget__width-auto elementor-widget elementor-widget-button\" data-id=\"66b6017\" data-element_type=\"widget\" data-widget_type=\"button.default\">\n\t\t\t\t<div class=\"elementor-widget-container\">\n\t\t\t\t\t<div class=\"elementor-button-wrapper\">\n\t\t\t<a class=\"elementor-button elementor-button-link elementor-size-sm\" href=\"https:\/\/hurricanefactory.com\/berlin\/eshop\/\">\n\t\t\t\t\t\t<span class=\"elementor-button-content-wrapper\">\n\t\t\t\t\t\t<span class=\"elementor-button-text\">GUTSCHEIN KAUFEN<\/span>\n\t\t<\/span>\n\t\t\t\t\t<\/a>\n\t\t<\/div>\n\t\t\t\t<\/div>\n\t\t\t\t<\/div>\n\t\t\t\t<div class=\"elementor-element elementor-element-9f6ed51 elementor-align-center elementor-widget__width-auto elementor-widget elementor-widget-button\" data-id=\"9f6ed51\" data-element_type=\"widget\" data-widget_type=\"button.default\">\n\t\t\t\t<div class=\"elementor-widget-container\">\n\t\t\t\t\t<div class=\"elementor-button-wrapper\">\n\t\t\t<a class=\"elementor-button elementor-button-link elementor-size-sm\" href=\"https:\/\/hurricanefactory.com\/berlin\/eshop\/\">\n\t\t\t\t\t\t<span class=\"elementor-button-content-wrapper\">\n\t\t\t\t\t\t<span class=\"elementor-button-text\">FLUG BUCHEN<\/span>\n\t\t<\/span>\n\t\t\t\t\t<\/a>\n\t\t<\/div>\n\t\t\t\t<\/div>\n\t\t\t\t<\/div>\n\t\t\t\t<div class=\"elementor-element elementor-element-7bf343c elementor-align-center elementor-widget__width-auto elementor-widget elementor-widget-button\" data-id=\"7bf343c\" data-element_type=\"widget\" data-widget_type=\"button.default\">\n\t\t\t\t<div class=\"elementor-widget-container\">\n\t\t\t\t\t<div class=\"elementor-button-wrapper\">\n\t\t\t<a class=\"elementor-button elementor-button-link elementor-size-sm\" href=\"https:\/\/hurricanefactory.com\/berlin\/redeemvoucher\/\">\n\t\t\t\t\t\t<span class=\"elementor-button-content-wrapper\">\n\t\t\t\t\t\t<span class=\"elementor-button-text\">GUTSCHEIN EINL\u00d6SEN<\/span>\n\t\t<\/span>\n\t\t\t\t\t<\/a>\n\t\t<\/div>\n\t\t\t\t<\/div>\n\t\t\t\t<\/div>\n\t\t\t\t\t<\/div>\n\t\t<\/div>\n\t\t\t\t\t\t\t<\/div>\n\t\t<\/section>\n\t\t\t\t<section class=\"elementor-section elementor-top-section elementor-element elementor-element-86e3d7a elementor-section-full_width elementor-section-height-default elementor-section-height-default\" data-id=\"86e3d7a\" data-element_type=\"section\">\n\t\t\t\t\t\t<div class=\"elementor-container elementor-column-gap-default\">\n\t\t\t\t\t<div class=\"elementor-column elementor-col-100 elementor-top-column elementor-element elementor-element-3610accd\" data-id=\"3610accd\" data-element_type=\"column\">\n\t\t\t<div class=\"elementor-widget-wrap elementor-element-populated\">\n\t\t\t\t\t\t\t\t<div class=\"elementor-element elementor-element-6344549a elementor-widget elementor-widget-image\" data-id=\"6344549a\" data-element_type=\"widget\" data-widget_type=\"image.default\">\n\t\t\t\t<div class=\"elementor-widget-container\">\n\t\t\t\t\t\t\t\t\t\t\t\t\t\t\t<img decoding=\"async\" loading=\"lazy\" width=\"2713\" height=\"71\" src=\"https:\/\/hurricanefactory.com\/berlin\/wp-content\/uploads\/2021\/09\/0-stripe-bottom-header-video-image-cropped.png\" class=\"attachment-full size-full wp-image-6773\" alt=\"\" srcset=\"https:\/\/hurricanefactory.com\/berlin\/wp-content\/uploads\/2021\/09\/0-stripe-bottom-header-video-image-cropped.png 2713w, https:\/\/hurricanefactory.com\/berlin\/wp-content\/uploads\/2021\/09\/0-stripe-bottom-header-video-image-cropped-300x8.png 300w, https:\/\/hurricanefactory.com\/berlin\/wp-content\/uploads\/2021\/09\/0-stripe-bottom-header-video-image-cropped-1024x27.png 1024w, https:\/\/hurricanefactory.com\/berlin\/wp-content\/uploads\/2021\/09\/0-stripe-bottom-header-video-image-cropped-768x20.png 768w, https:\/\/hurricanefactory.com\/berlin\/wp-content\/uploads\/2021\/09\/0-stripe-bottom-header-video-image-cropped-1536x40.png 1536w, https:\/\/hurricanefactory.com\/berlin\/wp-content\/uploads\/2021\/09\/0-stripe-bottom-header-video-image-cropped-2048x54.png 2048w, https:\/\/hurricanefactory.com\/berlin\/wp-content\/uploads\/2021\/09\/0-stripe-bottom-header-video-image-cropped-290x8.png 290w, https:\/\/hurricanefactory.com\/berlin\/wp-content\/uploads\/2021\/09\/0-stripe-bottom-header-video-image-cropped-600x16.png 600w\" sizes=\"(max-width: 2713px) 100vw, 2713px\" \/>\t\t\t\t\t\t\t\t\t\t\t\t\t\t\t<\/div>\n\t\t\t\t<\/div>\n\t\t\t\t\t<\/div>\n\t\t<\/div>\n\t\t\t\t\t\t\t<\/div>\n\t\t<\/section>\n\t\t\t\t<section class=\"elementor-section elementor-top-section elementor-element elementor-element-5ac0e255 elementor-section-boxed elementor-section-height-default elementor-section-height-default\" data-id=\"5ac0e255\" data-element_type=\"section\">\n\t\t\t\t\t\t<div class=\"elementor-container elementor-column-gap-default\">\n\t\t\t\t\t<div class=\"elementor-column elementor-col-100 elementor-top-column elementor-element elementor-element-60debfb\" data-id=\"60debfb\" data-element_type=\"column\">\n\t\t\t<div class=\"elementor-widget-wrap elementor-element-populated\">\n\t\t\t\t\t\t\t\t<section class=\"elementor-section elementor-inner-section elementor-element elementor-element-d1cb76 elementor-section-full_width elementor-section-height-default elementor-section-height-default\" data-id=\"d1cb76\" data-element_type=\"section\">\n\t\t\t\t\t\t<div class=\"elementor-container elementor-column-gap-extended\">\n\t\t\t\t\t<div class=\"elementor-column elementor-col-100 elementor-inner-column elementor-element elementor-element-15c3a6fc\" data-id=\"15c3a6fc\" data-element_type=\"column\">\n\t\t\t<div class=\"elementor-widget-wrap elementor-element-populated\">\n\t\t\t\t\t\t\t\t<div class=\"elementor-element elementor-element-153fdffa elementor-widget elementor-widget-heading\" data-id=\"153fdffa\" data-element_type=\"widget\" data-widget_type=\"heading.default\">\n\t\t\t\t<div class=\"elementor-widget-container\">\n\t\t\t<h2 class=\"elementor-heading-title elementor-size-default\">KOMM FLIEG MIT UNS<\/h2>\t\t<\/div>\n\t\t\t\t<\/div>\n\t\t\t\t<div class=\"elementor-element elementor-element-7147f1a1 elementor-widget elementor-widget-spacer\" data-id=\"7147f1a1\" data-element_type=\"widget\" data-widget_type=\"spacer.default\">\n\t\t\t\t<div class=\"elementor-widget-container\">\n\t\t\t\t\t<div class=\"elementor-spacer\">\n\t\t\t<div class=\"elementor-spacer-inner\"><\/div>\n\t\t<\/div>\n\t\t\t\t<\/div>\n\t\t\t\t<\/div>\n\t\t\t\t<div class=\"elementor-element elementor-element-3ed4854e elementor-widget elementor-widget-text-editor\" data-id=\"3ed4854e\" data-element_type=\"widget\" data-widget_type=\"text-editor.default\">\n\t\t\t\t<div class=\"elementor-widget-container\">\n\t\t\t\t\t\t\t<p><span style=\"color: #f6ab15;\"><strong>Bei uns fliegen Erwachsene jeden Alters und Kinder bereits ab einem Alter von 5 Jahren<\/strong><\/span>, denn um mit uns im Windkanal zu fliegen, ben\u00f6tigt man keinerlei Vorkenntnisse und auch kein Sportabzeichen \u2013 nur die Vorfreude auf die Sensation des Fliegens!<\/p><p><span style=\"color: #f6ab15;\"><strong>Vor dem Flugabenteuer findet eine ausf\u00fchrliche Einweisung und das Einkleiden statt<\/strong><\/span>, daher ist f\u00fcr die Fliegenden ein <span style=\"color: #f6ab15;\"><strong>Eintreffen 60 min vor der gebuchten Flugzeit erforderlich<\/strong><\/span>. Die ausf\u00fchrliche Einweisung vor dem Flug und die Ausr\u00fcstung f\u00fcr den Windkanal (Overall, Helm und Brille) sind im Flugpreis enthalten.<\/p><p>Nach dem Check In an der Rezeption gehen die Flieger gruppenweise zur Flugeinweisung. In diesem Briefing erfahren die Flieger Details zum Ablauf der Fl\u00fcge, erhalten eine <span style=\"color: #f6ab15;\"><strong>Sicherheitseinweisung<\/strong> <\/span>und ein <span style=\"color: #f6ab15;\"><strong>Fluglagetraining<\/strong><\/span>, au\u00dferdem werden die Zeichen im Windkanal erkl\u00e4rt.<\/p><p>Im Anschluss erfolgt die Einkleidung f\u00fcr den Windkanal: Overall, Helm und Brille gibt es von uns (f\u00fcr Brillentr\u00e4ger haben wir spezielle Schutzbrillen). Der Overall kann \u00fcber die Alltagskleidung gezogen werden, feste geschn\u00fcrte Sportschuhe\/Sneaker bitte mitbringen. Sind alle Flieger eingekleidet, geht die Gruppe zusammen in den Vorflugraum.<\/p><p>Von hier aus starten die Flieger dann nach und nach ihre Fl\u00fcge und heben \u2013 immer <span style=\"color: #f6ab15;\"><strong>gemeinsam mit dem pers\u00f6nlichen Instruktor<\/strong><\/span> \u2013 im Windkanal ab. Die Flugzeit ist aufgeteilt in Fl\u00fcge \u00e0 1 min (bzw. 1,5 min beim Hurricane Duo), das hei\u00dft es geht es in der Regel mehrmals in den gl\u00e4sernen Flugzylinder. \u00dcber einfache <span style=\"color: #f6ab15;\"><strong>Handzeichen<\/strong> <\/span>und <span style=\"color: #f6ab15;\"><strong>manuelle Korrekturen<\/strong><\/span> gibt der Instruktor <span style=\"color: #f6ab15;\"><strong>Tipps zur Verbesserung der Fluglage<\/strong><\/span>, so dass man stabil im Wind liegt und bald auch allein fliegen kann.<\/p><p>Nach dem Flug gibt es eine Urkunde \u00fcber den erfolgreich absolvierten Flug, und man kann sich die Fotos der Fl\u00fcge auf unseren Monitoren neben dem Windkanal ansehen. Das <span style=\"color: #f6ab15;\"><strong>Flug-Video<\/strong><\/span> und die <span style=\"color: #f6ab15;\"><strong>Fotos<\/strong> <\/span>k\u00f6nnen dann auf Wunsch auch an der Rezeption erworben werden.<\/p><p>Zum Ausklingen der aufregenden Flugerfahrung kann man dann an der Bar mit seinen \u201eFlugbegleitern\u201c ansto\u00dfen, einen Snack von unserer Bistro-Karte bestellen oder von der Trib\u00fcne aus anderen Erstfliegern und erfahrenen Pro Flyern beim Fliegen zusehen.<\/p><p>Ein Flug im Windtunnel ist ein sportliches, aber sicheres Erlebnis und ist \u2013 von wenigen Ausnahmen abgesehen \u2013 f\u00fcr beinahe jeden m\u00f6glich. Das Mindestalter betr\u00e4gt 5 Jahre, das H\u00f6chstgewicht 120 kg. Weitere Details findet ihr unter den <span style=\"text-decoration: underline;\"><span style=\"color: #000000;\"><a href=\"\/teilnahmebedingungen\/\"><strong>Teilnahmebedingungen<\/strong><\/a><\/span><\/span>.<\/p>\t\t\t\t\t\t<\/div>\n\t\t\t\t<\/div>\n\t\t\t\t<div class=\"elementor-element elementor-element-69fb3e0e elementor-widget elementor-widget-spacer\" data-id=\"69fb3e0e\" data-element_type=\"widget\" data-widget_type=\"spacer.default\">\n\t\t\t\t<div class=\"elementor-widget-container\">\n\t\t\t\t\t<div class=\"elementor-spacer\">\n\t\t\t<div class=\"elementor-spacer-inner\"><\/div>\n\t\t<\/div>\n\t\t\t\t<\/div>\n\t\t\t\t<\/div>\n\t\t\t\t\t<\/div>\n\t\t<\/div>\n\t\t\t\t\t\t\t<\/div>\n\t\t<\/section>\n\t\t\t\t\t<\/div>\n\t\t<\/div>\n\t\t\t\t\t\t\t<\/div>\n\t\t<\/section>\n\t\t\t\t\t\t\t<\/div>\n\t\t","protected":false},"excerpt":{"rendered":"<p>FUN FLYER GUTSCHEIN KAUFEN FLUG BUCHEN GUTSCHEIN EINL\u00d6SEN KOMM FLIEG MIT UNS Bei uns fliegen Erwachsene jeden Alters und Kinder bereits ab einem Alter von 5 Jahren, denn um mit uns im Windkanal zu fliegen, ben\u00f6tigt man keinerlei Vorkenntnisse und auch kein Sportabzeichen \u2013 nur die Vorfreude auf die Sensation des Fliegens! Vor dem Flugabenteuer [&hellip;]<\/p>\n","protected":false},"author":2,"featured_media":0,"parent":0,"menu_order":0,"comment_status":"closed","ping_status":"closed","template":"","meta":{"inline_featured_image":false,"footnotes":""},"_links":{"self":[{"href":"https:\/\/hurricanefactory.com\/berlin\/wp-json\/wp\/v2\/pages\/7227"}],"collection":[{"href":"https:\/\/hurricanefactory.com\/berlin\/wp-json\/wp\/v2\/pages"}],"about":[{"href":"https:\/\/hurricanefactory.com\/berlin\/wp-json\/wp\/v2\/types\/page"}],"author":[{"embeddable":true,"href":"https:\/\/hurricanefactory.com\/berlin\/wp-json\/wp\/v2\/users\/2"}],"replies":[{"embeddable":true,"href":"https:\/\/hurricanefactory.com\/berlin\/wp-json\/wp\/v2\/comments?post=7227"}],"version-history":[{"count":6,"href":"https:\/\/hurricanefactory.com\/berlin\/wp-json\/wp\/v2\/pages\/7227\/revisions"}],"predecessor-version":[{"id":35144,"href":"https:\/\/hurricanefactory.com\/berlin\/wp-json\/wp\/v2\/pages\/7227\/revisions\/35144"}],"wp:attachment":[{"href":"https:\/\/hurricanefactory.com\/berlin\/wp-json\/wp\/v2\/media?parent=7227"}],"curies":[{"name":"wp","href":"https:\/\/api.w.org\/{rel}","templated":true}]}}