 









{"id":6915,"date":"2021-09-16T15:31:48","date_gmt":"2021-09-16T13:31:48","guid":{"rendered":"https:\/\/hurricanefactory.com\/berlin\/?page_id=6915"},"modified":"2026-01-20T16:09:48","modified_gmt":"2026-01-20T15:09:48","slug":"windkanal-xxl","status":"publish","type":"page","link":"https:\/\/hurricanefactory.com\/berlin\/windkanal-xxl\/","title":{"rendered":"WINDKANAL XXL"},"content":{"rendered":"\t\t<div data-elementor-type=\"wp-page\" data-elementor-id=\"6915\" class=\"elementor elementor-6915\" data-elementor-post-type=\"page\">\n\t\t\t\t\t\t\t\t\t<section class=\"elementor-section elementor-top-section elementor-element elementor-element-36b775c6 title elementor-section-height-min-height elementor-section-items-bottom elementor-section-content-bottom elementor-section-boxed elementor-section-height-default\" data-id=\"36b775c6\" data-element_type=\"section\" data-settings=\"{&quot;background_background&quot;:&quot;classic&quot;}\">\n\t\t\t\t\t\t<div class=\"elementor-container elementor-column-gap-default\">\n\t\t\t\t\t<div class=\"elementor-column elementor-col-100 elementor-top-column elementor-element elementor-element-2720ce7c\" data-id=\"2720ce7c\" data-element_type=\"column\">\n\t\t\t<div class=\"elementor-widget-wrap elementor-element-populated\">\n\t\t\t\t\t\t\t\t<div class=\"elementor-element elementor-element-6c0859c1 elementor-widget elementor-widget-heading\" data-id=\"6c0859c1\" data-element_type=\"widget\" data-widget_type=\"heading.default\">\n\t\t\t\t<div class=\"elementor-widget-container\">\n\t\t\t<h1 class=\"elementor-heading-title elementor-size-default\">Windkanal XXL<\/h1>\t\t<\/div>\n\t\t\t\t<\/div>\n\t\t\t\t<div class=\"elementor-element elementor-element-1289652b elementor-align-center elementor-widget__width-auto elementor-widget elementor-widget-button\" data-id=\"1289652b\" data-element_type=\"widget\" data-widget_type=\"button.default\">\n\t\t\t\t<div class=\"elementor-widget-container\">\n\t\t\t\t\t<div class=\"elementor-button-wrapper\">\n\t\t\t<a class=\"elementor-button elementor-button-link elementor-size-sm\" href=\"https:\/\/hurricanefactory.com\/berlin\/eshop\/\">\n\t\t\t\t\t\t<span class=\"elementor-button-content-wrapper\">\n\t\t\t\t\t\t<span class=\"elementor-button-text\">GUTSCHEIN KAUFEN<\/span>\n\t\t<\/span>\n\t\t\t\t\t<\/a>\n\t\t<\/div>\n\t\t\t\t<\/div>\n\t\t\t\t<\/div>\n\t\t\t\t<div class=\"elementor-element elementor-element-33fadf3 elementor-align-center elementor-widget__width-auto elementor-widget elementor-widget-button\" data-id=\"33fadf3\" data-element_type=\"widget\" data-widget_type=\"button.default\">\n\t\t\t\t<div class=\"elementor-widget-container\">\n\t\t\t\t\t<div class=\"elementor-button-wrapper\">\n\t\t\t<a class=\"elementor-button elementor-button-link elementor-size-sm\" href=\"https:\/\/hurricanefactory.com\/berlin\/eshop\/\">\n\t\t\t\t\t\t<span class=\"elementor-button-content-wrapper\">\n\t\t\t\t\t\t<span class=\"elementor-button-text\">FLUG BUCHEN<\/span>\n\t\t<\/span>\n\t\t\t\t\t<\/a>\n\t\t<\/div>\n\t\t\t\t<\/div>\n\t\t\t\t<\/div>\n\t\t\t\t<div class=\"elementor-element elementor-element-df62e4e elementor-align-center elementor-widget__width-auto elementor-widget elementor-widget-button\" data-id=\"df62e4e\" data-element_type=\"widget\" data-widget_type=\"button.default\">\n\t\t\t\t<div class=\"elementor-widget-container\">\n\t\t\t\t\t<div class=\"elementor-button-wrapper\">\n\t\t\t<a class=\"elementor-button elementor-button-link elementor-size-sm\" href=\"https:\/\/hurricanefactory.com\/berlin\/redeemvoucher\/\">\n\t\t\t\t\t\t<span class=\"elementor-button-content-wrapper\">\n\t\t\t\t\t\t<span class=\"elementor-button-text\">GUTSCHEIN EINL\u00d6SEN<\/span>\n\t\t<\/span>\n\t\t\t\t\t<\/a>\n\t\t<\/div>\n\t\t\t\t<\/div>\n\t\t\t\t<\/div>\n\t\t\t\t\t<\/div>\n\t\t<\/div>\n\t\t\t\t\t\t\t<\/div>\n\t\t<\/section>\n\t\t\t\t<section class=\"elementor-section elementor-top-section elementor-element elementor-element-54a93a0b elementor-section-full_width elementor-section-height-default elementor-section-height-default\" data-id=\"54a93a0b\" data-element_type=\"section\">\n\t\t\t\t\t\t<div class=\"elementor-container elementor-column-gap-default\">\n\t\t\t\t\t<div class=\"elementor-column elementor-col-100 elementor-top-column elementor-element elementor-element-758fa546\" data-id=\"758fa546\" data-element_type=\"column\">\n\t\t\t<div class=\"elementor-widget-wrap elementor-element-populated\">\n\t\t\t\t\t\t\t\t<div class=\"elementor-element elementor-element-76cb0844 elementor-widget elementor-widget-image\" data-id=\"76cb0844\" data-element_type=\"widget\" data-widget_type=\"image.default\">\n\t\t\t\t<div class=\"elementor-widget-container\">\n\t\t\t\t\t\t\t\t\t\t\t\t\t\t\t<img decoding=\"async\" loading=\"lazy\" width=\"2713\" height=\"71\" src=\"https:\/\/hurricanefactory.com\/berlin\/wp-content\/uploads\/2021\/09\/0-stripe-bottom-header-video-image-cropped.png\" class=\"attachment-full size-full wp-image-6773\" alt=\"\" srcset=\"https:\/\/hurricanefactory.com\/berlin\/wp-content\/uploads\/2021\/09\/0-stripe-bottom-header-video-image-cropped.png 2713w, https:\/\/hurricanefactory.com\/berlin\/wp-content\/uploads\/2021\/09\/0-stripe-bottom-header-video-image-cropped-300x8.png 300w, https:\/\/hurricanefactory.com\/berlin\/wp-content\/uploads\/2021\/09\/0-stripe-bottom-header-video-image-cropped-1024x27.png 1024w, https:\/\/hurricanefactory.com\/berlin\/wp-content\/uploads\/2021\/09\/0-stripe-bottom-header-video-image-cropped-768x20.png 768w, https:\/\/hurricanefactory.com\/berlin\/wp-content\/uploads\/2021\/09\/0-stripe-bottom-header-video-image-cropped-1536x40.png 1536w, https:\/\/hurricanefactory.com\/berlin\/wp-content\/uploads\/2021\/09\/0-stripe-bottom-header-video-image-cropped-2048x54.png 2048w, https:\/\/hurricanefactory.com\/berlin\/wp-content\/uploads\/2021\/09\/0-stripe-bottom-header-video-image-cropped-290x8.png 290w, https:\/\/hurricanefactory.com\/berlin\/wp-content\/uploads\/2021\/09\/0-stripe-bottom-header-video-image-cropped-600x16.png 600w\" sizes=\"(max-width: 2713px) 100vw, 2713px\" \/>\t\t\t\t\t\t\t\t\t\t\t\t\t\t\t<\/div>\n\t\t\t\t<\/div>\n\t\t\t\t\t<\/div>\n\t\t<\/div>\n\t\t\t\t\t\t\t<\/div>\n\t\t<\/section>\n\t\t\t\t<section class=\"elementor-section elementor-top-section elementor-element elementor-element-5db39f00 elementor-section-boxed elementor-section-height-default elementor-section-height-default\" data-id=\"5db39f00\" data-element_type=\"section\">\n\t\t\t\t\t\t<div class=\"elementor-container elementor-column-gap-default\">\n\t\t\t\t\t<div class=\"elementor-column elementor-col-100 elementor-top-column elementor-element elementor-element-55995507\" data-id=\"55995507\" data-element_type=\"column\">\n\t\t\t<div class=\"elementor-widget-wrap elementor-element-populated\">\n\t\t\t\t\t\t\t\t<section class=\"elementor-section elementor-inner-section elementor-element elementor-element-41e46a74 elementor-section-full_width elementor-section-height-default elementor-section-height-default\" data-id=\"41e46a74\" data-element_type=\"section\">\n\t\t\t\t\t\t<div class=\"elementor-container elementor-column-gap-extended\">\n\t\t\t\t\t<div class=\"elementor-column elementor-col-100 elementor-inner-column elementor-element elementor-element-17dd085f\" data-id=\"17dd085f\" data-element_type=\"column\">\n\t\t\t<div class=\"elementor-widget-wrap elementor-element-populated\">\n\t\t\t\t\t\t\t\t<div class=\"elementor-element elementor-element-a6c741b elementor-widget elementor-widget-spacer\" data-id=\"a6c741b\" data-element_type=\"widget\" data-widget_type=\"spacer.default\">\n\t\t\t\t<div class=\"elementor-widget-container\">\n\t\t\t\t\t<div class=\"elementor-spacer\">\n\t\t\t<div class=\"elementor-spacer-inner\"><\/div>\n\t\t<\/div>\n\t\t\t\t<\/div>\n\t\t\t\t<\/div>\n\t\t\t\t<div class=\"elementor-element elementor-element-f031500 elementor-widget elementor-widget-heading\" data-id=\"f031500\" data-element_type=\"widget\" data-widget_type=\"heading.default\">\n\t\t\t\t<div class=\"elementor-widget-container\">\n\t\t\t<h2 class=\"elementor-heading-title elementor-size-default\">KOMM FLIEG MIT UNS!<\/h2>\t\t<\/div>\n\t\t\t\t<\/div>\n\t\t\t\t<div class=\"elementor-element elementor-element-26a7477d elementor-widget elementor-widget-spacer\" data-id=\"26a7477d\" data-element_type=\"widget\" data-widget_type=\"spacer.default\">\n\t\t\t\t<div class=\"elementor-widget-container\">\n\t\t\t\t\t<div class=\"elementor-spacer\">\n\t\t\t<div class=\"elementor-spacer-inner\"><\/div>\n\t\t<\/div>\n\t\t\t\t<\/div>\n\t\t\t\t<\/div>\n\t\t\t\t<div class=\"elementor-element elementor-element-74f1d86f elementor-widget elementor-widget-text-editor\" data-id=\"74f1d86f\" data-element_type=\"widget\" data-widget_type=\"text-editor.default\">\n\t\t\t\t<div class=\"elementor-widget-container\">\n\t\t\t\t\t\t\t<p><span style=\"color: #f6ab15;\"><strong>Mit dem eigenen K\u00f6rper im Wind fliegen\u2026<\/strong><\/span><\/p><p>Diese unbeschreibliche Sensation erleben sonst nur Fallschirmspringer in der Freifall-Phase ihres Sprungs. In der Hurricane Factory ist dies nun fu\u0308r jeden erlebbar: Hier erfu\u0308llt sich der Traum vom Fliegen \u2013 gemeinsam mit einem professionellen Instruktor hebst Du im Windkanal ab, ein unvergessliches Abenteuer fu\u0308r alle ab 5 Jahren!<\/p><p><span style=\"color: #f6ab15;\"><strong>Die Hurricane Factory ist der gr\u00f6\u00dfte Windkanal Deutschlands: <\/strong><\/span>die rundum verglaste R\u00f6hre hat einen Durchmesser von 5,20 m und ist 15 m hoch, hier sind Windgeschwindigkeiten von bis zu 280 km\/h m\u00f6glich. In der sicheren Umgebung dieses gl\u00e4sernen Flugzylinders wird Dein K\u00f6rper vom Wind getragen \u2013 <span style=\"color: #f6ab15;\"><strong>Spa\u00df und Adrenalin pur!<\/strong><\/span><\/p><p>Ein spannender AusFLUG in eine neue Dimension \u2013 ob allein, zu zweit oder als <span style=\"color: #f6ab15;\"><strong>au\u00dfergew\u00f6hnliches Event<\/strong><\/span> mit Freunden und Familie. Auch als Firmenveranstaltung oder im Rahmen einer Tagung ist das Flugerlebnis ein Highlight abseits des Allt\u00e4glichen. Und das Beste: es sind keinerlei Vorkenntnisse zum Abheben erforderlich: Alles, was man fu\u0308r das Fliegen wissen muss, erf\u00e4hrt man direkt vor dem Abheben!<\/p>\t\t\t\t\t\t<\/div>\n\t\t\t\t<\/div>\n\t\t\t\t<div class=\"elementor-element elementor-element-54393c0 elementor-widget elementor-widget-spacer\" data-id=\"54393c0\" data-element_type=\"widget\" data-widget_type=\"spacer.default\">\n\t\t\t\t<div class=\"elementor-widget-container\">\n\t\t\t\t\t<div class=\"elementor-spacer\">\n\t\t\t<div class=\"elementor-spacer-inner\"><\/div>\n\t\t<\/div>\n\t\t\t\t<\/div>\n\t\t\t\t<\/div>\n\t\t\t\t<div class=\"elementor-element elementor-element-68e1bbc elementor-align-center elementor-widget__width-auto elementor-widget elementor-widget-button\" data-id=\"68e1bbc\" data-element_type=\"widget\" data-widget_type=\"button.default\">\n\t\t\t\t<div class=\"elementor-widget-container\">\n\t\t\t\t\t<div class=\"elementor-button-wrapper\">\n\t\t\t<a class=\"elementor-button elementor-button-link elementor-size-sm\" href=\"https:\/\/hurricanefactory.com\/berlin\/eshop\/\">\n\t\t\t\t\t\t<span class=\"elementor-button-content-wrapper\">\n\t\t\t\t\t\t<span class=\"elementor-button-text\">GUTSCHEIN KAUFEN<\/span>\n\t\t<\/span>\n\t\t\t\t\t<\/a>\n\t\t<\/div>\n\t\t\t\t<\/div>\n\t\t\t\t<\/div>\n\t\t\t\t\t<\/div>\n\t\t<\/div>\n\t\t\t\t\t\t\t<\/div>\n\t\t<\/section>\n\t\t\t\t\t<\/div>\n\t\t<\/div>\n\t\t\t\t\t\t\t<\/div>\n\t\t<\/section>\n\t\t\t\t<section class=\"elementor-section elementor-top-section elementor-element elementor-element-6f6204af elementor-section-height-min-height elementor-section-items-stretch elementor-section-boxed elementor-section-height-default\" data-id=\"6f6204af\" data-element_type=\"section\" data-settings=\"{&quot;background_background&quot;:&quot;classic&quot;}\">\n\t\t\t\t\t\t<div class=\"elementor-container elementor-column-gap-default\">\n\t\t\t\t\t<div class=\"elementor-column elementor-col-100 elementor-top-column elementor-element elementor-element-6e566bff\" data-id=\"6e566bff\" data-element_type=\"column\">\n\t\t\t<div class=\"elementor-widget-wrap elementor-element-populated\">\n\t\t\t\t\t\t\t\t<div class=\"elementor-element elementor-element-582c603 elementor-widget elementor-widget-heading\" data-id=\"582c603\" data-element_type=\"widget\" data-widget_type=\"heading.default\">\n\t\t\t\t<div class=\"elementor-widget-container\">\n\t\t\t<h3 class=\"elementor-heading-title elementor-size-default\">EIN ORT F\u00dcR STAUNENDE AUGEN<\/h3>\t\t<\/div>\n\t\t\t\t<\/div>\n\t\t\t\t\t<\/div>\n\t\t<\/div>\n\t\t\t\t\t\t\t<\/div>\n\t\t<\/section>\n\t\t\t\t<section class=\"elementor-section elementor-top-section elementor-element elementor-element-2650ec2f elementor-section-boxed elementor-section-height-default elementor-section-height-default\" data-id=\"2650ec2f\" data-element_type=\"section\">\n\t\t\t\t\t\t<div class=\"elementor-container elementor-column-gap-default\">\n\t\t\t\t\t<div class=\"elementor-column elementor-col-100 elementor-top-column elementor-element elementor-element-4c10fb9b\" data-id=\"4c10fb9b\" data-element_type=\"column\">\n\t\t\t<div class=\"elementor-widget-wrap elementor-element-populated\">\n\t\t\t\t\t\t\t\t<div class=\"elementor-element elementor-element-5bb265d0 elementor-widget elementor-widget-heading\" data-id=\"5bb265d0\" data-element_type=\"widget\" data-widget_type=\"heading.default\">\n\t\t\t\t<div class=\"elementor-widget-container\">\n\t\t\t<span class=\"elementor-heading-title elementor-size-default\">EIN ORT F\u00dcR STAUNENDE AUGEN<\/span>\t\t<\/div>\n\t\t\t\t<\/div>\n\t\t\t\t<div class=\"elementor-element elementor-element-7ec6bcbd elementor-widget elementor-widget-text-editor\" data-id=\"7ec6bcbd\" data-element_type=\"widget\" data-widget_type=\"text-editor.default\">\n\t\t\t\t<div class=\"elementor-widget-container\">\n\t\t\t\t\t\t\t<p>Direkt am Windkanal befinden sich die Zuschauertribu\u0308ne und das Bistro, so dass Deine \u201eFlug-Begleiter\u201c den Flug unmittelbar mitverfolgen k\u00f6nnen \u2013 ein aufregendes Erlebnis fu\u0308r Fliegende und G\u00e4ste! Die Vollverglasung des Flugbereichs erlaubt dabei einen ungest\u00f6rten Blick auf das Fluggeschehen und die beeindruckende Kulisse der Flughalle: mit ihrer modernen Industrie-Architektur pr\u00e4sentiert sie den Spirit des Fliegens lichtdurchflutet und offen mit vielen freien Sichtachsen.<\/p>\t\t\t\t\t\t<\/div>\n\t\t\t\t<\/div>\n\t\t\t\t\t<\/div>\n\t\t<\/div>\n\t\t\t\t\t\t\t<\/div>\n\t\t<\/section>\n\t\t\t\t<section class=\"elementor-section elementor-top-section elementor-element elementor-element-7f93721 elementor-section-height-min-height elementor-section-items-stretch elementor-section-boxed elementor-section-height-default\" data-id=\"7f93721\" data-element_type=\"section\" data-settings=\"{&quot;background_background&quot;:&quot;classic&quot;}\">\n\t\t\t\t\t\t<div class=\"elementor-container elementor-column-gap-default\">\n\t\t\t\t\t<div class=\"elementor-column elementor-col-100 elementor-top-column elementor-element elementor-element-64e4891\" data-id=\"64e4891\" data-element_type=\"column\">\n\t\t\t<div class=\"elementor-widget-wrap elementor-element-populated\">\n\t\t\t\t\t\t\t\t<div class=\"elementor-element elementor-element-f6acb5d elementor-widget elementor-widget-heading\" data-id=\"f6acb5d\" data-element_type=\"widget\" data-widget_type=\"heading.default\">\n\t\t\t\t<div class=\"elementor-widget-container\">\n\t\t\t<h3 class=\"elementor-heading-title elementor-size-default\">UNSER BISTRO<\/h3>\t\t<\/div>\n\t\t\t\t<\/div>\n\t\t\t\t\t<\/div>\n\t\t<\/div>\n\t\t\t\t\t\t\t<\/div>\n\t\t<\/section>\n\t\t\t\t<section class=\"elementor-section elementor-top-section elementor-element elementor-element-011498d elementor-section-boxed elementor-section-height-default elementor-section-height-default\" data-id=\"011498d\" data-element_type=\"section\">\n\t\t\t\t\t\t<div class=\"elementor-container elementor-column-gap-default\">\n\t\t\t\t\t<div class=\"elementor-column elementor-col-100 elementor-top-column elementor-element elementor-element-a2fcdcf\" data-id=\"a2fcdcf\" data-element_type=\"column\">\n\t\t\t<div class=\"elementor-widget-wrap elementor-element-populated\">\n\t\t\t\t\t\t\t\t<div class=\"elementor-element elementor-element-86826c4 elementor-widget elementor-widget-heading\" data-id=\"86826c4\" data-element_type=\"widget\" data-widget_type=\"heading.default\">\n\t\t\t\t<div class=\"elementor-widget-container\">\n\t\t\t<span class=\"elementor-heading-title elementor-size-default\">UNSER BISTRO<\/span>\t\t<\/div>\n\t\t\t\t<\/div>\n\t\t\t\t<div class=\"elementor-element elementor-element-bd2b4f3 elementor-widget elementor-widget-text-editor\" data-id=\"bd2b4f3\" data-element_type=\"widget\" data-widget_type=\"text-editor.default\">\n\t\t\t\t<div class=\"elementor-widget-container\">\n\t\t\t\t\t\t\t<p>Du willst einfach nur mal schauen, was da so im Windkanal so passiert? Wir freuen uns auf Deinen Besuch, auch wenn Du (noch) nicht fliegen willst! Unser Bistro befindet sich direkt neben dem verglasten Flugzylinder, so dass Du das Geschehen im Windkanal hautnah verfolgen kannst: Optimale Bedingungen, um Erstflieger und Profi-Sportler zu bestaunen!<\/p>\t\t\t\t\t\t<\/div>\n\t\t\t\t<\/div>\n\t\t\t\t\t<\/div>\n\t\t<\/div>\n\t\t\t\t\t\t\t<\/div>\n\t\t<\/section>\n\t\t\t\t<section class=\"elementor-section elementor-top-section elementor-element elementor-element-628ac6a elementor-section-height-min-height elementor-section-items-stretch elementor-section-boxed elementor-section-height-default\" data-id=\"628ac6a\" data-element_type=\"section\" data-settings=\"{&quot;background_background&quot;:&quot;classic&quot;}\">\n\t\t\t\t\t\t<div class=\"elementor-container elementor-column-gap-default\">\n\t\t\t\t\t<div class=\"elementor-column elementor-col-100 elementor-top-column elementor-element elementor-element-b168f74\" data-id=\"b168f74\" data-element_type=\"column\">\n\t\t\t<div class=\"elementor-widget-wrap elementor-element-populated\">\n\t\t\t\t\t\t\t\t<div class=\"elementor-element elementor-element-a6e7aee elementor-widget elementor-widget-heading\" data-id=\"a6e7aee\" data-element_type=\"widget\" data-widget_type=\"heading.default\">\n\t\t\t\t<div class=\"elementor-widget-container\">\n\t\t\t<h3 class=\"elementor-heading-title elementor-size-default\">WINDKANAL-TECHNIK <\/h3>\t\t<\/div>\n\t\t\t\t<\/div>\n\t\t\t\t\t<\/div>\n\t\t<\/div>\n\t\t\t\t\t\t\t<\/div>\n\t\t<\/section>\n\t\t\t\t<section class=\"elementor-section elementor-top-section elementor-element elementor-element-811360e elementor-section-boxed elementor-section-height-default elementor-section-height-default\" data-id=\"811360e\" data-element_type=\"section\">\n\t\t\t\t\t\t<div class=\"elementor-container elementor-column-gap-default\">\n\t\t\t\t\t<div class=\"elementor-column elementor-col-100 elementor-top-column elementor-element elementor-element-b65a316\" data-id=\"b65a316\" data-element_type=\"column\">\n\t\t\t<div class=\"elementor-widget-wrap elementor-element-populated\">\n\t\t\t\t\t\t\t\t<div class=\"elementor-element elementor-element-d3a049c elementor-widget elementor-widget-heading\" data-id=\"d3a049c\" data-element_type=\"widget\" data-widget_type=\"heading.default\">\n\t\t\t\t<div class=\"elementor-widget-container\">\n\t\t\t<span class=\"elementor-heading-title elementor-size-default\">WINDKANAL-TECHNIK <\/span>\t\t<\/div>\n\t\t\t\t<\/div>\n\t\t\t\t<div class=\"elementor-element elementor-element-fab2d93 elementor-widget elementor-widget-text-editor\" data-id=\"fab2d93\" data-element_type=\"widget\" data-widget_type=\"text-editor.default\">\n\t\t\t\t<div class=\"elementor-widget-container\">\n\t\t\t\t\t\t\t<p>Die Luft str\u00f6mt durch ein <span style=\"color: #f6ab15;\"><strong>geschlossenes Kreislaufsystem<\/strong><\/span>, das sich auf der rechten und linken Seite des Geb\u00e4udes in je drei R\u00f6hren verzweigt. Die einzelnen Luftstr\u00f6me treffen dann unterhalb des Windkanals zusammen und versorgen so die im Zentrum der Hurricane Factory befindliche vertikale Flugr\u00f6hre gleichm\u00e4\u00dfig mit Wind.<\/p><p>Den eigentlichen <span style=\"color: #f6ab15;\"><strong>Flugbereich<\/strong> <\/span>bildet dabei der 15 m hohe Mittelteil des Windkanals, er ist in einer H\u00f6he von 6 m <span style=\"color: #f6ab15;\"><strong>rundum vollverglast<\/strong><\/span> und wird durch ein <span style=\"color: #f6ab15;\"><strong>begehbares Stahlnetz<\/strong><\/span> nach unten begrenzt.<\/p><p>Der Wind wird von <span style=\"color: #f6ab15;\"><strong>sechs Gro\u00df-Ventilatoren<\/strong><\/span> mit einer Leistung von insgesamt etwa 2.100 kW beschleunigt. Ob Kind oder Erwachsener, ob Erstflieger oder Profi \u2013 im Windkanal kann so f\u00fcr jedes Gewicht und Man\u00f6ver die perfekte Luftgeschwindigkeit erzeugt werden. Je nach Bedarf werden in der Flugkammer <span style=\"color: #f6ab15;\"><strong>bis zu 280 km\/h<\/strong><\/span> erreicht, die ben\u00f6tigte <span style=\"color: #f6ab15;\"><strong>Windgeschwindigkeit<\/strong> <\/span>wird dabei permanent von einem professionellen Controller mit direktem Einblick in den Flugzylinder gesteuert.<\/p>\t\t\t\t\t\t<\/div>\n\t\t\t\t<\/div>\n\t\t\t\t<div class=\"elementor-element elementor-element-1e5968a elementor-widget elementor-widget-spacer\" data-id=\"1e5968a\" data-element_type=\"widget\" data-widget_type=\"spacer.default\">\n\t\t\t\t<div class=\"elementor-widget-container\">\n\t\t\t\t\t<div class=\"elementor-spacer\">\n\t\t\t<div class=\"elementor-spacer-inner\"><\/div>\n\t\t<\/div>\n\t\t\t\t<\/div>\n\t\t\t\t<\/div>\n\t\t\t\t<div class=\"elementor-element elementor-element-e5ccb70 elementor-align-center elementor-widget__width-auto elementor-widget elementor-widget-button\" data-id=\"e5ccb70\" data-element_type=\"widget\" data-widget_type=\"button.default\">\n\t\t\t\t<div class=\"elementor-widget-container\">\n\t\t\t\t\t<div class=\"elementor-button-wrapper\">\n\t\t\t<a class=\"elementor-button elementor-button-link elementor-size-sm\" href=\"https:\/\/hurricanefactory.com\/berlin\/eshop\/\">\n\t\t\t\t\t\t<span class=\"elementor-button-content-wrapper\">\n\t\t\t\t\t\t<span class=\"elementor-button-text\">GUTSCHEIN KAUFEN<\/span>\n\t\t<\/span>\n\t\t\t\t\t<\/a>\n\t\t<\/div>\n\t\t\t\t<\/div>\n\t\t\t\t<\/div>\n\t\t\t\t\t<\/div>\n\t\t<\/div>\n\t\t\t\t\t\t\t<\/div>\n\t\t<\/section>\n\t\t\t\t\t\t\t<\/div>\n\t\t","protected":false},"excerpt":{"rendered":"<p>Windkanal XXL GUTSCHEIN KAUFEN FLUG BUCHEN GUTSCHEIN EINL\u00d6SEN KOMM FLIEG MIT UNS! Mit dem eigenen K\u00f6rper im Wind fliegen\u2026 Diese unbeschreibliche Sensation erleben sonst nur Fallschirmspringer in der Freifall-Phase ihres Sprungs. In der Hurricane Factory ist dies nun fu\u0308r jeden erlebbar: Hier erfu\u0308llt sich der Traum vom Fliegen \u2013 gemeinsam mit einem professionellen Instruktor hebst [&hellip;]<\/p>\n","protected":false},"author":2,"featured_media":3853,"parent":0,"menu_order":0,"comment_status":"closed","ping_status":"closed","template":"","meta":{"inline_featured_image":false,"footnotes":""},"_links":{"self":[{"href":"https:\/\/hurricanefactory.com\/berlin\/wp-json\/wp\/v2\/pages\/6915"}],"collection":[{"href":"https:\/\/hurricanefactory.com\/berlin\/wp-json\/wp\/v2\/pages"}],"about":[{"href":"https:\/\/hurricanefactory.com\/berlin\/wp-json\/wp\/v2\/types\/page"}],"author":[{"embeddable":true,"href":"https:\/\/hurricanefactory.com\/berlin\/wp-json\/wp\/v2\/users\/2"}],"replies":[{"embeddable":true,"href":"https:\/\/hurricanefactory.com\/berlin\/wp-json\/wp\/v2\/comments?post=6915"}],"version-history":[{"count":6,"href":"https:\/\/hurricanefactory.com\/berlin\/wp-json\/wp\/v2\/pages\/6915\/revisions"}],"predecessor-version":[{"id":35141,"href":"https:\/\/hurricanefactory.com\/berlin\/wp-json\/wp\/v2\/pages\/6915\/revisions\/35141"}],"wp:featuredmedia":[{"embeddable":true,"href":"https:\/\/hurricanefactory.com\/berlin\/wp-json\/wp\/v2\/media\/3853"}],"wp:attachment":[{"href":"https:\/\/hurricanefactory.com\/berlin\/wp-json\/wp\/v2\/media?parent=6915"}],"curies":[{"name":"wp","href":"https:\/\/api.w.org\/{rel}","templated":true}]}}