 









{"id":4377,"date":"2020-09-16T14:08:25","date_gmt":"2020-09-16T12:08:25","guid":{"rendered":"https:\/\/hfde.yes.sk\/impressum\/"},"modified":"2025-10-07T14:26:23","modified_gmt":"2025-10-07T12:26:23","slug":"impressum","status":"publish","type":"page","link":"https:\/\/hurricanefactory.com\/berlin\/impressum\/","title":{"rendered":"Impressum"},"content":{"rendered":"\t\t<div data-elementor-type=\"wp-page\" data-elementor-id=\"4377\" class=\"elementor elementor-4377 elementor-4150\" data-elementor-post-type=\"page\">\n\t\t\t\t\t\t\t\t\t<section class=\"elementor-section elementor-top-section elementor-element elementor-element-ee97cbb elementor-section-boxed elementor-section-height-default elementor-section-height-default\" data-id=\"ee97cbb\" data-element_type=\"section\">\n\t\t\t\t\t\t<div class=\"elementor-container elementor-column-gap-default\">\n\t\t\t\t\t<div class=\"elementor-column elementor-col-100 elementor-top-column elementor-element elementor-element-0897c16\" data-id=\"0897c16\" data-element_type=\"column\">\n\t\t\t<div class=\"elementor-widget-wrap elementor-element-populated\">\n\t\t\t\t\t\t\t\t<div class=\"elementor-element elementor-element-691a163 elementor-widget elementor-widget-heading\" data-id=\"691a163\" data-element_type=\"widget\" data-widget_type=\"heading.default\">\n\t\t\t\t<div class=\"elementor-widget-container\">\n\t\t\t<h1 class=\"elementor-heading-title elementor-size-default\">Impressum<\/h1>\t\t<\/div>\n\t\t\t\t<\/div>\n\t\t\t\t<div class=\"elementor-element elementor-element-31cc75d elementor-widget elementor-widget-text-editor\" data-id=\"31cc75d\" data-element_type=\"widget\" data-widget_type=\"text-editor.default\">\n\t\t\t\t<div class=\"elementor-widget-container\">\n\t\t\t\t\t\t\t<p>Hauptstadt-Windkanal GmbH<br \/>Wassmannsdorfer Allee 3<br \/>D-12529 Sch\u00f6nefeld<\/p><p><b>Kontakt:<br \/><\/b>Telefon: 03379 3217380<br \/>E-Mail: <span style=\"text-decoration: underline; color: #000000;\"><strong><a target=\"_blank\" href=\"mailto:be&#114;&#108;in&#64;hur&#114;&#105;canef&#97;&#99;to&#114;y&#46;c&#111;&#109;\" rel=\"noopener\">be&#114;&#108;in&#64;hur&#114;&#105;canef&#97;&#99;to&#114;y&#46;c&#111;&#109;<\/a><\/strong><\/span><br \/>Internet:\u00a0<span style=\"text-decoration: underline; color: #000000;\"><strong><a target=\"_blank\" href=\"http:\/\/www.hurricanefactory.com\/berlin\" rel=\"noopener\" data-saferedirecturl=\"https:\/\/www.google.com\/url?q=http:\/\/www.hurricanefactory.com\/berlin&amp;source=gmail&amp;ust=1759398196344000&amp;usg=AOvVaw26ruvUUkZJNJGQxsAhJMFd\">www.hurricanefactory.com\/<wbr \/>berlin<\/a><\/strong><\/span><\/p><p><b>Gesch\u00e4ftsf\u00fchrung:<br \/><\/b>John Georgi<br \/>Amtsgericht Charlottenburg: HRB 260214 B<br \/>Steuernummer: 049\/110\/00658<br \/>USt-IdNr.: DE366576218<\/p><p><b>Bankverbindung:<br \/><\/b>Berliner Sparkasse<br \/>IBAN: DE03 1005 0000 0191 5012 80<br \/>BIC: BELADEBEXXX<\/p><p><b>Redaktion und inhaltlich Verantwortlicher gem\u00e4\u00df \u00a7 10 Absatz 3 MDStV:<br \/><\/b>John Georgi, Gesch\u00e4ftsf\u00fchrer<br \/>Hauptstadt-Windkanal GmbH<br \/>Wassmannsdorfer Allee 3<br \/>D-12529 Sch\u00f6nefeld<\/p>\t\t\t\t\t\t<\/div>\n\t\t\t\t<\/div>\n\t\t\t\t<div class=\"elementor-element elementor-element-e8ef32f elementor-widget elementor-widget-spacer\" data-id=\"e8ef32f\" data-element_type=\"widget\" data-widget_type=\"spacer.default\">\n\t\t\t\t<div class=\"elementor-widget-container\">\n\t\t\t\t\t<div class=\"elementor-spacer\">\n\t\t\t<div class=\"elementor-spacer-inner\"><\/div>\n\t\t<\/div>\n\t\t\t\t<\/div>\n\t\t\t\t<\/div>\n\t\t\t\t\t<\/div>\n\t\t<\/div>\n\t\t\t\t\t\t\t<\/div>\n\t\t<\/section>\n\t\t\t\t\t\t\t<\/div>\n\t\t","protected":false},"excerpt":{"rendered":"<p>Impressum Hauptstadt-Windkanal GmbHWassmannsdorfer Allee 3D-12529 Sch\u00f6nefeld Kontakt:Telefon: 03379 3217380E-Mail: &#98;er&#108;in&#64;&#104;&#117;r&#114;i&#99;an&#101;&#102;ac&#116;or&#121;&#46;&#99;omInternet:\u00a0www.hurricanefactory.com\/berlin Gesch\u00e4ftsf\u00fchrung:John GeorgiAmtsgericht Charlottenburg: HRB 260214 BSteuernummer: 049\/110\/00658USt-IdNr.: DE366576218 Bankverbindung:Berliner SparkasseIBAN: DE03 1005 0000 0191 5012 80BIC: BELADEBEXXX Redaktion und inhaltlich Verantwortlicher gem\u00e4\u00df \u00a7 10 Absatz 3 MDStV:John Georgi, Gesch\u00e4ftsf\u00fchrerHauptstadt-Windkanal GmbHWassmannsdorfer Allee 3D-12529 Sch\u00f6nefeld<\/p>\n","protected":false},"author":1,"featured_media":0,"parent":0,"menu_order":0,"comment_status":"closed","ping_status":"closed","template":"","meta":{"inline_featured_image":false,"footnotes":""},"_links":{"self":[{"href":"https:\/\/hurricanefactory.com\/berlin\/wp-json\/wp\/v2\/pages\/4377"}],"collection":[{"href":"https:\/\/hurricanefactory.com\/berlin\/wp-json\/wp\/v2\/pages"}],"about":[{"href":"https:\/\/hurricanefactory.com\/berlin\/wp-json\/wp\/v2\/types\/page"}],"author":[{"embeddable":true,"href":"https:\/\/hurricanefactory.com\/berlin\/wp-json\/wp\/v2\/users\/1"}],"replies":[{"embeddable":true,"href":"https:\/\/hurricanefactory.com\/berlin\/wp-json\/wp\/v2\/comments?post=4377"}],"version-history":[{"count":6,"href":"https:\/\/hurricanefactory.com\/berlin\/wp-json\/wp\/v2\/pages\/4377\/revisions"}],"predecessor-version":[{"id":34270,"href":"https:\/\/hurricanefactory.com\/berlin\/wp-json\/wp\/v2\/pages\/4377\/revisions\/34270"}],"wp:attachment":[{"href":"https:\/\/hurricanefactory.com\/berlin\/wp-json\/wp\/v2\/media?parent=4377"}],"curies":[{"name":"wp","href":"https:\/\/api.w.org\/{rel}","templated":true}]}}