 









{"id":4373,"date":"2020-09-16T14:03:21","date_gmt":"2020-09-16T12:03:21","guid":{"rendered":"https:\/\/hfde.yes.sk\/teilnahmebedingungen\/"},"modified":"2025-11-14T18:49:27","modified_gmt":"2025-11-14T17:49:27","slug":"teilnahmebedingungen","status":"publish","type":"page","link":"https:\/\/hurricanefactory.com\/berlin\/teilnahmebedingungen\/","title":{"rendered":"Teilnahmebedingungen"},"content":{"rendered":"\t\t<div data-elementor-type=\"wp-page\" data-elementor-id=\"4373\" class=\"elementor elementor-4373 elementor-4138\" data-elementor-post-type=\"page\">\n\t\t\t\t\t\t\t\t\t<section class=\"elementor-section elementor-top-section elementor-element elementor-element-8af3580 elementor-section-boxed elementor-section-height-default elementor-section-height-default\" data-id=\"8af3580\" data-element_type=\"section\">\n\t\t\t\t\t\t<div class=\"elementor-container elementor-column-gap-default\">\n\t\t\t\t\t<div class=\"elementor-column elementor-col-100 elementor-top-column elementor-element elementor-element-29e2da5\" data-id=\"29e2da5\" data-element_type=\"column\">\n\t\t\t<div class=\"elementor-widget-wrap elementor-element-populated\">\n\t\t\t\t\t\t\t\t<div class=\"elementor-element elementor-element-91c4755 elementor-widget elementor-widget-spacer\" data-id=\"91c4755\" data-element_type=\"widget\" data-widget_type=\"spacer.default\">\n\t\t\t\t<div class=\"elementor-widget-container\">\n\t\t\t\t\t<div class=\"elementor-spacer\">\n\t\t\t<div class=\"elementor-spacer-inner\"><\/div>\n\t\t<\/div>\n\t\t\t\t<\/div>\n\t\t\t\t<\/div>\n\t\t\t\t<div class=\"elementor-element elementor-element-3abe4a2 elementor-widget elementor-widget-heading\" data-id=\"3abe4a2\" data-element_type=\"widget\" data-widget_type=\"heading.default\">\n\t\t\t\t<div class=\"elementor-widget-container\">\n\t\t\t<h1 class=\"elementor-heading-title elementor-size-default\">Teilnahmebedingungen<\/h1>\t\t<\/div>\n\t\t\t\t<\/div>\n\t\t\t\t<div class=\"elementor-element elementor-element-e8844a9 elementor-widget elementor-widget-text-editor\" data-id=\"e8844a9\" data-element_type=\"widget\" data-widget_type=\"text-editor.default\">\n\t\t\t\t<div class=\"elementor-widget-container\">\n\t\t\t\t\t\t\t<p>Auch wenn der Flug in einem Windkanal ein spannendes und sportliches Erlebnis ist, reicht eine gesunde k\u00f6rperliche Verfassung. Trotzdem bitten wir um Beachtung nachfolgender Teilnahmebedingungen:<\/p><p>&#8211; Das Mindestalter betr\u00e4gt 5 Jahre. Bei Kindern und Jugendlichen unter 18 Jahren ben\u00f6tigen wir eine schriftliche Einverst\u00e4ndniserkl\u00e4rung der Erziehungsberechtigten.<br \/>&#8211; Bei Problemen mit Schultern, Gelenken, R\u00fccken oder Bandscheiben, kontaktieren Sie bitte vorher Ihren Arzt.<br \/>&#8211; Vor dem Bodyflying d\u00fcrfen weder Alkohol noch Drogen eingenommen werden.<br \/>&#8211; Vor der Teilnahme m\u00fcssen unsere Teilnahmebedingungen ausgef\u00fcllt und abgegeben werden.<\/p><h4><strong>Wir raten von einer Teilnahme ab, bei<\/strong><\/h4><p>&#8211; einer bereits ausgerenkten Schulter<br \/>&#8211; einer bestehenden Schwangerschaft<\/p><h4><strong>Eine Teilnahme ist nicht m\u00f6glich, bei<\/strong><\/h4><p>&#8211; \u00dcberschreiten eines Maximalgewichts von 120 kg<br \/>&#8211; in der Vergangenheit oder aktuell Vorliegen gef\u00e4hrlicher Herz- Kreislauferkrankungen, implantierten Herzschrittmacher, wenn Sie Schlaganfall-Patient sind<br \/>&#8211; bei Vorliegen akuter Verletzungen bzw. Krankheiten.<\/p><p>F\u00fcr Ihren Flug ben\u00f6tigen Sie bequeme Kleidung und m\u00f6glichst Turnschuhe (zum Schn\u00fcren) mit hellen Sohlen. Die weitere Ausr\u00fcstung wird von uns gestellt. F\u00fcr Tr\u00e4ger von Brillen und Kontaktlinsen gibt es daf\u00fcr vorgesehene Flugbrillen.<\/p>\t\t\t\t\t\t<\/div>\n\t\t\t\t<\/div>\n\t\t\t\t<div class=\"elementor-element elementor-element-630d7ca elementor-widget elementor-widget-heading\" data-id=\"630d7ca\" data-element_type=\"widget\" data-widget_type=\"heading.default\">\n\t\t\t\t<div class=\"elementor-widget-container\">\n\t\t\t<h3 class=\"elementor-heading-title elementor-size-default\">TEILNAHMEERKL\u00c4RUNG F\u00dcR FUN FLYER<\/h3>\t\t<\/div>\n\t\t\t\t<\/div>\n\t\t\t\t<div class=\"elementor-element elementor-element-e4c1882 elementor-widget elementor-widget-text-editor\" data-id=\"e4c1882\" data-element_type=\"widget\" data-widget_type=\"text-editor.default\">\n\t\t\t\t<div class=\"elementor-widget-container\">\n\t\t\t\t\t\t\t<p>F\u00fcr alle Fliegenden ist eine Teilnahmeerkl\u00e4rung f\u00fcr das Flugerlebnis erforderlich. <b>Minderj\u00e4hrige ben\u00f6tigen f\u00fcr das Fliegen im Windkanal die <a target=\"_blank\" href=\"https:\/\/hurricanefactory.com\/berlin\/wp-content\/uploads\/2025\/11\/Vollmacht_Minderjaehrige_DE.pdf\" rel=\"noopener\">Einverst\u00e4ndniserkl\u00e4rung<\/a> eines Erziehungsberechtigten (Elternteil) mit dazugeh\u00f6riger Ausweiskopie.<\/b>\u00a0<\/p>\t\t\t\t\t\t<\/div>\n\t\t\t\t<\/div>\n\t\t\t\t\t<\/div>\n\t\t<\/div>\n\t\t\t\t\t\t\t<\/div>\n\t\t<\/section>\n\t\t\t\t\t\t\t<\/div>\n\t\t","protected":false},"excerpt":{"rendered":"<p>Teilnahmebedingungen Auch wenn der Flug in einem Windkanal ein spannendes und sportliches Erlebnis ist, reicht eine gesunde k\u00f6rperliche Verfassung. Trotzdem bitten wir um Beachtung nachfolgender Teilnahmebedingungen: &#8211; Das Mindestalter betr\u00e4gt 5 Jahre. Bei Kindern und Jugendlichen unter 18 Jahren ben\u00f6tigen wir eine schriftliche Einverst\u00e4ndniserkl\u00e4rung der Erziehungsberechtigten.&#8211; Bei Problemen mit Schultern, Gelenken, R\u00fccken oder Bandscheiben, kontaktieren [&hellip;]<\/p>\n","protected":false},"author":1,"featured_media":0,"parent":0,"menu_order":0,"comment_status":"closed","ping_status":"closed","template":"","meta":{"inline_featured_image":false,"footnotes":""},"_links":{"self":[{"href":"https:\/\/hurricanefactory.com\/berlin\/wp-json\/wp\/v2\/pages\/4373"}],"collection":[{"href":"https:\/\/hurricanefactory.com\/berlin\/wp-json\/wp\/v2\/pages"}],"about":[{"href":"https:\/\/hurricanefactory.com\/berlin\/wp-json\/wp\/v2\/types\/page"}],"author":[{"embeddable":true,"href":"https:\/\/hurricanefactory.com\/berlin\/wp-json\/wp\/v2\/users\/1"}],"replies":[{"embeddable":true,"href":"https:\/\/hurricanefactory.com\/berlin\/wp-json\/wp\/v2\/comments?post=4373"}],"version-history":[{"count":6,"href":"https:\/\/hurricanefactory.com\/berlin\/wp-json\/wp\/v2\/pages\/4373\/revisions"}],"predecessor-version":[{"id":34699,"href":"https:\/\/hurricanefactory.com\/berlin\/wp-json\/wp\/v2\/pages\/4373\/revisions\/34699"}],"wp:attachment":[{"href":"https:\/\/hurricanefactory.com\/berlin\/wp-json\/wp\/v2\/media?parent=4373"}],"curies":[{"name":"wp","href":"https:\/\/api.w.org\/{rel}","templated":true}]}}