 









{"id":4186,"date":"2020-09-11T14:22:43","date_gmt":"2020-09-11T12:22:43","guid":{"rendered":"https:\/\/hfde.yes.sk\/sky\/"},"modified":"2025-10-04T21:45:46","modified_gmt":"2025-10-04T19:45:46","slug":"sky","status":"publish","type":"page","link":"https:\/\/hurricanefactory.com\/berlin\/sky\/","title":{"rendered":"Sky"},"content":{"rendered":"\t\t<div data-elementor-type=\"wp-page\" data-elementor-id=\"4186\" class=\"elementor elementor-4186 elementor-4025\" data-elementor-post-type=\"page\">\n\t\t\t\t\t\t\t\t\t<section class=\"elementor-section elementor-top-section elementor-element elementor-element-ebf968b title elementor-section-height-min-height elementor-section-boxed elementor-section-height-default elementor-section-items-middle\" data-id=\"ebf968b\" data-element_type=\"section\" data-settings=\"{&quot;background_background&quot;:&quot;classic&quot;}\">\n\t\t\t\t\t\t\t<div class=\"elementor-background-overlay\"><\/div>\n\t\t\t\t\t\t\t<div class=\"elementor-container elementor-column-gap-default\">\n\t\t\t\t\t<div class=\"elementor-column elementor-col-100 elementor-top-column elementor-element elementor-element-d4d8d0e\" data-id=\"d4d8d0e\" data-element_type=\"column\">\n\t\t\t<div class=\"elementor-widget-wrap elementor-element-populated\">\n\t\t\t\t\t\t\t\t<div class=\"elementor-element elementor-element-d0aa2fd elementor-widget elementor-widget-heading\" data-id=\"d0aa2fd\" data-element_type=\"widget\" data-widget_type=\"heading.default\">\n\t\t\t\t<div class=\"elementor-widget-container\">\n\t\t\t<h1 class=\"elementor-heading-title elementor-size-xxl\">Unsere Skyprodukte<br>\nf\u00fcr in- & outdoor<\/h1>\t\t<\/div>\n\t\t\t\t<\/div>\n\t\t\t\t<div class=\"elementor-element elementor-element-de177db elementor-hidden-tablet elementor-hidden-phone elementor-widget elementor-widget-heading\" data-id=\"de177db\" data-element_type=\"widget\" data-widget_type=\"heading.default\">\n\t\t\t\t<div class=\"elementor-widget-container\">\n\t\t\t<p class=\"elementor-heading-title elementor-size-medium\">Du hast noch nicht genug vom Fliegen oder m\u00f6chtest wissen, wie sich der freie Fall anf\u00fchlt? In Kooperation mit TAKE OFF Fallschirmsport bieten wir alles vom Tandemsprung bis hin zu In- & Outdoor Skydiving-Paketen aus Windtunnel-Training und Fallschirmkurs. Auch f\u00fcr den bereits erfahrenen Fallschirmspringer bieten wir Coaching-Pakete aus Flugzeit im Windtunnel und Spr\u00fcngen drau\u00dfen \u2013 z.B. nach l\u00e4ngerer Sprungpause oder als Aufbauprogramm.<\/p>\t\t<\/div>\n\t\t\t\t<\/div>\n\t\t\t\t\t<\/div>\n\t\t<\/div>\n\t\t\t\t\t\t\t<\/div>\n\t\t<\/section>\n\t\t\t\t<section class=\"elementor-section elementor-top-section elementor-element elementor-element-aa16e68 elementor-section-boxed elementor-section-height-default elementor-section-height-default\" data-id=\"aa16e68\" data-element_type=\"section\">\n\t\t\t\t\t\t<div class=\"elementor-container elementor-column-gap-default\">\n\t\t\t\t\t<div class=\"elementor-column elementor-col-100 elementor-top-column elementor-element elementor-element-fe537e1\" data-id=\"fe537e1\" data-element_type=\"column\">\n\t\t\t<div class=\"elementor-widget-wrap elementor-element-populated\">\n\t\t\t\t\t\t\t\t<div class=\"elementor-element elementor-element-8115761 elementor-hidden-desktop elementor-widget elementor-widget-text-editor\" data-id=\"8115761\" data-element_type=\"widget\" data-widget_type=\"text-editor.default\">\n\t\t\t\t<div class=\"elementor-widget-container\">\n\t\t\t\t\t\t\t<p>Du hast noch nicht genug vom Fliegen oder m\u00f6chtest wissen, wie sich der freie Fall anf\u00fchlt? In Kooperation mit TAKE OFF Fallschirmsport bieten wir alles vom Tandemsprung bis hin zu In- &amp; Outdoor Skydiving-Paketen aus Windtunnel-Training und Fallschirmkurs. Auch f\u00fcr den bereits erfahrenen Fallschirmspringer bieten wir Coaching-Pakete aus Flugzeit im Windtunnel und Spr\u00fcngen drau\u00dfen \u2013 z.B. nach l\u00e4ngerer Sprungpause oder als Aufbauprogramm.\u200b<\/p>\t\t\t\t\t\t<\/div>\n\t\t\t\t<\/div>\n\t\t\t\t<div class=\"elementor-element elementor-element-c4a096d elementor-widget elementor-widget-spacer\" data-id=\"c4a096d\" data-element_type=\"widget\" data-widget_type=\"spacer.default\">\n\t\t\t\t<div class=\"elementor-widget-container\">\n\t\t\t\t\t<div class=\"elementor-spacer\">\n\t\t\t<div class=\"elementor-spacer-inner\"><\/div>\n\t\t<\/div>\n\t\t\t\t<\/div>\n\t\t\t\t<\/div>\n\t\t\t\t\t<\/div>\n\t\t<\/div>\n\t\t\t\t\t\t\t<\/div>\n\t\t<\/section>\n\t\t\t\t\t\t\t<\/div>\n\t\t","protected":false},"excerpt":{"rendered":"<p>Unsere Skyprodukte f\u00fcr in- &#038; outdoor Du hast noch nicht genug vom Fliegen oder m\u00f6chtest wissen, wie sich der freie Fall anf\u00fchlt? In Kooperation mit TAKE OFF Fallschirmsport bieten wir alles vom Tandemsprung bis hin zu In- &#038; Outdoor Skydiving-Paketen aus Windtunnel-Training und Fallschirmkurs. Auch f\u00fcr den bereits erfahrenen Fallschirmspringer bieten wir Coaching-Pakete aus Flugzeit [&hellip;]<\/p>\n","protected":false},"author":1,"featured_media":0,"parent":0,"menu_order":0,"comment_status":"closed","ping_status":"closed","template":"","meta":{"inline_featured_image":false,"footnotes":""},"_links":{"self":[{"href":"https:\/\/hurricanefactory.com\/berlin\/wp-json\/wp\/v2\/pages\/4186"}],"collection":[{"href":"https:\/\/hurricanefactory.com\/berlin\/wp-json\/wp\/v2\/pages"}],"about":[{"href":"https:\/\/hurricanefactory.com\/berlin\/wp-json\/wp\/v2\/types\/page"}],"author":[{"embeddable":true,"href":"https:\/\/hurricanefactory.com\/berlin\/wp-json\/wp\/v2\/users\/1"}],"replies":[{"embeddable":true,"href":"https:\/\/hurricanefactory.com\/berlin\/wp-json\/wp\/v2\/comments?post=4186"}],"version-history":[{"count":6,"href":"https:\/\/hurricanefactory.com\/berlin\/wp-json\/wp\/v2\/pages\/4186\/revisions"}],"predecessor-version":[{"id":33879,"href":"https:\/\/hurricanefactory.com\/berlin\/wp-json\/wp\/v2\/pages\/4186\/revisions\/33879"}],"wp:attachment":[{"href":"https:\/\/hurricanefactory.com\/berlin\/wp-json\/wp\/v2\/media?parent=4186"}],"curies":[{"name":"wp","href":"https:\/\/api.w.org\/{rel}","templated":true}]}}