 









{"id":34645,"date":"2025-11-14T15:03:26","date_gmt":"2025-11-14T14:03:26","guid":{"rendered":"https:\/\/hurricanefactory.com\/berlin\/?page_id=34645"},"modified":"2025-11-14T15:20:28","modified_gmt":"2025-11-14T14:20:28","slug":"indoor-para-takeoff","status":"publish","type":"page","link":"https:\/\/hurricanefactory.com\/berlin\/indoor-para-takeoff\/","title":{"rendered":"INDOOR PARA-TAKEOFF"},"content":{"rendered":"\t\t<div data-elementor-type=\"wp-page\" data-elementor-id=\"34645\" class=\"elementor elementor-34645\" data-elementor-post-type=\"page\">\n\t\t\t\t\t\t\t\t\t<section class=\"elementor-section elementor-top-section elementor-element elementor-element-27cc8ed9 title elementor-section-height-min-height elementor-section-items-bottom elementor-section-content-bottom elementor-section-boxed elementor-section-height-default\" data-id=\"27cc8ed9\" data-element_type=\"section\" data-settings=\"{&quot;background_background&quot;:&quot;classic&quot;}\">\n\t\t\t\t\t\t<div class=\"elementor-container elementor-column-gap-default\">\n\t\t\t\t\t<div class=\"elementor-column elementor-col-100 elementor-top-column elementor-element elementor-element-3c3e929e\" data-id=\"3c3e929e\" data-element_type=\"column\">\n\t\t\t<div class=\"elementor-widget-wrap elementor-element-populated\">\n\t\t\t\t\t\t\t\t<div class=\"elementor-element elementor-element-96b1e74 elementor-widget elementor-widget-heading\" data-id=\"96b1e74\" data-element_type=\"widget\" data-widget_type=\"heading.default\">\n\t\t\t\t<div class=\"elementor-widget-container\">\n\t\t\t<h1 class=\"elementor-heading-title elementor-size-default\">INDOOR<br>\nPARA-TAKEOFF<br>2025<\/h1>\t\t<\/div>\n\t\t\t\t<\/div>\n\t\t\t\t\t<\/div>\n\t\t<\/div>\n\t\t\t\t\t\t\t<\/div>\n\t\t<\/section>\n\t\t\t\t<section class=\"elementor-section elementor-top-section elementor-element elementor-element-73fd4e68 elementor-section-full_width elementor-section-height-default elementor-section-height-default\" data-id=\"73fd4e68\" data-element_type=\"section\">\n\t\t\t\t\t\t<div class=\"elementor-container elementor-column-gap-default\">\n\t\t\t\t\t<div class=\"elementor-column elementor-col-100 elementor-top-column elementor-element elementor-element-4192d1d\" data-id=\"4192d1d\" data-element_type=\"column\">\n\t\t\t<div class=\"elementor-widget-wrap elementor-element-populated\">\n\t\t\t\t\t\t\t\t<div class=\"elementor-element elementor-element-2757cedb elementor-widget elementor-widget-image\" data-id=\"2757cedb\" data-element_type=\"widget\" data-widget_type=\"image.default\">\n\t\t\t\t<div class=\"elementor-widget-container\">\n\t\t\t\t\t\t\t\t\t\t\t\t\t\t\t<img decoding=\"async\" loading=\"lazy\" width=\"2713\" height=\"71\" src=\"https:\/\/hurricanefactory.com\/berlin\/wp-content\/uploads\/2021\/09\/0-stripe-bottom-header-video-image-cropped.png\" class=\"attachment-full size-full wp-image-6773\" alt=\"\" srcset=\"https:\/\/hurricanefactory.com\/berlin\/wp-content\/uploads\/2021\/09\/0-stripe-bottom-header-video-image-cropped.png 2713w, https:\/\/hurricanefactory.com\/berlin\/wp-content\/uploads\/2021\/09\/0-stripe-bottom-header-video-image-cropped-300x8.png 300w, https:\/\/hurricanefactory.com\/berlin\/wp-content\/uploads\/2021\/09\/0-stripe-bottom-header-video-image-cropped-1024x27.png 1024w, https:\/\/hurricanefactory.com\/berlin\/wp-content\/uploads\/2021\/09\/0-stripe-bottom-header-video-image-cropped-768x20.png 768w, https:\/\/hurricanefactory.com\/berlin\/wp-content\/uploads\/2021\/09\/0-stripe-bottom-header-video-image-cropped-1536x40.png 1536w, https:\/\/hurricanefactory.com\/berlin\/wp-content\/uploads\/2021\/09\/0-stripe-bottom-header-video-image-cropped-2048x54.png 2048w, https:\/\/hurricanefactory.com\/berlin\/wp-content\/uploads\/2021\/09\/0-stripe-bottom-header-video-image-cropped-290x8.png 290w, https:\/\/hurricanefactory.com\/berlin\/wp-content\/uploads\/2021\/09\/0-stripe-bottom-header-video-image-cropped-600x16.png 600w\" sizes=\"(max-width: 2713px) 100vw, 2713px\" \/>\t\t\t\t\t\t\t\t\t\t\t\t\t\t\t<\/div>\n\t\t\t\t<\/div>\n\t\t\t\t\t<\/div>\n\t\t<\/div>\n\t\t\t\t\t\t\t<\/div>\n\t\t<\/section>\n\t\t\t\t<section class=\"elementor-section elementor-top-section elementor-element elementor-element-1517f58 elementor-section-boxed elementor-section-height-default elementor-section-height-default\" data-id=\"1517f58\" data-element_type=\"section\">\n\t\t\t\t\t\t<div class=\"elementor-container elementor-column-gap-default\">\n\t\t\t\t\t<div class=\"elementor-column elementor-col-100 elementor-top-column elementor-element elementor-element-44f8f6ac\" data-id=\"44f8f6ac\" data-element_type=\"column\">\n\t\t\t<div class=\"elementor-widget-wrap elementor-element-populated\">\n\t\t\t\t\t\t\t\t<div class=\"elementor-element elementor-element-3ef5b7bc elementor-widget elementor-widget-heading\" data-id=\"3ef5b7bc\" data-element_type=\"widget\" data-widget_type=\"heading.default\">\n\t\t\t\t<div class=\"elementor-widget-container\">\n\t\t\t<h2 class=\"elementor-heading-title elementor-size-default\">IMPOSSIBLE IS JUST A WORD<\/h2>\t\t<\/div>\n\t\t\t\t<\/div>\n\t\t\t\t<div class=\"elementor-element elementor-element-1c95a177 elementor-widget elementor-widget-text-editor\" data-id=\"1c95a177\" data-element_type=\"widget\" data-widget_type=\"text-editor.default\">\n\t\t\t\t<div class=\"elementor-widget-container\">\n\t\t\t\t\t\t\t<p><strong>Bei uns k\u00f6nnen Alle fliegen!<\/strong> Fliegen im Windkanal: f\u00fcr viele schwer vorstellbar, beim Indoor Para-TAKEOFF Event zeigen wir, dass es machbar ist. Egal ob mit oder ohne Behinderung, die faszinierende Welt des Indoor-Skydiving ist f\u00fcr alle Menschen zug\u00e4nglich.<\/p><p>Am 22. November 2025 in der Zeit von 16:00 Uhr bis 20:00 Uhr f\u00fchrt die Hurricane Factory Berlin in Zusammenarbeit mit dem Deutschen Fallschirmsport-Verband (DFV) e.V. ein von der Aktion Mensch gef\u00f6rdertes inklusives Event f\u00fcr Menschen mit und ohne Behinderung durch. Unterst\u00fctzt wird die Hurricane Factory Berlin dabei vom Verein TAKE OFF Fallschirmsport Fehrbellin e.V. und dessen Partner Landkreisstiftung Ostprignitz-Ruppin sowie rainbowsuits.<\/p><p>Im Rahmen des Events k\u00f6nnen die Teilnehmenden ganz niederschwellig erste Erfahrungen im Windkanal sammeln, diese vertiefen und auch gemeinsam mit Menschen ohne Behinderung fliegen, denn Inklusivit\u00e4t ist hier oberste Priorit\u00e4t. Begleitet und unterst\u00fctzt werden sie von erfahrenen Instruktoren und den Athleten des Indoor ParaSkydiving Nationalteams, so dass ein sicheres und unvergessliches Flugerlebnis garantiert ist. Fachliche Vortr\u00e4gen zu den Themen In- und Outdoor Skydiving f\u00fcr Menschen mit Behinderungen begleiten das Event.<\/p><p>Wir freuen uns auf euch und selbstverst\u00e4ndlich sind auch Familie und Freunde zum Zuschauen herzlich eingeladen.<\/p><p>Bis Bald im Hauptstadt-Windkanal!<\/p>\t\t\t\t\t\t<\/div>\n\t\t\t\t<\/div>\n\t\t\t\t<div class=\"elementor-element elementor-element-25215e1e elementor-widget elementor-widget-gallery\" data-id=\"25215e1e\" data-element_type=\"widget\" data-settings=\"{&quot;columns&quot;:3,&quot;gap&quot;:{&quot;unit&quot;:&quot;px&quot;,&quot;size&quot;:14,&quot;sizes&quot;:[]},&quot;lazyload&quot;:&quot;yes&quot;,&quot;gallery_layout&quot;:&quot;grid&quot;,&quot;columns_tablet&quot;:2,&quot;columns_mobile&quot;:1,&quot;gap_tablet&quot;:{&quot;unit&quot;:&quot;px&quot;,&quot;size&quot;:10,&quot;sizes&quot;:[]},&quot;gap_mobile&quot;:{&quot;unit&quot;:&quot;px&quot;,&quot;size&quot;:10,&quot;sizes&quot;:[]},&quot;link_to&quot;:&quot;file&quot;,&quot;aspect_ratio&quot;:&quot;3:2&quot;,&quot;overlay_background&quot;:&quot;yes&quot;,&quot;content_hover_animation&quot;:&quot;fade-in&quot;}\" data-widget_type=\"gallery.default\">\n\t\t\t\t<div class=\"elementor-widget-container\">\n\t\t\t\t\t<div class=\"elementor-gallery__container\">\n\t\t\t\t\t\t\t<a class=\"e-gallery-item elementor-gallery-item elementor-animated-content\" href=\"https:\/\/hurricanefactory.com\/berlin\/wp-content\/uploads\/2025\/11\/gallery-ips-01.jpg\" data-elementor-open-lightbox=\"yes\" data-elementor-lightbox-slideshow=\"25215e1e\" data-elementor-lightbox-title=\"gallery-ips-01\" data-e-action-hash=\"#elementor-action%3Aaction%3Dlightbox%26settings%3DeyJpZCI6MzQ2NzQsInVybCI6Imh0dHBzOlwvXC9odXJyaWNhbmVmYWN0b3J5LmNvbVwvYmVybGluXC93cC1jb250ZW50XC91cGxvYWRzXC8yMDI1XC8xMVwvZ2FsbGVyeS1pcHMtMDEuanBnIiwic2xpZGVzaG93IjoiMjUyMTVlMWUifQ%3D%3D\">\n\t\t\t\t\t<div class=\"e-gallery-image elementor-gallery-item__image\" data-thumbnail=\"https:\/\/hurricanefactory.com\/berlin\/wp-content\/uploads\/2025\/11\/gallery-ips-01-768x511.jpg\" data-width=\"768\" data-height=\"511\" aria-label=\"\" role=\"img\" ><\/div>\n\t\t\t\t\t\t\t\t\t\t\t<div class=\"elementor-gallery-item__overlay\"><\/div>\n\t\t\t\t\t\t\t\t\t\t\t\t\t\t<\/a>\n\t\t\t\t\t\t\t<a class=\"e-gallery-item elementor-gallery-item elementor-animated-content\" href=\"https:\/\/hurricanefactory.com\/berlin\/wp-content\/uploads\/2025\/11\/gallery-ips-02.jpg\" data-elementor-open-lightbox=\"yes\" data-elementor-lightbox-slideshow=\"25215e1e\" data-elementor-lightbox-title=\"gallery-ips-02\" data-e-action-hash=\"#elementor-action%3Aaction%3Dlightbox%26settings%3DeyJpZCI6MzQ2NzYsInVybCI6Imh0dHBzOlwvXC9odXJyaWNhbmVmYWN0b3J5LmNvbVwvYmVybGluXC93cC1jb250ZW50XC91cGxvYWRzXC8yMDI1XC8xMVwvZ2FsbGVyeS1pcHMtMDIuanBnIiwic2xpZGVzaG93IjoiMjUyMTVlMWUifQ%3D%3D\">\n\t\t\t\t\t<div class=\"e-gallery-image elementor-gallery-item__image\" data-thumbnail=\"https:\/\/hurricanefactory.com\/berlin\/wp-content\/uploads\/2025\/11\/gallery-ips-02-768x511.jpg\" data-width=\"768\" data-height=\"511\" aria-label=\"\" role=\"img\" ><\/div>\n\t\t\t\t\t\t\t\t\t\t\t<div class=\"elementor-gallery-item__overlay\"><\/div>\n\t\t\t\t\t\t\t\t\t\t\t\t\t\t<\/a>\n\t\t\t\t\t\t\t<a class=\"e-gallery-item elementor-gallery-item elementor-animated-content\" href=\"https:\/\/hurricanefactory.com\/berlin\/wp-content\/uploads\/2025\/11\/gallery-ips-03.jpg\" data-elementor-open-lightbox=\"yes\" data-elementor-lightbox-slideshow=\"25215e1e\" data-elementor-lightbox-title=\"gallery-ips-03\" data-e-action-hash=\"#elementor-action%3Aaction%3Dlightbox%26settings%3DeyJpZCI6MzQ2NzgsInVybCI6Imh0dHBzOlwvXC9odXJyaWNhbmVmYWN0b3J5LmNvbVwvYmVybGluXC93cC1jb250ZW50XC91cGxvYWRzXC8yMDI1XC8xMVwvZ2FsbGVyeS1pcHMtMDMuanBnIiwic2xpZGVzaG93IjoiMjUyMTVlMWUifQ%3D%3D\">\n\t\t\t\t\t<div class=\"e-gallery-image elementor-gallery-item__image\" data-thumbnail=\"https:\/\/hurricanefactory.com\/berlin\/wp-content\/uploads\/2025\/11\/gallery-ips-03-768x511.jpg\" data-width=\"768\" data-height=\"511\" aria-label=\"\" role=\"img\" ><\/div>\n\t\t\t\t\t\t\t\t\t\t\t<div class=\"elementor-gallery-item__overlay\"><\/div>\n\t\t\t\t\t\t\t\t\t\t\t\t\t\t<\/a>\n\t\t\t\t\t\t\t<a class=\"e-gallery-item elementor-gallery-item elementor-animated-content\" href=\"https:\/\/hurricanefactory.com\/berlin\/wp-content\/uploads\/2025\/11\/gallery-ips-04.jpg\" data-elementor-open-lightbox=\"yes\" data-elementor-lightbox-slideshow=\"25215e1e\" data-elementor-lightbox-title=\"gallery-ips-04\" data-e-action-hash=\"#elementor-action%3Aaction%3Dlightbox%26settings%3DeyJpZCI6MzQ2ODAsInVybCI6Imh0dHBzOlwvXC9odXJyaWNhbmVmYWN0b3J5LmNvbVwvYmVybGluXC93cC1jb250ZW50XC91cGxvYWRzXC8yMDI1XC8xMVwvZ2FsbGVyeS1pcHMtMDQuanBnIiwic2xpZGVzaG93IjoiMjUyMTVlMWUifQ%3D%3D\">\n\t\t\t\t\t<div class=\"e-gallery-image elementor-gallery-item__image\" data-thumbnail=\"https:\/\/hurricanefactory.com\/berlin\/wp-content\/uploads\/2025\/11\/gallery-ips-04-768x511.jpg\" data-width=\"768\" data-height=\"511\" aria-label=\"\" role=\"img\" ><\/div>\n\t\t\t\t\t\t\t\t\t\t\t<div class=\"elementor-gallery-item__overlay\"><\/div>\n\t\t\t\t\t\t\t\t\t\t\t\t\t\t<\/a>\n\t\t\t\t\t\t\t<a class=\"e-gallery-item elementor-gallery-item elementor-animated-content\" href=\"https:\/\/hurricanefactory.com\/berlin\/wp-content\/uploads\/2025\/11\/gallery-ips-05.jpg\" data-elementor-open-lightbox=\"yes\" data-elementor-lightbox-slideshow=\"25215e1e\" data-elementor-lightbox-title=\"gallery-ips-05\" data-e-action-hash=\"#elementor-action%3Aaction%3Dlightbox%26settings%3DeyJpZCI6MzQ2ODIsInVybCI6Imh0dHBzOlwvXC9odXJyaWNhbmVmYWN0b3J5LmNvbVwvYmVybGluXC93cC1jb250ZW50XC91cGxvYWRzXC8yMDI1XC8xMVwvZ2FsbGVyeS1pcHMtMDUuanBnIiwic2xpZGVzaG93IjoiMjUyMTVlMWUifQ%3D%3D\">\n\t\t\t\t\t<div class=\"e-gallery-image elementor-gallery-item__image\" data-thumbnail=\"https:\/\/hurricanefactory.com\/berlin\/wp-content\/uploads\/2025\/11\/gallery-ips-05-768x512.jpg\" data-width=\"768\" data-height=\"512\" aria-label=\"\" role=\"img\" ><\/div>\n\t\t\t\t\t\t\t\t\t\t\t<div class=\"elementor-gallery-item__overlay\"><\/div>\n\t\t\t\t\t\t\t\t\t\t\t\t\t\t<\/a>\n\t\t\t\t\t\t\t<a class=\"e-gallery-item elementor-gallery-item elementor-animated-content\" href=\"https:\/\/hurricanefactory.com\/berlin\/wp-content\/uploads\/2025\/11\/gallery-ips-06.jpg\" data-elementor-open-lightbox=\"yes\" data-elementor-lightbox-slideshow=\"25215e1e\" data-elementor-lightbox-title=\"gallery-ips-06\" data-e-action-hash=\"#elementor-action%3Aaction%3Dlightbox%26settings%3DeyJpZCI6MzQ2ODQsInVybCI6Imh0dHBzOlwvXC9odXJyaWNhbmVmYWN0b3J5LmNvbVwvYmVybGluXC93cC1jb250ZW50XC91cGxvYWRzXC8yMDI1XC8xMVwvZ2FsbGVyeS1pcHMtMDYuanBnIiwic2xpZGVzaG93IjoiMjUyMTVlMWUifQ%3D%3D\">\n\t\t\t\t\t<div class=\"e-gallery-image elementor-gallery-item__image\" data-thumbnail=\"https:\/\/hurricanefactory.com\/berlin\/wp-content\/uploads\/2025\/11\/gallery-ips-06-768x512.jpg\" data-width=\"768\" data-height=\"512\" aria-label=\"\" role=\"img\" ><\/div>\n\t\t\t\t\t\t\t\t\t\t\t<div class=\"elementor-gallery-item__overlay\"><\/div>\n\t\t\t\t\t\t\t\t\t\t\t\t\t\t<\/a>\n\t\t\t\t\t<\/div>\n\t\t\t<\/div>\n\t\t\t\t<\/div>\n\t\t\t\t\t<\/div>\n\t\t<\/div>\n\t\t\t\t\t\t\t<\/div>\n\t\t<\/section>\n\t\t\t\t\t\t\t<\/div>\n\t\t","protected":false},"excerpt":{"rendered":"<p>INDOOR PARA-TAKEOFF2025 IMPOSSIBLE IS JUST A WORD Bei uns k\u00f6nnen Alle fliegen! Fliegen im Windkanal: f\u00fcr viele schwer vorstellbar, beim Indoor Para-TAKEOFF Event zeigen wir, dass es machbar ist. Egal ob mit oder ohne Behinderung, die faszinierende Welt des Indoor-Skydiving ist f\u00fcr alle Menschen zug\u00e4nglich. Am 22. November 2025 in der Zeit von 16:00 Uhr [&hellip;]<\/p>\n","protected":false},"author":2,"featured_media":0,"parent":0,"menu_order":0,"comment_status":"closed","ping_status":"closed","template":"","meta":{"inline_featured_image":false,"footnotes":""},"_links":{"self":[{"href":"https:\/\/hurricanefactory.com\/berlin\/wp-json\/wp\/v2\/pages\/34645"}],"collection":[{"href":"https:\/\/hurricanefactory.com\/berlin\/wp-json\/wp\/v2\/pages"}],"about":[{"href":"https:\/\/hurricanefactory.com\/berlin\/wp-json\/wp\/v2\/types\/page"}],"author":[{"embeddable":true,"href":"https:\/\/hurricanefactory.com\/berlin\/wp-json\/wp\/v2\/users\/2"}],"replies":[{"embeddable":true,"href":"https:\/\/hurricanefactory.com\/berlin\/wp-json\/wp\/v2\/comments?post=34645"}],"version-history":[{"count":6,"href":"https:\/\/hurricanefactory.com\/berlin\/wp-json\/wp\/v2\/pages\/34645\/revisions"}],"predecessor-version":[{"id":34688,"href":"https:\/\/hurricanefactory.com\/berlin\/wp-json\/wp\/v2\/pages\/34645\/revisions\/34688"}],"wp:attachment":[{"href":"https:\/\/hurricanefactory.com\/berlin\/wp-json\/wp\/v2\/media?parent=34645"}],"curies":[{"name":"wp","href":"https:\/\/api.w.org\/{rel}","templated":true}]}}