 









{"id":27182,"date":"2025-01-29T16:16:28","date_gmt":"2025-01-29T15:16:28","guid":{"rendered":"https:\/\/hurricanefactory.com\/berlin\/?page_id=27182"},"modified":"2026-04-30T14:07:29","modified_gmt":"2026-04-30T12:07:29","slug":"vernissage","status":"publish","type":"page","link":"https:\/\/hurricanefactory.com\/berlin\/vernissage\/","title":{"rendered":"VERNISSAGE"},"content":{"rendered":"\t\t<div data-elementor-type=\"wp-page\" data-elementor-id=\"27182\" class=\"elementor elementor-27182\" data-elementor-post-type=\"page\">\n\t\t\t\t\t\t\t\t\t<section class=\"elementor-section elementor-top-section elementor-element elementor-element-504cc25a title elementor-section-height-min-height elementor-section-items-top elementor-section-content-bottom elementor-section-boxed elementor-section-height-default\" data-id=\"504cc25a\" data-element_type=\"section\" data-settings=\"{&quot;background_background&quot;:&quot;classic&quot;}\">\n\t\t\t\t\t\t<div class=\"elementor-container elementor-column-gap-default\">\n\t\t\t\t\t<div class=\"elementor-column elementor-col-100 elementor-top-column elementor-element elementor-element-2fe8ee60\" data-id=\"2fe8ee60\" data-element_type=\"column\">\n\t\t\t<div class=\"elementor-widget-wrap elementor-element-populated\">\n\t\t\t\t\t\t\t\t<div class=\"elementor-element elementor-element-68201b39 elementor-widget elementor-widget-heading\" data-id=\"68201b39\" data-element_type=\"widget\" data-widget_type=\"heading.default\">\n\t\t\t\t<div class=\"elementor-widget-container\">\n\t\t\t<h1 class=\"elementor-heading-title elementor-size-default\">THE ART OF HUMAN FLIGHT<br>\nFLUG-SHOW<br>6. Mai 2026<\/h1>\t\t<\/div>\n\t\t\t\t<\/div>\n\t\t\t\t\t<\/div>\n\t\t<\/div>\n\t\t\t\t\t\t\t<\/div>\n\t\t<\/section>\n\t\t\t\t<section class=\"elementor-section elementor-top-section elementor-element elementor-element-15a014d2 elementor-section-full_width elementor-section-height-default elementor-section-height-default\" data-id=\"15a014d2\" data-element_type=\"section\">\n\t\t\t\t\t\t<div class=\"elementor-container elementor-column-gap-default\">\n\t\t\t\t\t<div class=\"elementor-column elementor-col-100 elementor-top-column elementor-element elementor-element-238f7d4d\" data-id=\"238f7d4d\" data-element_type=\"column\">\n\t\t\t<div class=\"elementor-widget-wrap elementor-element-populated\">\n\t\t\t\t\t\t\t\t<div class=\"elementor-element elementor-element-61e2ddb9 elementor-widget elementor-widget-image\" data-id=\"61e2ddb9\" data-element_type=\"widget\" data-widget_type=\"image.default\">\n\t\t\t\t<div class=\"elementor-widget-container\">\n\t\t\t\t\t\t\t\t\t\t\t\t\t\t\t<img decoding=\"async\" loading=\"lazy\" width=\"2713\" height=\"71\" src=\"https:\/\/hurricanefactory.com\/berlin\/wp-content\/uploads\/2021\/09\/0-stripe-bottom-header-video-image-cropped.png\" class=\"attachment-full size-full wp-image-6773\" alt=\"\" srcset=\"https:\/\/hurricanefactory.com\/berlin\/wp-content\/uploads\/2021\/09\/0-stripe-bottom-header-video-image-cropped.png 2713w, https:\/\/hurricanefactory.com\/berlin\/wp-content\/uploads\/2021\/09\/0-stripe-bottom-header-video-image-cropped-300x8.png 300w, https:\/\/hurricanefactory.com\/berlin\/wp-content\/uploads\/2021\/09\/0-stripe-bottom-header-video-image-cropped-1024x27.png 1024w, https:\/\/hurricanefactory.com\/berlin\/wp-content\/uploads\/2021\/09\/0-stripe-bottom-header-video-image-cropped-768x20.png 768w, https:\/\/hurricanefactory.com\/berlin\/wp-content\/uploads\/2021\/09\/0-stripe-bottom-header-video-image-cropped-1536x40.png 1536w, https:\/\/hurricanefactory.com\/berlin\/wp-content\/uploads\/2021\/09\/0-stripe-bottom-header-video-image-cropped-2048x54.png 2048w, https:\/\/hurricanefactory.com\/berlin\/wp-content\/uploads\/2021\/09\/0-stripe-bottom-header-video-image-cropped-290x8.png 290w, https:\/\/hurricanefactory.com\/berlin\/wp-content\/uploads\/2021\/09\/0-stripe-bottom-header-video-image-cropped-600x16.png 600w\" sizes=\"(max-width: 2713px) 100vw, 2713px\" \/>\t\t\t\t\t\t\t\t\t\t\t\t\t\t\t<\/div>\n\t\t\t\t<\/div>\n\t\t\t\t\t<\/div>\n\t\t<\/div>\n\t\t\t\t\t\t\t<\/div>\n\t\t<\/section>\n\t\t\t\t<section class=\"elementor-section elementor-top-section elementor-element elementor-element-256dfb4e elementor-section-boxed elementor-section-height-default elementor-section-height-default\" data-id=\"256dfb4e\" data-element_type=\"section\">\n\t\t\t\t\t\t<div class=\"elementor-container elementor-column-gap-default\">\n\t\t\t\t\t<div class=\"elementor-column elementor-col-100 elementor-top-column elementor-element elementor-element-39792c98\" data-id=\"39792c98\" data-element_type=\"column\">\n\t\t\t<div class=\"elementor-widget-wrap elementor-element-populated\">\n\t\t\t\t\t\t\t\t<div class=\"elementor-element elementor-element-30a37dec elementor-widget elementor-widget-heading\" data-id=\"30a37dec\" data-element_type=\"widget\" data-widget_type=\"heading.default\">\n\t\t\t\t<div class=\"elementor-widget-container\">\n\t\t\t<h2 class=\"elementor-heading-title elementor-size-default\">THE ART OF HUMAN FLIGHT<\/h2>\t\t<\/div>\n\t\t\t\t<\/div>\n\t\t\t\t<div class=\"elementor-element elementor-element-33228b1 elementor-widget elementor-widget-text-editor\" data-id=\"33228b1\" data-element_type=\"widget\" data-widget_type=\"text-editor.default\">\n\t\t\t\t<div class=\"elementor-widget-container\">\n\t\t\t\t\t\t\t<p>Am\u00a0<b>6. Mai 2026<\/b>\u00a0wird unsere Flughalle wieder zur B\u00fchne f\u00fcr ein au\u00dfergew\u00f6hnliches Event: Wir zelebrieren die Kunst des menschlichen Fliegens in seiner ganzen\u00a0<b>Vielfalt und Faszination!<\/b>\u00a0<b>Aufregende Performances\u00a0<\/b>im und um den Windkanal kombinieren diese v\u00f6llig freie Bewegung in der Dreidimensionalen mit anderen darstellenden und bildenden K\u00fcnsten. Ein einzigartiges Eventformat in Deutschland und allein der\u00a0<b>Sch\u00f6nheit und Eleganz<\/b>\u00a0dieser Ausdrucksform gewidmet.<\/p><p>Und das erwartet euch:<\/p><p>\u2022 <b>Flug<\/b>\u00a0in Verbindung mit\u00a0<b>bildender Kunst und Livemusik<\/b>, pr\u00e4sentiert von Anna Galperin (Flug), Aunty Entro (bildende Kunst), Magdalena Adlberger (Cello) und Andr\u00e9s Marino (Piano)<\/p><p>\u2022 <b>Sabrina Schoenmaker<\/b>, Indoor-Para-Skydiverin aus den Niederlanden, die durch das Fliegen die\u00a0<b>Freiheit der Bewegung<\/b>\u00a0f\u00fcr sich entdeckt hat<\/p><p>\u2022 <b>Mateus Knelsen &amp; Paloma Oliveira<\/b>\u00a0\u2013 Entwickler:innen freier Software und kreative K\u00f6pfe an der Schnittstelle von Kunst und Technologie \u2013 mit einer\u00a0<b>interaktiven dokumentarischen Performance<\/b>\u00a0\u00fcber Frauen in der Geschichte des Fliegens<\/p><p>\u2022 <b>Flytopia<\/b>\u00a0(Timmy Dittrich &amp; Christian Kaufmann): das erfolgreiche Berliner Dynamic 2way Team \u2013 Vize-Europameister und Bronzemedaillen-Gewinner im World Cup \u2013 pr\u00e4sentiert seine\u00a0<b>Siegerchoreografie<\/b>\u00a0und teilt die Geschichte des kreativen Prozesses und seinen\u00a0<b>Weg als Team<\/b><\/p><p>\u2022 die\u00a0<b>Ghost Busters<\/b>\u00a0(John und Emilia): das Vater- und Tochter-Duo zeigt\u00a0<b>zwei Einzelperformances<\/b>\u00a0sowie eine\u00a0<b>gemeinsame Darbietung<\/b>, in der Elemente des Solo Freestyle zu einer Dynamic 2way Choreografie verschmelzen<\/p><p>\u2022 <b>Ryan \u201eSkynique\u201c<\/b>\u00a0verbindet sein musikalisches Talent mit seinem einzigartigen Flugstil und nimmt uns mit auf eine\u00a0<b>geheimnisvolle Reise<\/b>\u00a0zur Erkundung von Seele und Flug<\/p><p>\u2022 <b>Mode durch das Prisma des Fliegens<\/b>\u00a0bildet das gro\u00dfe\u00a0<b>Finale des Abends<\/b>\u00a0\u2013 der Windkanal verwandelt sich in einen Laufsteg. Die Berliner Fashionistas Michelle Kilian und Heide Pennigsdorf \u00fcbernehmen Styling und Design, pr\u00e4sentiert wird die Mode von den Fly-Models Iggy, Luki, Lisa, Sebastian, Kat &amp; Anna<\/p><p>\u00a0<\/p><p>Die\u00a0<b>Tickets<\/b>\u00a0und\u00a0<b>weitere Infos<\/b>\u00a0findet ihr in unserem <a href=\"https:\/\/hurricanefactory.com\/berlin\/eshop\/\"><span style=\"text-decoration: underline;\"><strong><span style=\"color: #f6ab16; text-decoration: underline;\">eShop<\/span><\/strong><\/span><\/a>.<br \/>Das Ticket beinhaltet ein Getr\u00e4nk.\u00a0<br \/>Einlass ist ab 19 Uhr.\u00a0<\/p><p><b>Ticketpreis Vorverkauf:<\/b>\u00a020 \u20ac<br \/><b>Ticketpreis an der Abendkasse:<\/b>\u00a025 \u20ac<br \/>Kinder bis einschlie\u00dflich 14 Jahren erhalten freien Eintritt.<\/p><p>Wir freuen uns auf einen spannenden Abend mit euch!<\/p><p>Euer Hurricane Factory Berlin Team<\/p>\t\t\t\t\t\t<\/div>\n\t\t\t\t<\/div>\n\t\t\t\t\t<\/div>\n\t\t<\/div>\n\t\t\t\t\t\t\t<\/div>\n\t\t<\/section>\n\t\t\t\t<section class=\"elementor-section elementor-top-section elementor-element elementor-element-59da424 elementor-section-boxed elementor-section-height-default elementor-section-height-default\" data-id=\"59da424\" data-element_type=\"section\">\n\t\t\t\t\t\t<div class=\"elementor-container elementor-column-gap-default\">\n\t\t\t\t\t<div class=\"elementor-column elementor-col-100 elementor-top-column elementor-element elementor-element-71e248f\" data-id=\"71e248f\" data-element_type=\"column\">\n\t\t\t<div class=\"elementor-widget-wrap elementor-element-populated\">\n\t\t\t\t\t\t\t\t<div class=\"elementor-element elementor-element-52c64cf elementor-widget elementor-widget-heading\" data-id=\"52c64cf\" data-element_type=\"widget\" data-widget_type=\"heading.default\">\n\t\t\t\t<div class=\"elementor-widget-container\">\n\t\t\t<h2 class=\"elementor-heading-title elementor-size-default\">GALERIE<\/h2>\t\t<\/div>\n\t\t\t\t<\/div>\n\t\t\t\t<section class=\"elementor-section elementor-inner-section elementor-element elementor-element-50c2290 elementor-section-boxed elementor-section-height-default elementor-section-height-default\" data-id=\"50c2290\" data-element_type=\"section\">\n\t\t\t\t\t\t<div class=\"elementor-container elementor-column-gap-default\">\n\t\t\t\t\t<div class=\"elementor-column elementor-col-50 elementor-inner-column elementor-element elementor-element-a289f05\" data-id=\"a289f05\" data-element_type=\"column\">\n\t\t\t<div class=\"elementor-widget-wrap elementor-element-populated\">\n\t\t\t\t\t\t\t\t<div class=\"elementor-element elementor-element-c269794 elementor-widget elementor-widget-video\" data-id=\"c269794\" data-element_type=\"widget\" data-settings=\"{&quot;youtube_url&quot;:&quot;https:\\\/\\\/www.youtube.com\\\/watch?v=WgHuzZfclXE&quot;,&quot;yt_privacy&quot;:&quot;yes&quot;,&quot;lazy_load&quot;:&quot;yes&quot;,&quot;video_type&quot;:&quot;youtube&quot;,&quot;controls&quot;:&quot;yes&quot;}\" data-widget_type=\"video.default\">\n\t\t\t\t<div class=\"elementor-widget-container\">\n\t\t\t\t\t<div class=\"elementor-wrapper elementor-open-inline\">\n\t\t\t<div class=\"elementor-video\"><\/div>\t\t<\/div>\n\t\t\t\t<\/div>\n\t\t\t\t<\/div>\n\t\t\t\t\t<\/div>\n\t\t<\/div>\n\t\t\t\t<div class=\"elementor-column elementor-col-50 elementor-inner-column elementor-element elementor-element-0fa9e87\" data-id=\"0fa9e87\" data-element_type=\"column\">\n\t\t\t<div class=\"elementor-widget-wrap elementor-element-populated\">\n\t\t\t\t\t\t\t\t<div class=\"elementor-element elementor-element-f7609fb elementor-widget__width-initial elementor-widget elementor-widget-gallery\" data-id=\"f7609fb\" data-element_type=\"widget\" data-settings=\"{&quot;columns_tablet&quot;:4,&quot;columns_mobile&quot;:2,&quot;gap&quot;:{&quot;unit&quot;:&quot;px&quot;,&quot;size&quot;:14,&quot;sizes&quot;:[]},&quot;gap_tablet&quot;:{&quot;unit&quot;:&quot;px&quot;,&quot;size&quot;:15,&quot;sizes&quot;:[]},&quot;aspect_ratio&quot;:&quot;1:1&quot;,&quot;lazyload&quot;:&quot;yes&quot;,&quot;gallery_layout&quot;:&quot;grid&quot;,&quot;columns&quot;:4,&quot;gap_mobile&quot;:{&quot;unit&quot;:&quot;px&quot;,&quot;size&quot;:10,&quot;sizes&quot;:[]},&quot;link_to&quot;:&quot;file&quot;,&quot;overlay_background&quot;:&quot;yes&quot;,&quot;content_hover_animation&quot;:&quot;fade-in&quot;}\" data-widget_type=\"gallery.default\">\n\t\t\t\t<div class=\"elementor-widget-container\">\n\t\t\t\t\t<div class=\"elementor-gallery__container\">\n\t\t\t\t\t\t\t<a class=\"e-gallery-item elementor-gallery-item elementor-animated-content\" href=\"https:\/\/hurricanefactory.com\/berlin\/wp-content\/uploads\/2025\/01\/the-art-of-human-flight-2024-01.jpg\" data-elementor-open-lightbox=\"yes\" data-elementor-lightbox-slideshow=\"f7609fb\" data-elementor-lightbox-title=\"the-art-of-human-flight-2024-01\" data-e-action-hash=\"#elementor-action%3Aaction%3Dlightbox%26settings%3DeyJpZCI6MjcyMzUsInVybCI6Imh0dHBzOlwvXC9odXJyaWNhbmVmYWN0b3J5LmNvbVwvYmVybGluXC93cC1jb250ZW50XC91cGxvYWRzXC8yMDI1XC8wMVwvdGhlLWFydC1vZi1odW1hbi1mbGlnaHQtMjAyNC0wMS5qcGciLCJzbGlkZXNob3ciOiJmNzYwOWZiIn0%3D\">\n\t\t\t\t\t<div class=\"e-gallery-image elementor-gallery-item__image\" data-thumbnail=\"https:\/\/hurricanefactory.com\/berlin\/wp-content\/uploads\/2025\/01\/the-art-of-human-flight-2024-01-768x512.jpg\" data-width=\"768\" data-height=\"512\" aria-label=\"\" role=\"img\" ><\/div>\n\t\t\t\t\t\t\t\t\t\t\t<div class=\"elementor-gallery-item__overlay\"><\/div>\n\t\t\t\t\t\t\t\t\t\t\t\t\t\t<\/a>\n\t\t\t\t\t\t\t<a class=\"e-gallery-item elementor-gallery-item elementor-animated-content\" href=\"https:\/\/hurricanefactory.com\/berlin\/wp-content\/uploads\/2025\/01\/the-art-of-human-flight-2024-02.jpg\" data-elementor-open-lightbox=\"yes\" data-elementor-lightbox-slideshow=\"f7609fb\" data-elementor-lightbox-title=\"the-art-of-human-flight-2024-02\" data-e-action-hash=\"#elementor-action%3Aaction%3Dlightbox%26settings%3DeyJpZCI6MjcyMzcsInVybCI6Imh0dHBzOlwvXC9odXJyaWNhbmVmYWN0b3J5LmNvbVwvYmVybGluXC93cC1jb250ZW50XC91cGxvYWRzXC8yMDI1XC8wMVwvdGhlLWFydC1vZi1odW1hbi1mbGlnaHQtMjAyNC0wMi5qcGciLCJzbGlkZXNob3ciOiJmNzYwOWZiIn0%3D\">\n\t\t\t\t\t<div class=\"e-gallery-image elementor-gallery-item__image\" data-thumbnail=\"https:\/\/hurricanefactory.com\/berlin\/wp-content\/uploads\/2025\/01\/the-art-of-human-flight-2024-02-768x512.jpg\" data-width=\"768\" data-height=\"512\" aria-label=\"\" role=\"img\" ><\/div>\n\t\t\t\t\t\t\t\t\t\t\t<div class=\"elementor-gallery-item__overlay\"><\/div>\n\t\t\t\t\t\t\t\t\t\t\t\t\t\t<\/a>\n\t\t\t\t\t\t\t<a class=\"e-gallery-item elementor-gallery-item elementor-animated-content\" href=\"https:\/\/hurricanefactory.com\/berlin\/wp-content\/uploads\/2025\/01\/the-art-of-human-flight-2024-03.jpg\" data-elementor-open-lightbox=\"yes\" data-elementor-lightbox-slideshow=\"f7609fb\" data-elementor-lightbox-title=\"the-art-of-human-flight-2024-03\" data-e-action-hash=\"#elementor-action%3Aaction%3Dlightbox%26settings%3DeyJpZCI6MjcyMzksInVybCI6Imh0dHBzOlwvXC9odXJyaWNhbmVmYWN0b3J5LmNvbVwvYmVybGluXC93cC1jb250ZW50XC91cGxvYWRzXC8yMDI1XC8wMVwvdGhlLWFydC1vZi1odW1hbi1mbGlnaHQtMjAyNC0wMy5qcGciLCJzbGlkZXNob3ciOiJmNzYwOWZiIn0%3D\">\n\t\t\t\t\t<div class=\"e-gallery-image elementor-gallery-item__image\" data-thumbnail=\"https:\/\/hurricanefactory.com\/berlin\/wp-content\/uploads\/2025\/01\/the-art-of-human-flight-2024-03-768x512.jpg\" data-width=\"768\" data-height=\"512\" aria-label=\"\" role=\"img\" ><\/div>\n\t\t\t\t\t\t\t\t\t\t\t<div class=\"elementor-gallery-item__overlay\"><\/div>\n\t\t\t\t\t\t\t\t\t\t\t\t\t\t<\/a>\n\t\t\t\t\t\t\t<a class=\"e-gallery-item elementor-gallery-item elementor-animated-content\" href=\"https:\/\/hurricanefactory.com\/berlin\/wp-content\/uploads\/2025\/01\/the-art-of-human-flight-2024-04.jpg\" data-elementor-open-lightbox=\"yes\" data-elementor-lightbox-slideshow=\"f7609fb\" data-elementor-lightbox-title=\"the-art-of-human-flight-2024-04\" data-e-action-hash=\"#elementor-action%3Aaction%3Dlightbox%26settings%3DeyJpZCI6MjcyMjMsInVybCI6Imh0dHBzOlwvXC9odXJyaWNhbmVmYWN0b3J5LmNvbVwvYmVybGluXC93cC1jb250ZW50XC91cGxvYWRzXC8yMDI1XC8wMVwvdGhlLWFydC1vZi1odW1hbi1mbGlnaHQtMjAyNC0wNC5qcGciLCJzbGlkZXNob3ciOiJmNzYwOWZiIn0%3D\">\n\t\t\t\t\t<div class=\"e-gallery-image elementor-gallery-item__image\" data-thumbnail=\"https:\/\/hurricanefactory.com\/berlin\/wp-content\/uploads\/2025\/01\/the-art-of-human-flight-2024-04-768x512.jpg\" data-width=\"768\" data-height=\"512\" aria-label=\"\" role=\"img\" ><\/div>\n\t\t\t\t\t\t\t\t\t\t\t<div class=\"elementor-gallery-item__overlay\"><\/div>\n\t\t\t\t\t\t\t\t\t\t\t\t\t\t<\/a>\n\t\t\t\t\t\t\t<a class=\"e-gallery-item elementor-gallery-item elementor-animated-content\" href=\"https:\/\/hurricanefactory.com\/berlin\/wp-content\/uploads\/2025\/01\/the-art-of-human-flight-2024-06.jpg\" data-elementor-open-lightbox=\"yes\" data-elementor-lightbox-slideshow=\"f7609fb\" data-elementor-lightbox-title=\"the-art-of-human-flight-2024-06\" data-e-action-hash=\"#elementor-action%3Aaction%3Dlightbox%26settings%3DeyJpZCI6MjcyMjUsInVybCI6Imh0dHBzOlwvXC9odXJyaWNhbmVmYWN0b3J5LmNvbVwvYmVybGluXC93cC1jb250ZW50XC91cGxvYWRzXC8yMDI1XC8wMVwvdGhlLWFydC1vZi1odW1hbi1mbGlnaHQtMjAyNC0wNi5qcGciLCJzbGlkZXNob3ciOiJmNzYwOWZiIn0%3D\">\n\t\t\t\t\t<div class=\"e-gallery-image elementor-gallery-item__image\" data-thumbnail=\"https:\/\/hurricanefactory.com\/berlin\/wp-content\/uploads\/2025\/01\/the-art-of-human-flight-2024-06-768x512.jpg\" data-width=\"768\" data-height=\"512\" aria-label=\"\" role=\"img\" ><\/div>\n\t\t\t\t\t\t\t\t\t\t\t<div class=\"elementor-gallery-item__overlay\"><\/div>\n\t\t\t\t\t\t\t\t\t\t\t\t\t\t<\/a>\n\t\t\t\t\t\t\t<a class=\"e-gallery-item elementor-gallery-item elementor-animated-content\" href=\"https:\/\/hurricanefactory.com\/berlin\/wp-content\/uploads\/2025\/01\/the-art-of-human-flight-2024-07.jpg\" data-elementor-open-lightbox=\"yes\" data-elementor-lightbox-slideshow=\"f7609fb\" data-elementor-lightbox-title=\"the-art-of-human-flight-2024-07\" data-e-action-hash=\"#elementor-action%3Aaction%3Dlightbox%26settings%3DeyJpZCI6MjcyMjcsInVybCI6Imh0dHBzOlwvXC9odXJyaWNhbmVmYWN0b3J5LmNvbVwvYmVybGluXC93cC1jb250ZW50XC91cGxvYWRzXC8yMDI1XC8wMVwvdGhlLWFydC1vZi1odW1hbi1mbGlnaHQtMjAyNC0wNy5qcGciLCJzbGlkZXNob3ciOiJmNzYwOWZiIn0%3D\">\n\t\t\t\t\t<div class=\"e-gallery-image elementor-gallery-item__image\" data-thumbnail=\"https:\/\/hurricanefactory.com\/berlin\/wp-content\/uploads\/2025\/01\/the-art-of-human-flight-2024-07-768x512.jpg\" data-width=\"768\" data-height=\"512\" aria-label=\"\" role=\"img\" ><\/div>\n\t\t\t\t\t\t\t\t\t\t\t<div class=\"elementor-gallery-item__overlay\"><\/div>\n\t\t\t\t\t\t\t\t\t\t\t\t\t\t<\/a>\n\t\t\t\t\t\t\t<a class=\"e-gallery-item elementor-gallery-item elementor-animated-content\" href=\"https:\/\/hurricanefactory.com\/berlin\/wp-content\/uploads\/2025\/01\/the-art-of-human-flight-2024-08.jpg\" data-elementor-open-lightbox=\"yes\" data-elementor-lightbox-slideshow=\"f7609fb\" data-elementor-lightbox-title=\"the-art-of-human-flight-2024-08\" data-e-action-hash=\"#elementor-action%3Aaction%3Dlightbox%26settings%3DeyJpZCI6MjcyMjksInVybCI6Imh0dHBzOlwvXC9odXJyaWNhbmVmYWN0b3J5LmNvbVwvYmVybGluXC93cC1jb250ZW50XC91cGxvYWRzXC8yMDI1XC8wMVwvdGhlLWFydC1vZi1odW1hbi1mbGlnaHQtMjAyNC0wOC5qcGciLCJzbGlkZXNob3ciOiJmNzYwOWZiIn0%3D\">\n\t\t\t\t\t<div class=\"e-gallery-image elementor-gallery-item__image\" data-thumbnail=\"https:\/\/hurricanefactory.com\/berlin\/wp-content\/uploads\/2025\/01\/the-art-of-human-flight-2024-08-768x512.jpg\" data-width=\"768\" data-height=\"512\" aria-label=\"\" role=\"img\" ><\/div>\n\t\t\t\t\t\t\t\t\t\t\t<div class=\"elementor-gallery-item__overlay\"><\/div>\n\t\t\t\t\t\t\t\t\t\t\t\t\t\t<\/a>\n\t\t\t\t\t\t\t<a class=\"e-gallery-item elementor-gallery-item elementor-animated-content\" href=\"https:\/\/hurricanefactory.com\/berlin\/wp-content\/uploads\/2025\/01\/the-art-of-human-flight-2024-09.jpg\" data-elementor-open-lightbox=\"yes\" data-elementor-lightbox-slideshow=\"f7609fb\" data-elementor-lightbox-title=\"the-art-of-human-flight-2024-09\" data-e-action-hash=\"#elementor-action%3Aaction%3Dlightbox%26settings%3DeyJpZCI6MjcyMzEsInVybCI6Imh0dHBzOlwvXC9odXJyaWNhbmVmYWN0b3J5LmNvbVwvYmVybGluXC93cC1jb250ZW50XC91cGxvYWRzXC8yMDI1XC8wMVwvdGhlLWFydC1vZi1odW1hbi1mbGlnaHQtMjAyNC0wOS5qcGciLCJzbGlkZXNob3ciOiJmNzYwOWZiIn0%3D\">\n\t\t\t\t\t<div class=\"e-gallery-image elementor-gallery-item__image\" data-thumbnail=\"https:\/\/hurricanefactory.com\/berlin\/wp-content\/uploads\/2025\/01\/the-art-of-human-flight-2024-09-768x512.jpg\" data-width=\"768\" data-height=\"512\" aria-label=\"\" role=\"img\" ><\/div>\n\t\t\t\t\t\t\t\t\t\t\t<div class=\"elementor-gallery-item__overlay\"><\/div>\n\t\t\t\t\t\t\t\t\t\t\t\t\t\t<\/a>\n\t\t\t\t\t<\/div>\n\t\t\t<\/div>\n\t\t\t\t<\/div>\n\t\t\t\t\t<\/div>\n\t\t<\/div>\n\t\t\t\t\t\t\t<\/div>\n\t\t<\/section>\n\t\t\t\t\t<\/div>\n\t\t<\/div>\n\t\t\t\t\t\t\t<\/div>\n\t\t<\/section>\n\t\t\t\t\t\t\t<\/div>\n\t\t","protected":false},"excerpt":{"rendered":"<p>THE ART OF HUMAN FLIGHT FLUG-SHOW6. Mai 2026 THE ART OF HUMAN FLIGHT Am\u00a06. Mai 2026\u00a0wird unsere Flughalle wieder zur B\u00fchne f\u00fcr ein au\u00dfergew\u00f6hnliches Event: Wir zelebrieren die Kunst des menschlichen Fliegens in seiner ganzen\u00a0Vielfalt und Faszination!\u00a0Aufregende Performances\u00a0im und um den Windkanal kombinieren diese v\u00f6llig freie Bewegung in der Dreidimensionalen mit anderen darstellenden und bildenden [&hellip;]<\/p>\n","protected":false},"author":2,"featured_media":0,"parent":0,"menu_order":0,"comment_status":"closed","ping_status":"closed","template":"","meta":{"inline_featured_image":false,"footnotes":""},"_links":{"self":[{"href":"https:\/\/hurricanefactory.com\/berlin\/wp-json\/wp\/v2\/pages\/27182"}],"collection":[{"href":"https:\/\/hurricanefactory.com\/berlin\/wp-json\/wp\/v2\/pages"}],"about":[{"href":"https:\/\/hurricanefactory.com\/berlin\/wp-json\/wp\/v2\/types\/page"}],"author":[{"embeddable":true,"href":"https:\/\/hurricanefactory.com\/berlin\/wp-json\/wp\/v2\/users\/2"}],"replies":[{"embeddable":true,"href":"https:\/\/hurricanefactory.com\/berlin\/wp-json\/wp\/v2\/comments?post=27182"}],"version-history":[{"count":7,"href":"https:\/\/hurricanefactory.com\/berlin\/wp-json\/wp\/v2\/pages\/27182\/revisions"}],"predecessor-version":[{"id":35765,"href":"https:\/\/hurricanefactory.com\/berlin\/wp-json\/wp\/v2\/pages\/27182\/revisions\/35765"}],"wp:attachment":[{"href":"https:\/\/hurricanefactory.com\/berlin\/wp-json\/wp\/v2\/media?parent=27182"}],"curies":[{"name":"wp","href":"https:\/\/api.w.org\/{rel}","templated":true}]}}