 









{"id":23789,"date":"2024-10-11T10:32:53","date_gmt":"2024-10-11T08:32:53","guid":{"rendered":"https:\/\/hurricanefactory.com\/berlin\/?page_id=23789"},"modified":"2025-06-18T16:45:18","modified_gmt":"2025-06-18T14:45:18","slug":"hf-cup","status":"publish","type":"page","link":"https:\/\/hurricanefactory.com\/berlin\/hf-cup\/","title":{"rendered":"HF CUP"},"content":{"rendered":"\t\t<div data-elementor-type=\"wp-page\" data-elementor-id=\"23789\" class=\"elementor elementor-23789\" data-elementor-post-type=\"page\">\n\t\t\t\t\t\t\t\t\t<section class=\"elementor-section elementor-top-section elementor-element elementor-element-18b5b248 title elementor-section-height-min-height elementor-section-items-bottom elementor-section-content-bottom elementor-section-boxed elementor-section-height-default\" data-id=\"18b5b248\" data-element_type=\"section\" data-settings=\"{&quot;background_background&quot;:&quot;classic&quot;}\">\n\t\t\t\t\t\t<div class=\"elementor-container elementor-column-gap-default\">\n\t\t\t\t\t<div class=\"elementor-column elementor-col-100 elementor-top-column elementor-element elementor-element-4ae3c414\" data-id=\"4ae3c414\" data-element_type=\"column\">\n\t\t\t<div class=\"elementor-widget-wrap elementor-element-populated\">\n\t\t\t\t\t\t\t\t<div class=\"elementor-element elementor-element-5c5a6377 elementor-widget elementor-widget-heading\" data-id=\"5c5a6377\" data-element_type=\"widget\" data-widget_type=\"heading.default\">\n\t\t\t\t<div class=\"elementor-widget-container\">\n\t\t\t<h1 class=\"elementor-heading-title elementor-size-default\">HF CUP<\/h1>\t\t<\/div>\n\t\t\t\t<\/div>\n\t\t\t\t\t<\/div>\n\t\t<\/div>\n\t\t\t\t\t\t\t<\/div>\n\t\t<\/section>\n\t\t\t\t<section class=\"elementor-section elementor-top-section elementor-element elementor-element-4d63e869 elementor-section-full_width elementor-section-height-default elementor-section-height-default\" data-id=\"4d63e869\" data-element_type=\"section\">\n\t\t\t\t\t\t<div class=\"elementor-container elementor-column-gap-default\">\n\t\t\t\t\t<div class=\"elementor-column elementor-col-100 elementor-top-column elementor-element elementor-element-47b1b3a3\" data-id=\"47b1b3a3\" data-element_type=\"column\">\n\t\t\t<div class=\"elementor-widget-wrap elementor-element-populated\">\n\t\t\t\t\t\t\t\t<div class=\"elementor-element elementor-element-473f0394 elementor-widget elementor-widget-image\" data-id=\"473f0394\" data-element_type=\"widget\" data-widget_type=\"image.default\">\n\t\t\t\t<div class=\"elementor-widget-container\">\n\t\t\t\t\t\t\t\t\t\t\t\t\t\t\t<img decoding=\"async\" loading=\"lazy\" width=\"2713\" height=\"71\" src=\"https:\/\/hurricanefactory.com\/berlin\/wp-content\/uploads\/2021\/09\/0-stripe-bottom-header-video-image-cropped.png\" class=\"attachment-full size-full wp-image-6773\" alt=\"\" srcset=\"https:\/\/hurricanefactory.com\/berlin\/wp-content\/uploads\/2021\/09\/0-stripe-bottom-header-video-image-cropped.png 2713w, https:\/\/hurricanefactory.com\/berlin\/wp-content\/uploads\/2021\/09\/0-stripe-bottom-header-video-image-cropped-300x8.png 300w, https:\/\/hurricanefactory.com\/berlin\/wp-content\/uploads\/2021\/09\/0-stripe-bottom-header-video-image-cropped-1024x27.png 1024w, https:\/\/hurricanefactory.com\/berlin\/wp-content\/uploads\/2021\/09\/0-stripe-bottom-header-video-image-cropped-768x20.png 768w, https:\/\/hurricanefactory.com\/berlin\/wp-content\/uploads\/2021\/09\/0-stripe-bottom-header-video-image-cropped-1536x40.png 1536w, https:\/\/hurricanefactory.com\/berlin\/wp-content\/uploads\/2021\/09\/0-stripe-bottom-header-video-image-cropped-2048x54.png 2048w, https:\/\/hurricanefactory.com\/berlin\/wp-content\/uploads\/2021\/09\/0-stripe-bottom-header-video-image-cropped-290x8.png 290w, https:\/\/hurricanefactory.com\/berlin\/wp-content\/uploads\/2021\/09\/0-stripe-bottom-header-video-image-cropped-600x16.png 600w\" sizes=\"(max-width: 2713px) 100vw, 2713px\" \/>\t\t\t\t\t\t\t\t\t\t\t\t\t\t\t<\/div>\n\t\t\t\t<\/div>\n\t\t\t\t\t<\/div>\n\t\t<\/div>\n\t\t\t\t\t\t\t<\/div>\n\t\t<\/section>\n\t\t\t\t<section class=\"elementor-section elementor-top-section elementor-element elementor-element-27da649b elementor-section-boxed elementor-section-height-default elementor-section-height-default\" data-id=\"27da649b\" data-element_type=\"section\">\n\t\t\t\t\t\t<div class=\"elementor-container elementor-column-gap-default\">\n\t\t\t\t\t<div class=\"elementor-column elementor-col-100 elementor-top-column elementor-element elementor-element-7e190f05\" data-id=\"7e190f05\" data-element_type=\"column\">\n\t\t\t<div class=\"elementor-widget-wrap elementor-element-populated\">\n\t\t\t\t\t\t\t\t<div class=\"elementor-element elementor-element-2deb3c9f elementor-widget elementor-widget-heading\" data-id=\"2deb3c9f\" data-element_type=\"widget\" data-widget_type=\"heading.default\">\n\t\t\t\t<div class=\"elementor-widget-container\">\n\t\t\t<h2 class=\"elementor-heading-title elementor-size-default\">HURRICANE FACTORY CUP<\/h2>\t\t<\/div>\n\t\t\t\t<\/div>\n\t\t\t\t<section class=\"elementor-section elementor-inner-section elementor-element elementor-element-591aeac elementor-section-boxed elementor-section-height-default elementor-section-height-default\" data-id=\"591aeac\" data-element_type=\"section\">\n\t\t\t\t\t\t<div class=\"elementor-container elementor-column-gap-default\">\n\t\t\t\t\t<div class=\"elementor-column elementor-col-50 elementor-inner-column elementor-element elementor-element-f8d1cb9\" data-id=\"f8d1cb9\" data-element_type=\"column\">\n\t\t\t<div class=\"elementor-widget-wrap elementor-element-populated\">\n\t\t\t\t\t\t\t\t<div class=\"elementor-element elementor-element-ee05604 elementor-widget elementor-widget-text-editor\" data-id=\"ee05604\" data-element_type=\"widget\" data-widget_type=\"text-editor.default\">\n\t\t\t\t<div class=\"elementor-widget-container\">\n\t\t\t\t\t\t\t<p>Wir bedanken uns bei allen Athletinnen und Athleten, Juroren und G\u00e4sten f\u00fcr eine gro\u00dfartige Veranstaltung und freuen uns auf ein Wiedersehen in 2026.<\/p>\t\t\t\t\t\t<\/div>\n\t\t\t\t<\/div>\n\t\t\t\t\t<\/div>\n\t\t<\/div>\n\t\t\t\t<div class=\"elementor-column elementor-col-50 elementor-inner-column elementor-element elementor-element-7db8259\" data-id=\"7db8259\" data-element_type=\"column\">\n\t\t\t<div class=\"elementor-widget-wrap elementor-element-populated\">\n\t\t\t\t\t\t\t\t<div class=\"elementor-element elementor-element-9e07a21 elementor-widget-tablet__width-initial elementor-widget-mobile__width-initial elementor-widget__width-initial elementor-widget elementor-widget-image\" data-id=\"9e07a21\" data-element_type=\"widget\" data-widget_type=\"image.default\">\n\t\t\t\t<div class=\"elementor-widget-container\">\n\t\t\t\t\t\t\t\t\t\t\t\t\t\t\t<img decoding=\"async\" loading=\"lazy\" width=\"800\" height=\"660\" src=\"https:\/\/hurricanefactory.com\/berlin\/wp-content\/uploads\/2024\/10\/Logo-HF-Cup_rgb-1024x845.jpg\" class=\"attachment-large size-large wp-image-23797\" alt=\"\" srcset=\"https:\/\/hurricanefactory.com\/berlin\/wp-content\/uploads\/2024\/10\/Logo-HF-Cup_rgb-1024x845.jpg 1024w, https:\/\/hurricanefactory.com\/berlin\/wp-content\/uploads\/2024\/10\/Logo-HF-Cup_rgb-300x247.jpg 300w, https:\/\/hurricanefactory.com\/berlin\/wp-content\/uploads\/2024\/10\/Logo-HF-Cup_rgb-768x633.jpg 768w, https:\/\/hurricanefactory.com\/berlin\/wp-content\/uploads\/2024\/10\/Logo-HF-Cup_rgb-1536x1267.jpg 1536w, https:\/\/hurricanefactory.com\/berlin\/wp-content\/uploads\/2024\/10\/Logo-HF-Cup_rgb-2048x1689.jpg 2048w, https:\/\/hurricanefactory.com\/berlin\/wp-content\/uploads\/2024\/10\/Logo-HF-Cup_rgb-290x239.jpg 290w, https:\/\/hurricanefactory.com\/berlin\/wp-content\/uploads\/2024\/10\/Logo-HF-Cup_rgb-600x495.jpg 600w\" sizes=\"(max-width: 800px) 100vw, 800px\" \/>\t\t\t\t\t\t\t\t\t\t\t\t\t\t\t<\/div>\n\t\t\t\t<\/div>\n\t\t\t\t\t<\/div>\n\t\t<\/div>\n\t\t\t\t\t\t\t<\/div>\n\t\t<\/section>\n\t\t\t\t\t<\/div>\n\t\t<\/div>\n\t\t\t\t\t\t\t<\/div>\n\t\t<\/section>\n\t\t\t\t<section class=\"elementor-section elementor-top-section elementor-element elementor-element-63ae9d81 elementor-section-height-min-height elementor-section-items-bottom elementor-section-boxed elementor-section-height-default\" data-id=\"63ae9d81\" data-element_type=\"section\" data-settings=\"{&quot;background_background&quot;:&quot;classic&quot;}\">\n\t\t\t\t\t\t<div class=\"elementor-container elementor-column-gap-default\">\n\t\t\t\t\t<div class=\"elementor-column elementor-col-100 elementor-top-column elementor-element elementor-element-64dbae56\" data-id=\"64dbae56\" data-element_type=\"column\">\n\t\t\t<div class=\"elementor-widget-wrap\">\n\t\t\t\t\t\t\t\t\t<\/div>\n\t\t<\/div>\n\t\t\t\t\t\t\t<\/div>\n\t\t<\/section>\n\t\t\t\t<section class=\"elementor-section elementor-top-section elementor-element elementor-element-488dd544 elementor-section-boxed elementor-section-height-default elementor-section-height-default\" data-id=\"488dd544\" data-element_type=\"section\">\n\t\t\t\t\t\t<div class=\"elementor-container elementor-column-gap-default\">\n\t\t\t\t\t<div class=\"elementor-column elementor-col-100 elementor-top-column elementor-element elementor-element-1f75e4b5\" data-id=\"1f75e4b5\" data-element_type=\"column\">\n\t\t\t<div class=\"elementor-widget-wrap elementor-element-populated\">\n\t\t\t\t\t\t\t\t<div class=\"elementor-element elementor-element-5f64a55b elementor-widget elementor-widget-heading\" data-id=\"5f64a55b\" data-element_type=\"widget\" data-widget_type=\"heading.default\">\n\t\t\t\t<div class=\"elementor-widget-container\">\n\t\t\t<h2 class=\"elementor-heading-title elementor-size-default\">INFOS ZU WETTBEWERB & ANMELDUNG<\/h2>\t\t<\/div>\n\t\t\t\t<\/div>\n\t\t\t\t<div class=\"elementor-element elementor-element-1f76232c elementor-widget elementor-widget-text-editor\" data-id=\"1f76232c\" data-element_type=\"widget\" data-widget_type=\"text-editor.default\">\n\t\t\t\t<div class=\"elementor-widget-container\">\n\t\t\t\t\t\t\t<p>Termin- und Wettkampfinfos f\u00fcr 2026 folgen.<\/p>\t\t\t\t\t\t<\/div>\n\t\t\t\t<\/div>\n\t\t\t\t\t<\/div>\n\t\t<\/div>\n\t\t\t\t\t\t\t<\/div>\n\t\t<\/section>\n\t\t\t\t<section class=\"elementor-section elementor-top-section elementor-element elementor-element-85231e7 elementor-section-boxed elementor-section-height-default elementor-section-height-default\" data-id=\"85231e7\" data-element_type=\"section\">\n\t\t\t\t\t\t<div class=\"elementor-container elementor-column-gap-default\">\n\t\t\t\t\t<div class=\"elementor-column elementor-col-100 elementor-top-column elementor-element elementor-element-83b7d8b\" data-id=\"83b7d8b\" data-element_type=\"column\">\n\t\t\t<div class=\"elementor-widget-wrap elementor-element-populated\">\n\t\t\t\t\t\t\t\t<div class=\"elementor-element elementor-element-251b224 elementor-widget elementor-widget-heading\" data-id=\"251b224\" data-element_type=\"widget\" data-widget_type=\"heading.default\">\n\t\t\t\t<div class=\"elementor-widget-container\">\n\t\t\t<h2 class=\"elementor-heading-title elementor-size-default\">KONTAKT<\/h2>\t\t<\/div>\n\t\t\t\t<\/div>\n\t\t\t\t<div class=\"elementor-element elementor-element-89d79c5 elementor-widget elementor-widget-text-editor\" data-id=\"89d79c5\" data-element_type=\"widget\" data-widget_type=\"text-editor.default\">\n\t\t\t\t<div class=\"elementor-widget-container\">\n\t\t\t\t\t\t\t<p>F\u00fcr Fragen rund um den HF-Cup wendet euch gerne per Mail an\u00a0<span style=\"color: #f5ab16;\"><strong><span style=\"text-decoration: underline;\"><a href=\"mailto:p&#114;ofl&#121;er.be&#114;&#108;&#105;&#110;&#64;&#104;&#117;rr&#105;ca&#110;&#101;fa&#99;t&#111;ry&#46;c&#111;m\">Marc Wegner<\/a><\/span><\/strong><\/span>.<\/p>\t\t\t\t\t\t<\/div>\n\t\t\t\t<\/div>\n\t\t\t\t\t<\/div>\n\t\t<\/div>\n\t\t\t\t\t\t\t<\/div>\n\t\t<\/section>\n\t\t\t\t\t\t\t<\/div>\n\t\t","protected":false},"excerpt":{"rendered":"<p>HF CUP HURRICANE FACTORY CUP Wir bedanken uns bei allen Athletinnen und Athleten, Juroren und G\u00e4sten f\u00fcr eine gro\u00dfartige Veranstaltung und freuen uns auf ein Wiedersehen in 2026. INFOS ZU WETTBEWERB &amp; ANMELDUNG Termin- und Wettkampfinfos f\u00fcr 2026 folgen. KONTAKT F\u00fcr Fragen rund um den HF-Cup wendet euch gerne per Mail an\u00a0Marc Wegner.<\/p>\n","protected":false},"author":2,"featured_media":0,"parent":0,"menu_order":0,"comment_status":"closed","ping_status":"closed","template":"","meta":{"inline_featured_image":false,"footnotes":""},"_links":{"self":[{"href":"https:\/\/hurricanefactory.com\/berlin\/wp-json\/wp\/v2\/pages\/23789"}],"collection":[{"href":"https:\/\/hurricanefactory.com\/berlin\/wp-json\/wp\/v2\/pages"}],"about":[{"href":"https:\/\/hurricanefactory.com\/berlin\/wp-json\/wp\/v2\/types\/page"}],"author":[{"embeddable":true,"href":"https:\/\/hurricanefactory.com\/berlin\/wp-json\/wp\/v2\/users\/2"}],"replies":[{"embeddable":true,"href":"https:\/\/hurricanefactory.com\/berlin\/wp-json\/wp\/v2\/comments?post=23789"}],"version-history":[{"count":6,"href":"https:\/\/hurricanefactory.com\/berlin\/wp-json\/wp\/v2\/pages\/23789\/revisions"}],"predecessor-version":[{"id":27828,"href":"https:\/\/hurricanefactory.com\/berlin\/wp-json\/wp\/v2\/pages\/23789\/revisions\/27828"}],"wp:attachment":[{"href":"https:\/\/hurricanefactory.com\/berlin\/wp-json\/wp\/v2\/media?parent=23789"}],"curies":[{"name":"wp","href":"https:\/\/api.w.org\/{rel}","templated":true}]}}