 









{"id":21996,"date":"2024-06-24T16:56:31","date_gmt":"2024-06-24T14:56:31","guid":{"rendered":"https:\/\/hurricanefactory.com\/berlin\/?page_id=21996"},"modified":"2025-06-18T16:45:01","modified_gmt":"2025-06-18T14:45:01","slug":"fliegen-mit-behinderung","status":"publish","type":"page","link":"https:\/\/hurricanefactory.com\/berlin\/fliegen-mit-behinderung\/","title":{"rendered":"Fliegen mit Behinderung"},"content":{"rendered":"\t\t<div data-elementor-type=\"wp-page\" data-elementor-id=\"21996\" class=\"elementor elementor-21996\" data-elementor-post-type=\"page\">\n\t\t\t\t\t\t\t\t\t<section class=\"elementor-section elementor-top-section elementor-element elementor-element-43ddfc22 title elementor-section-height-min-height elementor-section-items-bottom elementor-section-content-bottom elementor-section-boxed elementor-section-height-default\" data-id=\"43ddfc22\" data-element_type=\"section\" data-settings=\"{&quot;background_background&quot;:&quot;classic&quot;}\">\n\t\t\t\t\t\t<div class=\"elementor-container elementor-column-gap-default\">\n\t\t\t\t\t<div class=\"elementor-column elementor-col-100 elementor-top-column elementor-element elementor-element-3416019d\" data-id=\"3416019d\" data-element_type=\"column\">\n\t\t\t<div class=\"elementor-widget-wrap elementor-element-populated\">\n\t\t\t\t\t\t\t\t<div class=\"elementor-element elementor-element-69c5edff elementor-widget elementor-widget-heading\" data-id=\"69c5edff\" data-element_type=\"widget\" data-widget_type=\"heading.default\">\n\t\t\t\t<div class=\"elementor-widget-container\">\n\t\t\t<h1 class=\"elementor-heading-title elementor-size-default\">FLIEGEN F\u00dcR<br>\nMENSCHEN MIT<br>\nBEHINDERUNG<\/h1>\t\t<\/div>\n\t\t\t\t<\/div>\n\t\t\t\t<div class=\"elementor-element elementor-element-bd6a03a elementor-align-center elementor-widget__width-auto elementor-widget elementor-widget-button\" data-id=\"bd6a03a\" data-element_type=\"widget\" data-widget_type=\"button.default\">\n\t\t\t\t<div class=\"elementor-widget-container\">\n\t\t\t\t\t<div class=\"elementor-button-wrapper\">\n\t\t\t<a class=\"elementor-button elementor-button-link elementor-size-sm\" href=\"mailto:be&#114;l&#105;n&#64;h&#117;&#114;ric&#97;&#110;&#101;fa&#99;t&#111;ry.&#99;o&#109;\">\n\t\t\t\t\t\t<span class=\"elementor-button-content-wrapper\">\n\t\t\t\t\t\t<span class=\"elementor-button-text\">JETZT ABHEBEN<\/span>\n\t\t<\/span>\n\t\t\t\t\t<\/a>\n\t\t<\/div>\n\t\t\t\t<\/div>\n\t\t\t\t<\/div>\n\t\t\t\t\t<\/div>\n\t\t<\/div>\n\t\t\t\t\t\t\t<\/div>\n\t\t<\/section>\n\t\t\t\t<section class=\"elementor-section elementor-top-section elementor-element elementor-element-3fcda834 elementor-section-full_width elementor-section-height-default elementor-section-height-default\" data-id=\"3fcda834\" data-element_type=\"section\">\n\t\t\t\t\t\t<div class=\"elementor-container elementor-column-gap-default\">\n\t\t\t\t\t<div class=\"elementor-column elementor-col-100 elementor-top-column elementor-element elementor-element-32f52305\" data-id=\"32f52305\" data-element_type=\"column\">\n\t\t\t<div class=\"elementor-widget-wrap elementor-element-populated\">\n\t\t\t\t\t\t\t\t<div class=\"elementor-element elementor-element-629e5bfd elementor-widget elementor-widget-image\" data-id=\"629e5bfd\" data-element_type=\"widget\" data-widget_type=\"image.default\">\n\t\t\t\t<div class=\"elementor-widget-container\">\n\t\t\t\t\t\t\t\t\t\t\t\t\t\t\t<img decoding=\"async\" loading=\"lazy\" width=\"2713\" height=\"71\" src=\"https:\/\/hurricanefactory.com\/berlin\/wp-content\/uploads\/2021\/09\/0-stripe-bottom-header-video-image-cropped.png\" class=\"attachment-full size-full wp-image-6773\" alt=\"\" srcset=\"https:\/\/hurricanefactory.com\/berlin\/wp-content\/uploads\/2021\/09\/0-stripe-bottom-header-video-image-cropped.png 2713w, https:\/\/hurricanefactory.com\/berlin\/wp-content\/uploads\/2021\/09\/0-stripe-bottom-header-video-image-cropped-300x8.png 300w, https:\/\/hurricanefactory.com\/berlin\/wp-content\/uploads\/2021\/09\/0-stripe-bottom-header-video-image-cropped-1024x27.png 1024w, https:\/\/hurricanefactory.com\/berlin\/wp-content\/uploads\/2021\/09\/0-stripe-bottom-header-video-image-cropped-768x20.png 768w, https:\/\/hurricanefactory.com\/berlin\/wp-content\/uploads\/2021\/09\/0-stripe-bottom-header-video-image-cropped-1536x40.png 1536w, https:\/\/hurricanefactory.com\/berlin\/wp-content\/uploads\/2021\/09\/0-stripe-bottom-header-video-image-cropped-2048x54.png 2048w, https:\/\/hurricanefactory.com\/berlin\/wp-content\/uploads\/2021\/09\/0-stripe-bottom-header-video-image-cropped-290x8.png 290w, https:\/\/hurricanefactory.com\/berlin\/wp-content\/uploads\/2021\/09\/0-stripe-bottom-header-video-image-cropped-600x16.png 600w\" sizes=\"(max-width: 2713px) 100vw, 2713px\" \/>\t\t\t\t\t\t\t\t\t\t\t\t\t\t\t<\/div>\n\t\t\t\t<\/div>\n\t\t\t\t\t<\/div>\n\t\t<\/div>\n\t\t\t\t\t\t\t<\/div>\n\t\t<\/section>\n\t\t\t\t<section class=\"elementor-section elementor-top-section elementor-element elementor-element-d79f955 elementor-section-boxed elementor-section-height-default elementor-section-height-default\" data-id=\"d79f955\" data-element_type=\"section\">\n\t\t\t\t\t\t<div class=\"elementor-container elementor-column-gap-default\">\n\t\t\t\t\t<div class=\"elementor-column elementor-col-100 elementor-top-column elementor-element elementor-element-1316e7e7\" data-id=\"1316e7e7\" data-element_type=\"column\">\n\t\t\t<div class=\"elementor-widget-wrap elementor-element-populated\">\n\t\t\t\t\t\t\t\t<div class=\"elementor-element elementor-element-135c2870 elementor-widget elementor-widget-heading\" data-id=\"135c2870\" data-element_type=\"widget\" data-widget_type=\"heading.default\">\n\t\t\t\t<div class=\"elementor-widget-container\">\n\t\t\t<h2 class=\"elementor-heading-title elementor-size-default\">FLIEGEN F\u00dcR MENSCHEN MIT BEHINDERUNG<\/h2>\t\t<\/div>\n\t\t\t\t<\/div>\n\t\t\t\t<div class=\"elementor-element elementor-element-1b1e3de8 elementor-widget elementor-widget-spacer\" data-id=\"1b1e3de8\" data-element_type=\"widget\" data-widget_type=\"spacer.default\">\n\t\t\t\t<div class=\"elementor-widget-container\">\n\t\t\t\t\t<div class=\"elementor-spacer\">\n\t\t\t<div class=\"elementor-spacer-inner\"><\/div>\n\t\t<\/div>\n\t\t\t\t<\/div>\n\t\t\t\t<\/div>\n\t\t\t\t<section class=\"elementor-section elementor-inner-section elementor-element elementor-element-23b4fe13 elementor-section-full_width elementor-section-height-default elementor-section-height-default\" data-id=\"23b4fe13\" data-element_type=\"section\">\n\t\t\t\t\t\t<div class=\"elementor-container elementor-column-gap-extended\">\n\t\t\t\t\t<div class=\"elementor-column elementor-col-50 elementor-inner-column elementor-element elementor-element-1eb59464\" data-id=\"1eb59464\" data-element_type=\"column\">\n\t\t\t<div class=\"elementor-widget-wrap elementor-element-populated\">\n\t\t\t\t\t\t\t\t<div class=\"elementor-element elementor-element-1f85e681 elementor-widget elementor-widget-text-editor\" data-id=\"1f85e681\" data-element_type=\"widget\" data-widget_type=\"text-editor.default\">\n\t\t\t\t<div class=\"elementor-widget-container\">\n\t\t\t\t\t\t\t<p>Der Leitgedanke der Inklusion wurde in der Hurricane Factory von vorneherein ber\u00fccksichtigt: die 2017 er\u00f6ffnete Location ist komplett barrierefrei. Unser Windkanal ist sowohl mit dem Auto als auch den \u00f6ffentlichen Verkehrsmitteln sehr gut erreichbar und das Fliegen f\u00fcr Menschen mit Behinderung ist bei uns jederzeit m\u00f6glich.<\/p><p>Unsere gesondert geschulten Instruktoren betreuen dich fachgerecht und kompetent. Durch die Zuhilfenahme von bspw. Orthesen, Halswirbels\u00e4ulenprotektoren oder speziell entwickelten Fluganz\u00fcgen k\u00f6nnen wir uns individuell auf jede Art von Beeintr\u00e4chtigung einstellen.<\/p><p>Bevor du einen Termin machst, bitten wir dich mit uns Kontakt aufzunehmen. Nach einem individuellen Vorabgespr\u00e4ch schauen wir gemeinsam, wie wir uns auf das Abenteuer Fliegen bestm\u00f6glich vorbereiten k\u00f6nnen.<\/p><p><span style=\"color: #f6ab15;\"><strong>Und wie w\u00e4r\u2019s mit Outdoor?<\/strong><\/span><br \/>Du hast Lust auf einen Fallschirmsprung? Auch hier bist du bei uns an der richtigen Adresse: Gerne stellen wir den Kontakt zu unseren Partnern <a target=\"_blank\" href=\"https:\/\/www.funjump.de\/sportspringen\/specials\/para-takeoff\/\" rel=\"noopener\"><span style=\"text-decoration: underline;\"><strong><span style=\"color: #000000; text-decoration: underline;\">TAKE OFF Fallschirmsport Fehrbellin<\/span><\/strong><\/span><\/a> und <a target=\"_blank\" href=\"https:\/\/rainbowsuits.com\/portfolio\/tandem-handicap-system-ths-de\" rel=\"noopener\"><span style=\"text-decoration: underline;\"><span style=\"color: #000000; text-decoration: underline;\"><strong>rainbowsuits<\/strong><\/span><\/span><\/a> her, damit auch dieser Traum f\u00fcr dich Realit\u00e4t wird. Unter Zuhilfenahme des speziell entwickelten Tandem Handicap Systems kannst Du hier den Sprung aus einem Flugzeug und den freien Fall im Himmel erleben.<\/p>\t\t\t\t\t\t<\/div>\n\t\t\t\t<\/div>\n\t\t\t\t\t<\/div>\n\t\t<\/div>\n\t\t\t\t<div class=\"elementor-column elementor-col-50 elementor-inner-column elementor-element elementor-element-04d8c05\" data-id=\"04d8c05\" data-element_type=\"column\">\n\t\t\t<div class=\"elementor-widget-wrap elementor-element-populated\">\n\t\t\t\t\t\t\t\t<div class=\"elementor-element elementor-element-fdcc6f5 elementor-widget elementor-widget-video\" data-id=\"fdcc6f5\" data-element_type=\"widget\" data-settings=\"{&quot;video_type&quot;:&quot;hosted&quot;,&quot;show_image_overlay&quot;:&quot;yes&quot;,&quot;image_overlay&quot;:{&quot;url&quot;:&quot;https:\\\/\\\/hurricanefactory.com\\\/berlin\\\/wp-content\\\/uploads\\\/2024\\\/06\\\/Funflyer-Video-Harry-Firsttimer-Handicap.jpg&quot;,&quot;id&quot;:22027,&quot;size&quot;:&quot;&quot;,&quot;alt&quot;:&quot;&quot;,&quot;source&quot;:&quot;library&quot;},&quot;controls&quot;:&quot;yes&quot;}\" data-widget_type=\"video.default\">\n\t\t\t\t<div class=\"elementor-widget-container\">\n\t\t\t\t\t<div class=\"e-hosted-video elementor-wrapper elementor-open-inline\">\n\t\t\t\t\t<video class=\"elementor-video\" src=\"https:\/\/hurricanefactory.com\/berlin\/wp-content\/uploads\/2024\/06\/Funflyer-Video-Harry-Firsttimer-Handicap.mov\" controls=\"\" preload=\"metadata\" controlsList=\"nodownload\"><\/video>\n\t\t\t\t\t\t<div class=\"elementor-custom-embed-image-overlay\" style=\"background-image: url(https:\/\/hurricanefactory.com\/berlin\/wp-content\/uploads\/2024\/06\/Funflyer-Video-Harry-Firsttimer-Handicap-768x1240.jpg);\">\n\t\t\t\t\t\t\t\t\t\t\t\t\t\t\t\t<div class=\"elementor-custom-embed-play\" role=\"button\" aria-label=\"Video abspielen\" tabindex=\"0\">\n\t\t\t\t\t\t\t<i aria-hidden=\"true\" class=\"fas fa-play\"><\/i>\t\t\t\t\t\t\t<span class=\"elementor-screen-only\">Video abspielen<\/span>\n\t\t\t\t\t\t<\/div>\n\t\t\t\t\t\t\t\t\t<\/div>\n\t\t\t\t\t<\/div>\n\t\t\t\t<\/div>\n\t\t\t\t<\/div>\n\t\t\t\t\t<\/div>\n\t\t<\/div>\n\t\t\t\t\t\t\t<\/div>\n\t\t<\/section>\n\t\t\t\t\t<\/div>\n\t\t<\/div>\n\t\t\t\t\t\t\t<\/div>\n\t\t<\/section>\n\t\t\t\t<section class=\"elementor-section elementor-top-section elementor-element elementor-element-622948cf elementor-section-height-min-height elementor-section-items-bottom elementor-section-boxed elementor-section-height-default\" data-id=\"622948cf\" data-element_type=\"section\" data-settings=\"{&quot;background_background&quot;:&quot;classic&quot;}\">\n\t\t\t\t\t\t<div class=\"elementor-container elementor-column-gap-default\">\n\t\t\t\t\t<div class=\"elementor-column elementor-col-100 elementor-top-column elementor-element elementor-element-97558e3\" data-id=\"97558e3\" data-element_type=\"column\">\n\t\t\t<div class=\"elementor-widget-wrap elementor-element-populated\">\n\t\t\t\t\t\t\t\t<div class=\"elementor-element elementor-element-5c92b076 elementor-widget elementor-widget-heading\" data-id=\"5c92b076\" data-element_type=\"widget\" data-widget_type=\"heading.default\">\n\t\t\t\t<div class=\"elementor-widget-container\">\n\t\t\t<h3 class=\"elementor-heading-title elementor-size-default\">IMPOSSIBLE IS JUST A WORD.<\/h3>\t\t<\/div>\n\t\t\t\t<\/div>\n\t\t\t\t\t<\/div>\n\t\t<\/div>\n\t\t\t\t\t\t\t<\/div>\n\t\t<\/section>\n\t\t\t\t<section class=\"elementor-section elementor-top-section elementor-element elementor-element-14e2d00d elementor-section-boxed elementor-section-height-default elementor-section-height-default\" data-id=\"14e2d00d\" data-element_type=\"section\">\n\t\t\t\t\t\t<div class=\"elementor-container elementor-column-gap-default\">\n\t\t\t\t\t<div class=\"elementor-column elementor-col-100 elementor-top-column elementor-element elementor-element-4a3050c8\" data-id=\"4a3050c8\" data-element_type=\"column\">\n\t\t\t<div class=\"elementor-widget-wrap elementor-element-populated\">\n\t\t\t\t\t\t\t\t<div class=\"elementor-element elementor-element-cd412d0 elementor-widget elementor-widget-heading\" data-id=\"cd412d0\" data-element_type=\"widget\" data-widget_type=\"heading.default\">\n\t\t\t\t<div class=\"elementor-widget-container\">\n\t\t\t<span class=\"elementor-heading-title elementor-size-default\">INTERESSANTE LINKS<\/span>\t\t<\/div>\n\t\t\t\t<\/div>\n\t\t\t\t<div class=\"elementor-element elementor-element-4fec1c50 elementor-widget elementor-widget-text-editor\" data-id=\"4fec1c50\" data-element_type=\"widget\" data-widget_type=\"text-editor.default\">\n\t\t\t\t<div class=\"elementor-widget-container\">\n\t\t\t\t\t\t\t<p><span style=\"text-decoration: underline; color: #000000;\"><strong>Fliegen f\u00fcr Menschen mit Behinderung<\/strong><\/span> \u2013 Ein kleiner Einblick <span style=\"color: #ff0000;\">(link coming soon)<\/span><\/p><p><a target=\"_blank\" href=\"https:\/\/rainbowsuits.com\/portfolio\/tandem-handicap-system-ths-de\" rel=\"noopener\"><span style=\"text-decoration: underline; color: #000000;\"><strong>rainbowsuits<\/strong><\/span><\/a> \u2013 Manufaktur f\u00fcr Spezialanfertigungen rund um den Fallschirmsport und Indoor Skydiving<\/p><p><a target=\"_blank\" href=\"https:\/\/www.funjump.de\/sportspringen\/specials\/para-takeoff\/\" rel=\"noopener\"><span style=\"text-decoration: underline; color: #000000;\"><strong>TAKE OFF Fallschirmsport<\/strong><\/span><\/a> \u2013 Tandemspringen im Fallschirmsprung-Zentrum Fehrbellin bei Berlin<\/p><p><a target=\"_blank\" href=\"https:\/\/www.mdr.de\/s\/slbextremsport\" rel=\"noopener\"><span style=\"text-decoration: underline; color: #000000;\"><strong>mdr Mediathek<\/strong><\/span><\/a> \u2013 Bericht mit Niko Johann in: \u201eWas reizt uns am Extremen? fragt Mathias Mester\u201c<\/p>\t\t\t\t\t\t<\/div>\n\t\t\t\t<\/div>\n\t\t\t\t\t<\/div>\n\t\t<\/div>\n\t\t\t\t\t\t\t<\/div>\n\t\t<\/section>\n\t\t\t\t\t\t\t<\/div>\n\t\t","protected":false},"excerpt":{"rendered":"<p>FLIEGEN F\u00dcR MENSCHEN MIT BEHINDERUNG JETZT ABHEBEN FLIEGEN F\u00dcR MENSCHEN MIT BEHINDERUNG Der Leitgedanke der Inklusion wurde in der Hurricane Factory von vorneherein ber\u00fccksichtigt: die 2017 er\u00f6ffnete Location ist komplett barrierefrei. Unser Windkanal ist sowohl mit dem Auto als auch den \u00f6ffentlichen Verkehrsmitteln sehr gut erreichbar und das Fliegen f\u00fcr Menschen mit Behinderung ist bei [&hellip;]<\/p>\n","protected":false},"author":2,"featured_media":0,"parent":0,"menu_order":0,"comment_status":"closed","ping_status":"closed","template":"","meta":{"inline_featured_image":false,"footnotes":""},"_links":{"self":[{"href":"https:\/\/hurricanefactory.com\/berlin\/wp-json\/wp\/v2\/pages\/21996"}],"collection":[{"href":"https:\/\/hurricanefactory.com\/berlin\/wp-json\/wp\/v2\/pages"}],"about":[{"href":"https:\/\/hurricanefactory.com\/berlin\/wp-json\/wp\/v2\/types\/page"}],"author":[{"embeddable":true,"href":"https:\/\/hurricanefactory.com\/berlin\/wp-json\/wp\/v2\/users\/2"}],"replies":[{"embeddable":true,"href":"https:\/\/hurricanefactory.com\/berlin\/wp-json\/wp\/v2\/comments?post=21996"}],"version-history":[{"count":6,"href":"https:\/\/hurricanefactory.com\/berlin\/wp-json\/wp\/v2\/pages\/21996\/revisions"}],"predecessor-version":[{"id":22502,"href":"https:\/\/hurricanefactory.com\/berlin\/wp-json\/wp\/v2\/pages\/21996\/revisions\/22502"}],"wp:attachment":[{"href":"https:\/\/hurricanefactory.com\/berlin\/wp-json\/wp\/v2\/media?parent=21996"}],"curies":[{"name":"wp","href":"https:\/\/api.w.org\/{rel}","templated":true}]}}