 









{"id":4145,"date":"2020-09-11T10:01:29","date_gmt":"2020-09-11T08:01:29","guid":{"rendered":"https:\/\/hfde.yes.sk\/?page_id=4145"},"modified":"2020-09-11T10:02:35","modified_gmt":"2020-09-11T08:02:35","slug":"privacy","status":"publish","type":"page","link":"https:\/\/hurricanefactory.com\/berlin\/en\/privacy\/","title":{"rendered":"Privacy"},"content":{"rendered":"\t\t<div data-elementor-type=\"wp-page\" data-elementor-id=\"4145\" class=\"elementor elementor-4145\" data-elementor-post-type=\"page\">\n\t\t\t\t\t\t\t\t\t<section class=\"elementor-section elementor-top-section elementor-element elementor-element-70e53f5 elementor-section-boxed elementor-section-height-default elementor-section-height-default\" data-id=\"70e53f5\" data-element_type=\"section\">\n\t\t\t\t\t\t<div class=\"elementor-container elementor-column-gap-default\">\n\t\t\t\t\t<div class=\"elementor-column elementor-col-100 elementor-top-column elementor-element elementor-element-73d11cf\" data-id=\"73d11cf\" data-element_type=\"column\">\n\t\t\t<div class=\"elementor-widget-wrap elementor-element-populated\">\n\t\t\t\t\t\t\t\t<div class=\"elementor-element elementor-element-7b0028f elementor-widget elementor-widget-text-editor\" data-id=\"7b0028f\" data-element_type=\"widget\" data-widget_type=\"text-editor.default\">\n\t\t\t\t<div class=\"elementor-widget-container\">\n\t\t\t\t\t\t\t<h2 class=\"text-justify\"><strong>DATENSCHUTZ<\/strong><\/h2><h4 class=\"text-justify\"><strong>1. Allgemeine Informationen zu Datenschutz und Datensicherheit<\/strong><\/h4><div class=\"text-justify\">Die Hurricane Factory-Datenschutzpraxis (im weiteren HF steht im Einklang mit den datenschutzrechtlichen Bestimmungen wie dem Bundesdatenschutzgesetz (BDSG) und dem Telemediengesetz (TMG).<br \/>HF benutzt sichere Technologie: Die HF-Sicherheitsserver-Software SSL (Secure-Socket-Layer) verschl\u00fcsselt Ihre gesamten pers\u00f6nlichen Daten wie Kreditkartennummer, Name und Adresse sowie alle Bestelldaten. Diese Informationen k\u00f6nnen bei der \u00dcbertragung im Internet nicht von Unbefugten gelesen werden. Bei der Verschl\u00fcsselung werden die von Ihnen eingegebenen Zeichen in einen Code verwandelt, der sicher im Internet \u00fcbertragen werden kann.<br \/>Bei HF werden alle Kundeninformationen auf sicheren Servern gespeichert, die nicht f\u00fcr Unbefugte zug\u00e4nglich sind und durch eine &#8220;Firewall&#8221; vor dem Zugriff von au\u00dfen gesch\u00fctzt sind.<\/div><div class=\"text-justify\">\u00a0<\/div><h4 class=\"text-justify\"><strong>2. Welche Informationen sammelt HF und wie werden sie verwendet?<\/strong><\/h4><div class=\"text-justify\">Die Flug-Erlebnisse der HF k\u00f6nnen Sie zun\u00e4chst einmal kennen lernen, ohne Angaben zu Ihrer Person machen zu m\u00fcssen. Eine Registrierung ist hierzu nicht notwendig. Beim Besuch der HF-Webseite wird von unserem Webserver die IP-Adresse des Rechners gespeichert. Diese IP-Adresse ist nicht personenbezogen und kann im Rahmen von statistischen Auswertungen von HF genutzt werden.<br \/>Wenn Sie bei HF eine Bestellung oder Buchung t\u00e4tigen, ist es notwendig personenbezogene Daten wie z.B., Ihren Namen, E-Mail-Adresse, Versandadresse, sowie, falls Sie mit Kreditkarte bezahlen, Kreditkartennummer und das Ablaufdatum der Kreditkarte anzugeben. So kann HF Ihren Auftrag bearbeiten und ausf\u00fchren. Falls Sie das erste Mal bei HF bestellen oder buchen, k\u00f6nnen Sie einen Benutzernamen und ein Passwort vergeben. Nur mit diesen Zugangsdaten ist ein Zugriff auf Ihre pers\u00f6nlichen Daten m\u00f6glich. In Verbindung mit diesem Zugriff speichert HF Ihre Adressdaten damit diese bei einer weiteren Bestellung vorbelegt werden k\u00f6nnen.<br \/><br \/>Zudem werden personenbezogene Daten gespeichert:<br \/><br \/>o bei der Teilnahme an Gewinnspielen<br \/>o bei Kataloganforderungen<br \/>o bei der Kontaktaufnahme mit uns<br \/>o beim Newsletter abonnieren\/ abbestellen<br \/>\u00a0<\/div><h4 class=\"text-justify\"><strong>3. Einsatz von Cookies?<\/strong><\/h4><div class=\"text-justify\">Um die Funktion der HF-Webseite zu gew\u00e4hrleisten und um Ihren Bed\u00fcrfnissen als Kunde optimal gerecht werden zu k\u00f6nnen, setzt HF sog. &#8220;Cookies&#8221; ein. Hierbei handelt es sich um kleine Textdateien, die Ihre Sitzungskennung enthalten. Dies ist notwendig um den Besucher w\u00e4hrend der aktiven Sitzung wieder zu erkennen. Solche arbeitsplatzbezogenen Cookies gelten nur pro Sitzung (&#8220;Session Cookies&#8221;) und werden sp\u00e4testens bei &#8220;Schliessen&#8221; aller Browserfenster unwirksam. Ohne eine Aktivierung dieser &#8220;Session Cookies&#8221; in Ihrem Browser ist ein Einkauf bei HF nicht m\u00f6glich. Des Weiteren analysiert HF das Nutzungsverhalten auf der HF-Webseite mit sog. &#8220;Tracking Cookies&#8221;. Diese sind anonym. Es ist nicht m\u00f6glich und auch nicht gew\u00fcnscht, aus diesen Informationen auf das Nutzungsverhalten einer bestimmten Person zu schlie\u00dfen.<br \/>Diese Website benutzt auch Google Analytics, einen Webanalysedienst der Google Inc. (\u201eGoogle\u201c). Google Analytics verwendet sog. \u201eCookies\u201c, Textdateien, die auf Ihrem Computer gespeichert werden und die eine Analyse der Benutzung der Website durch Sie erm\u00f6glichen. Die durch den Cookie erzeugten Informationen \u00fcber Ihre Benutzung dieser Website werden in der Regel an einen Server von Google in den USA \u00fcbertragen und dort gespeichert. Wir weisen Sie darauf hin, dass auf dieser Webseite Google Analytics um den Code \u201egat._anonymizeIp();\u201c erweitert wurde, um eine anonymisierte Erfassung von IP-Adressen (sog. IP-Masking) zu gew\u00e4hrleisten. Im Auftrag des Betreibers dieser Website wird Google diese Informationen benutzen, um Ihre Nutzung der Website auszuwerten, um Reports \u00fcber die Websiteaktivit\u00e4ten zusammenzustellen und um weitere mit der Websitenutzung und der Internetnutzung verbundene Dienstleistungen gegen\u00fcber dem Websitebetreiber zu erbringen. Die im Rahmen von Google Analytics von Ihrem Browser \u00fcbermittelte IP-Adresse wird nicht mit anderen Daten von Google zusammengef\u00fchrt. Sie k\u00f6nnen die Speicherung der Cookies durch eine entsprechende Einstellung Ihrer Browser-Software verhindern; wir weisen Sie jedoch darauf hin, dass Sie in diesem Fall gegebenenfalls nicht s\u00e4mtliche Funktionen dieser Website vollumf\u00e4nglich werden nutzen k\u00f6nnen. Sie k\u00f6nnen dar\u00fcber hinaus die Erfassung der durch das Cookie erzeugten und auf Ihre Nutzung der Website bezogenen Daten (inkl. Ihrer IP-Adresse) an Google sowie die Verarbeitung dieser Daten durch Google verhindern, indem sie das unter dem folgenden Link (http:\/\/tools.google.com\/dlpage\/gaoptout?hl=de) verf\u00fcgbare Browser-Plugin herunterladen und installieren. Wir nutzen Google Analytics zudem dazu, Daten aus AdWords zu statistischen Zwecken auszuwerten. Sollten Sie dies nicht w\u00fcnschen, k\u00f6nnen Sie dies \u00fcber den Anzeigenvorgaben-Manager (http:\/\/www.google.com\/settings\/ads\/onweb\/?hl=de) deaktivieren.<br \/>\u00a0<\/div><h4 class=\"text-justify\"><strong>4. Durchsetzung und Einhaltung des Datenschutzes<\/strong><\/h4><div class=\"text-justify\">HF gibt grunds\u00e4tzlich keine pers\u00f6nlichen Daten oder Informationen an Dritte weiter. Ausgenommen sind Dienstleistungspartner, welche zur Abwicklung Ihrer Bestellung Daten einfordern. Hierzu z\u00e4hlen unter anderem Transportunternehmen (Deutsche Post AG, Speditionen etc.). Die \u00dcbermittlung von Daten an Dienstleistungspartner erfolgt nach den Bestimmungen des Bundesdatenschutzgesetzes (BDSG). Der Umfang beschr\u00e4nkt sich hierbei auf das notwendige Minimum. Dienstleister z\u00e4hlen datenschutzrechtlich nicht zu Dritten. HF verpflichtet sich Daten lediglich zu eigenen Zwecken sowie zu Zwecken der Abwicklung von unter Mitwirkung von HF zustande gekommenen Vertr\u00e4gen zu nutzen. HF verwendet Ihre auf der HF-Webseite eingegebenen Daten f\u00fcr nichts, dessen Sie nicht ausdr\u00fccklich zugestimmt haben. HF gibt Ihnen gem\u00e4\u00df \u00a7 34 BDSG jederzeit Auskunft dar\u00fcber, welche Daten von Ihnen gespeichert sind.<br \/>\u00a0<\/div><h4 class=\"text-justify\"><strong>5. Sonstiges<\/strong><\/h4><div class=\"text-justify\">HF weist darauf hin, dass Sie von der HF-Webseite \u00fcber Links zu Webseiten Dritter gelangen k\u00f6nnen. Diese externen Webseiten wurden von uns beim Setzen der Links sorgf\u00e4ltig gepr\u00fcft. Dennoch ist eine Ver\u00e4nderung der Inhalte im Nachhinein nicht auszuschlie\u00dfen. HF ist nicht verpflichtet, diese st\u00e4ndig zu pr\u00fcfen und \u00fcbernimmt daher keinerlei Haftung f\u00fcr die Datenschutzrichtlinien dieser Webseiten. Zu Ihrer eigenen Sicherheit lesen Sie bitte deren Datenschutzbestimmungen sorgf\u00e4ltig durch.<br \/><br \/>Dieses Dokument k\u00f6nnen Sie \u00fcber die Druckfunktion Ihres Browsers drucken.\u00a0<\/div>\t\t\t\t\t\t<\/div>\n\t\t\t\t<\/div>\n\t\t\t\t\t<\/div>\n\t\t<\/div>\n\t\t\t\t\t\t\t<\/div>\n\t\t<\/section>\n\t\t\t\t\t\t\t<\/div>\n\t\t","protected":false},"excerpt":{"rendered":"<p>DATENSCHUTZ 1. Allgemeine Informationen zu Datenschutz und Datensicherheit Die Hurricane Factory-Datenschutzpraxis (im weiteren HF steht im Einklang mit den datenschutzrechtlichen Bestimmungen wie dem Bundesdatenschutzgesetz (BDSG) und dem Telemediengesetz (TMG).HF benutzt sichere Technologie: Die HF-Sicherheitsserver-Software SSL (Secure-Socket-Layer) verschl\u00fcsselt Ihre gesamten pers\u00f6nlichen Daten wie Kreditkartennummer, Name und Adresse sowie alle Bestelldaten. Diese Informationen k\u00f6nnen bei der \u00dcbertragung [&hellip;]<\/p>\n","protected":false},"author":1,"featured_media":0,"parent":0,"menu_order":0,"comment_status":"closed","ping_status":"closed","template":"","meta":{"inline_featured_image":false,"footnotes":""},"_links":{"self":[{"href":"https:\/\/hurricanefactory.com\/berlin\/en\/wp-json\/wp\/v2\/pages\/4145"}],"collection":[{"href":"https:\/\/hurricanefactory.com\/berlin\/en\/wp-json\/wp\/v2\/pages"}],"about":[{"href":"https:\/\/hurricanefactory.com\/berlin\/en\/wp-json\/wp\/v2\/types\/page"}],"author":[{"embeddable":true,"href":"https:\/\/hurricanefactory.com\/berlin\/en\/wp-json\/wp\/v2\/users\/1"}],"replies":[{"embeddable":true,"href":"https:\/\/hurricanefactory.com\/berlin\/en\/wp-json\/wp\/v2\/comments?post=4145"}],"version-history":[{"count":2,"href":"https:\/\/hurricanefactory.com\/berlin\/en\/wp-json\/wp\/v2\/pages\/4145\/revisions"}],"predecessor-version":[{"id":4147,"href":"https:\/\/hurricanefactory.com\/berlin\/en\/wp-json\/wp\/v2\/pages\/4145\/revisions\/4147"}],"wp:attachment":[{"href":"https:\/\/hurricanefactory.com\/berlin\/en\/wp-json\/wp\/v2\/media?parent=4145"}],"curies":[{"name":"wp","href":"https:\/\/api.w.org\/{rel}","templated":true}]}}